{"id":828,"date":"2025-04-24T14:03:01","date_gmt":"2025-04-24T17:03:01","guid":{"rendered":"https:\/\/educacao.cacador.sc.gov.br\/?page_id=828"},"modified":"2025-10-31T15:25:16","modified_gmt":"2025-10-31T18:25:16","slug":"escolas-de-pais-e-maes","status":"publish","type":"page","link":"https:\/\/educacaocacador.com.br\/?page_id=828","title":{"rendered":"Escolas de Pais e M\u00e3es!"},"content":{"rendered":"\n<p>O projeto <strong>Escola de Pais e M\u00e3es<\/strong> segue fortalecendo o di\u00e1logo e a parceria entre fam\u00edlia e escola. Os pr\u00f3ximos encontros j\u00e1 est\u00e3o programados e acontecer\u00e3o ao longo dos pr\u00f3ximos meses, conforme as datas divulgadas no folder abaixo.<\/p>\n\n\n\n<p>A cada encontro, ser\u00e3o trabalhados temas voltados \u00e0 educa\u00e7\u00e3o, conviv\u00eancia familiar e desenvolvimento das crian\u00e7as, criando um espa\u00e7o de escuta, troca de experi\u00eancias e constru\u00e7\u00e3o conjunta.<\/p>\n\n\n\n<p>\ud83d\udcc5 <strong>Confira abaixo os dias e locais dos encontros:<\/strong><\/p>\n\n\n\n<p class=\"has-vivid-cyan-blue-color has-text-color has-link-color wp-elements-05632029db11419b895fe2527d27a9af\"><\/p>\n\n\n\n<figure class=\"wp-block-image size-large\"><img  title=\"\" loading=\"lazy\" decoding=\"async\" width=\"819\" height=\"1024\" src=\"https:\/\/educacaocacador.com.br\/wp-content\/uploads\/2025\/10\/paisemaesetapa2-819x1024.jpeg\"  alt=\"paisemaesetapa2-819x1024 Escolas de Pais e M\u00e3es! %image\"  class=\"wp-image-2403\" srcset=\"https:\/\/educacaocacador.com.br\/wp-content\/uploads\/2025\/10\/paisemaesetapa2-819x1024.jpeg 819w, https:\/\/educacaocacador.com.br\/wp-content\/uploads\/2025\/10\/paisemaesetapa2-240x300.jpeg 240w, https:\/\/educacaocacador.com.br\/wp-content\/uploads\/2025\/10\/paisemaesetapa2-768x960.jpeg 768w, https:\/\/educacaocacador.com.br\/wp-content\/uploads\/2025\/10\/paisemaesetapa2.jpeg 1024w\" sizes=\"auto, (max-width: 819px) 100vw, 819px\" \/><\/figure>\n","protected":false},"excerpt":{"rendered":"<p>O projeto Escola de Pais e M\u00e3es segue fortalecendo o di\u00e1logo e a parceria entre fam\u00edlia e escola. Os pr\u00f3ximos encontros j\u00e1 est\u00e3o programados e acontecer\u00e3o ao longo dos pr\u00f3ximos meses, conforme as datas divulgadas no folder abaixo. A cada encontro, ser\u00e3o trabalhados temas voltados \u00e0 educa\u00e7\u00e3o, conviv\u00eancia familiar e desenvolvimento das crian\u00e7as, criando um [&hellip;]<\/p>\n","protected":false},"author":2,"featured_media":0,"parent":0,"menu_order":0,"comment_status":"closed","ping_status":"closed","template":"","meta":{"_acf_changed":false,"footnotes":""},"class_list":["post-828","page","type-page","status-publish","hentry"],"acf":[],"_links":{"self":[{"href":"https:\/\/educacaocacador.com.br\/index.php?rest_route=\/wp\/v2\/pages\/828","targetHints":{"allow":["GET"]}}],"collection":[{"href":"https:\/\/educacaocacador.com.br\/index.php?rest_route=\/wp\/v2\/pages"}],"about":[{"href":"https:\/\/educacaocacador.com.br\/index.php?rest_route=\/wp\/v2\/types\/page"}],"author":[{"embeddable":true,"href":"https:\/\/educacaocacador.com.br\/index.php?rest_route=\/wp\/v2\/users\/2"}],"replies":[{"embeddable":true,"href":"https:\/\/educacaocacador.com.br\/index.php?rest_route=%2Fwp%2Fv2%2Fcomments&post=828"}],"version-history":[{"count":4,"href":"https:\/\/educacaocacador.com.br\/index.php?rest_route=\/wp\/v2\/pages\/828\/revisions"}],"predecessor-version":[{"id":2404,"href":"https:\/\/educacaocacador.com.br\/index.php?rest_route=\/wp\/v2\/pages\/828\/revisions\/2404"}],"wp:attachment":[{"href":"https:\/\/educacaocacador.com.br\/index.php?rest_route=%2Fwp%2Fv2%2Fmedia&parent=828"}],"curies":[{"name":"wp","href":"https:\/\/api.w.org\/{rel}","templated":true}]}}