{"id":72,"date":"2025-04-03T14:19:37","date_gmt":"2025-04-03T17:19:37","guid":{"rendered":"http:\/\/educacaocacador.duckdns.org\/?page_id=72"},"modified":"2026-02-19T08:34:04","modified_gmt":"2026-02-19T11:34:04","slug":"1o-ano","status":"publish","type":"page","link":"https:\/\/educacaocacador.com.br\/?page_id=72","title":{"rendered":"1\u00ba ano"},"content":{"rendered":"\n<p class=\"has-white-color has-midnight-gradient-background has-text-color has-background has-link-color wp-elements-8d8753c672aa6a1c5ca3cb52322f1f1c\">ARTE <\/p>\n\n\n\n<div data-wp-interactive=\"core\/file\" class=\"wp-block-file\"><object data-wp-bind--hidden=\"!state.hasPdfPreview\" hidden class=\"wp-block-file__embed\" data=\"https:\/\/educacaocacador.com.br\/wp-content\/uploads\/2026\/02\/ARTE-PLANEJAMENTO-ANUAL-FUNDAMENTAL-I-2026.docx-1-1.pdf\" type=\"application\/pdf\" style=\"width:100%;height:600px\" aria-label=\"Incorporado de ARTE-  PLANEJAMENTO ANUAL FUNDAMENTAL I - 2026.docx (1) (1).\"><\/object><a id=\"wp-block-file--media-ef7610c8-74cb-487f-a055-ad3b6ad4c036\" href=\"https:\/\/educacaocacador.com.br\/wp-content\/uploads\/2026\/02\/ARTE-PLANEJAMENTO-ANUAL-FUNDAMENTAL-I-2026.docx-1-1.pdf\">ARTE-  PLANEJAMENTO ANUAL FUNDAMENTAL I &#8211; 2026.docx (1) (1)<\/a><a href=\"https:\/\/educacaocacador.com.br\/wp-content\/uploads\/2026\/02\/ARTE-PLANEJAMENTO-ANUAL-FUNDAMENTAL-I-2026.docx-1-1.pdf\" class=\"wp-block-file__button wp-element-button\" download aria-describedby=\"wp-block-file--media-ef7610c8-74cb-487f-a055-ad3b6ad4c036\">Baixar<\/a><\/div>\n\n\n\n<p class=\"has-white-color has-midnight-gradient-background has-text-color has-background has-link-color wp-elements-784082237282f5a4a999881b1cece0bb\">CI\u00caNCIAS <\/p>\n\n\n\n<div data-wp-interactive=\"core\/file\" class=\"wp-block-file\"><object data-wp-bind--hidden=\"!state.hasPdfPreview\" hidden class=\"wp-block-file__embed\" data=\"https:\/\/educacaocacador.com.br\/wp-content\/uploads\/2026\/02\/1o-Ano-Planejamento-Ciencias-.pdf\" type=\"application\/pdf\" style=\"width:100%;height:600px\" aria-label=\"Incorporado de 1\u00ba Ano - Planejamento - Ci\u00eancias.\"><\/object><a id=\"wp-block-file--media-81f02b57-a4b8-4283-ad2c-1aba437ec51e\" href=\"https:\/\/educacaocacador.com.br\/wp-content\/uploads\/2026\/02\/1o-Ano-Planejamento-Ciencias-.pdf\">1\u00ba Ano &#8211; Planejamento &#8211; Ci\u00eancias<\/a><a href=\"https:\/\/educacaocacador.com.br\/wp-content\/uploads\/2026\/02\/1o-Ano-Planejamento-Ciencias-.pdf\" class=\"wp-block-file__button wp-element-button\" download aria-describedby=\"wp-block-file--media-81f02b57-a4b8-4283-ad2c-1aba437ec51e\">Baixar<\/a><\/div>\n\n\n\n<p class=\"has-white-color has-midnight-gradient-background has-text-color has-background has-link-color wp-elements-ead0271c1c7f2866101b146a07b4480f\">EDUCA\u00c7\u00c3O F\u00cdSICA <\/p>\n\n\n\n<div data-wp-interactive=\"core\/file\" class=\"wp-block-file\"><object data-wp-bind--hidden=\"!state.hasPdfPreview\" hidden class=\"wp-block-file__embed\" data=\"https:\/\/educacaocacador.com.br\/wp-content\/uploads\/2026\/02\/PLANEJAMENTO-EDUCACAO-FISICA-1o-ANO-1o-TRIMESTRE.pdf\" type=\"application\/pdf\" style=\"width:100%;height:600px\" aria-label=\"Incorporado de PLANEJAMENTO - EDUCA\u00c7\u00c3O F\u00cdSICA - 1\u00ba ANO - 1\u00ba TRIMESTRE.\"><\/object><a id=\"wp-block-file--media-e5917f3b-18bd-4e77-8733-8d15631379ec\" href=\"https:\/\/educacaocacador.com.br\/wp-content\/uploads\/2026\/02\/PLANEJAMENTO-EDUCACAO-FISICA-1o-ANO-1o-TRIMESTRE.pdf\">PLANEJAMENTO &#8211; EDUCA\u00c7\u00c3O F\u00cdSICA &#8211; 1\u00ba ANO &#8211; 1\u00ba TRIMESTRE<\/a><a href=\"https:\/\/educacaocacador.com.br\/wp-content\/uploads\/2026\/02\/PLANEJAMENTO-EDUCACAO-FISICA-1o-ANO-1o-TRIMESTRE.pdf\" class=\"wp-block-file__button wp-element-button\" download aria-describedby=\"wp-block-file--media-e5917f3b-18bd-4e77-8733-8d15631379ec\">Baixar<\/a><\/div>\n\n\n\n<p class=\"has-white-color has-midnight-gradient-background has-text-color has-background has-link-color wp-elements-41a6793d7889d41f9c2c593b70aae8c4\">ENSINO RELIGIOSO<\/p>\n\n\n\n<div data-wp-interactive=\"core\/file\" class=\"wp-block-file\"><object data-wp-bind--hidden=\"!state.hasPdfPreview\" hidden class=\"wp-block-file__embed\" data=\"https:\/\/educacaocacador.com.br\/wp-content\/uploads\/2026\/02\/1o-Ano-Planejamento-Ensino-Religioso-1.pdf\" type=\"application\/pdf\" style=\"width:100%;height:600px\" aria-label=\"Incorporado de 1\u00ba Ano - Planejamento - Ensino Religioso  (1).\"><\/object><a id=\"wp-block-file--media-1516080a-d5aa-43fe-866a-57a71932d06a\" href=\"https:\/\/educacaocacador.com.br\/wp-content\/uploads\/2026\/02\/1o-Ano-Planejamento-Ensino-Religioso-1.pdf\">1\u00ba Ano &#8211; Planejamento &#8211; Ensino Religioso  (1)<\/a><a href=\"https:\/\/educacaocacador.com.br\/wp-content\/uploads\/2026\/02\/1o-Ano-Planejamento-Ensino-Religioso-1.pdf\" class=\"wp-block-file__button wp-element-button\" download aria-describedby=\"wp-block-file--media-1516080a-d5aa-43fe-866a-57a71932d06a\">Baixar<\/a><\/div>\n\n\n\n<p class=\"has-white-color has-midnight-gradient-background has-text-color has-background has-link-color wp-elements-8136976aee2e8d9b8ee9aad20dbc213b\">FILOSOFIA <\/p>\n\n\n\n<div data-wp-interactive=\"core\/file\" class=\"wp-block-file\"><object data-wp-bind--hidden=\"!state.hasPdfPreview\" hidden class=\"wp-block-file__embed\" data=\"https:\/\/educacaocacador.com.br\/wp-content\/uploads\/2026\/02\/1o-Ano-2026.pdf\" type=\"application\/pdf\" style=\"width:100%;height:600px\" aria-label=\"Incorporado de 1\u00ba Ano - 2026.\"><\/object><a id=\"wp-block-file--media-3476d563-911d-43ed-a21f-d5ac46f52d05\" href=\"https:\/\/educacaocacador.com.br\/wp-content\/uploads\/2026\/02\/1o-Ano-2026.pdf\">1\u00ba Ano &#8211; 2026<\/a><a href=\"https:\/\/educacaocacador.com.br\/wp-content\/uploads\/2026\/02\/1o-Ano-2026.pdf\" class=\"wp-block-file__button wp-element-button\" download aria-describedby=\"wp-block-file--media-3476d563-911d-43ed-a21f-d5ac46f52d05\">Baixar<\/a><\/div>\n\n\n\n<p class=\"has-white-color has-midnight-gradient-background has-text-color has-background has-link-color wp-elements-82fe6ebd7002498767fbfcc37cb3c60e\">GEOGRAFIA<\/p>\n\n\n\n<div data-wp-interactive=\"core\/file\" class=\"wp-block-file\"><object data-wp-bind--hidden=\"!state.hasPdfPreview\" hidden class=\"wp-block-file__embed\" data=\"https:\/\/educacaocacador.com.br\/wp-content\/uploads\/2026\/02\/1o-Ano-Planejamento-Geografia-1.pdf\" type=\"application\/pdf\" style=\"width:100%;height:600px\" aria-label=\"Incorporado de 1\u00ba Ano -  Planejamento - Geografia (1).\"><\/object><a id=\"wp-block-file--media-6b244537-8b0d-4268-a958-eb9fc202e6cb\" href=\"https:\/\/educacaocacador.com.br\/wp-content\/uploads\/2026\/02\/1o-Ano-Planejamento-Geografia-1.pdf\">1\u00ba Ano &#8211;  Planejamento &#8211; Geografia (1)<\/a><a href=\"https:\/\/educacaocacador.com.br\/wp-content\/uploads\/2026\/02\/1o-Ano-Planejamento-Geografia-1.pdf\" class=\"wp-block-file__button wp-element-button\" download aria-describedby=\"wp-block-file--media-6b244537-8b0d-4268-a958-eb9fc202e6cb\">Baixar<\/a><\/div>\n\n\n\n<p class=\"has-white-color has-midnight-gradient-background has-text-color has-background has-link-color wp-elements-a05b74922f5f054aeea3a39c616d74ec\">HIST\u00d3RIA <\/p>\n\n\n\n<div data-wp-interactive=\"core\/file\" class=\"wp-block-file\"><object data-wp-bind--hidden=\"!state.hasPdfPreview\" hidden class=\"wp-block-file__embed\" data=\"https:\/\/educacaocacador.com.br\/wp-content\/uploads\/2026\/02\/1o-Ano-Planejamento-Historia-1o-Trimestre.pdf\" type=\"application\/pdf\" style=\"width:100%;height:600px\" aria-label=\"Incorporado de 1\u00ba Ano - Planejamento - Hist\u00f3ria 1\u00ba Trimestre.\"><\/object><a id=\"wp-block-file--media-2e951895-797b-4ed1-993d-75984119cd39\" href=\"https:\/\/educacaocacador.com.br\/wp-content\/uploads\/2026\/02\/1o-Ano-Planejamento-Historia-1o-Trimestre.pdf\">1\u00ba Ano &#8211; Planejamento &#8211; Hist\u00f3ria 1\u00ba Trimestre<\/a><a href=\"https:\/\/educacaocacador.com.br\/wp-content\/uploads\/2026\/02\/1o-Ano-Planejamento-Historia-1o-Trimestre.pdf\" class=\"wp-block-file__button wp-element-button\" download aria-describedby=\"wp-block-file--media-2e951895-797b-4ed1-993d-75984119cd39\">Baixar<\/a><\/div>\n\n\n\n<p class=\"has-white-color has-midnight-gradient-background has-text-color has-background has-link-color wp-elements-de4445ab4d8aa3f21b6f249d2757450d\">L\u00cdNGUA INGLESA<\/p>\n\n\n\n<div data-wp-interactive=\"core\/file\" class=\"wp-block-file\"><object data-wp-bind--hidden=\"!state.hasPdfPreview\" hidden class=\"wp-block-file__embed\" data=\"https:\/\/educacaocacador.com.br\/wp-content\/uploads\/2026\/02\/LINGUA-INGLESA-PLANEJAMENTO-ANUAL-2026-1-ao-5-ano.docx-4.pdf\" type=\"application\/pdf\" style=\"width:100%;height:600px\" aria-label=\"Incorporado de _L\u00cdNGUA INGLESA - PLANEJAMENTO ANUAL - 2026 - 1 ao 5 ano.docx.\"><\/object><a id=\"wp-block-file--media-475e12ae-9e4d-48ab-b4d1-9c3b8d82a9b2\" href=\"https:\/\/educacaocacador.com.br\/wp-content\/uploads\/2026\/02\/LINGUA-INGLESA-PLANEJAMENTO-ANUAL-2026-1-ao-5-ano.docx-4.pdf\">_L\u00cdNGUA INGLESA &#8211; PLANEJAMENTO ANUAL &#8211; 2026 &#8211; 1 ao 5 ano.docx<\/a><a href=\"https:\/\/educacaocacador.com.br\/wp-content\/uploads\/2026\/02\/LINGUA-INGLESA-PLANEJAMENTO-ANUAL-2026-1-ao-5-ano.docx-4.pdf\" class=\"wp-block-file__button wp-element-button\" download aria-describedby=\"wp-block-file--media-475e12ae-9e4d-48ab-b4d1-9c3b8d82a9b2\">Baixar<\/a><\/div>\n\n\n\n<p class=\"has-white-color has-midnight-gradient-background has-text-color has-background has-link-color wp-elements-5d21da44d0023f23c7db7c38b6254611\">L\u00cdNGUA PORTUGUESA <\/p>\n\n\n\n<div data-wp-interactive=\"core\/file\" class=\"wp-block-file\"><object data-wp-bind--hidden=\"!state.hasPdfPreview\" hidden class=\"wp-block-file__embed\" data=\"https:\/\/educacaocacador.com.br\/wp-content\/uploads\/2026\/02\/1o-Ano-Planejamento-Lingua-Portuguesa-.pdf\" type=\"application\/pdf\" style=\"width:100%;height:600px\" aria-label=\"Incorporado de 1\u00ba Ano - Planejamento - L\u00edngua Portuguesa -.\"><\/object><a id=\"wp-block-file--media-cf52d4a5-91f7-4c85-9062-499da3751c83\" href=\"https:\/\/educacaocacador.com.br\/wp-content\/uploads\/2026\/02\/1o-Ano-Planejamento-Lingua-Portuguesa-.pdf\">1\u00ba Ano &#8211; Planejamento &#8211; L\u00edngua Portuguesa &#8211;<\/a><a href=\"https:\/\/educacaocacador.com.br\/wp-content\/uploads\/2026\/02\/1o-Ano-Planejamento-Lingua-Portuguesa-.pdf\" class=\"wp-block-file__button wp-element-button\" download aria-describedby=\"wp-block-file--media-cf52d4a5-91f7-4c85-9062-499da3751c83\">Baixar<\/a><\/div>\n\n\n\n<p class=\"has-white-color has-midnight-gradient-background has-text-color has-background has-link-color wp-elements-1b7dd1768815ddba7798c8a9f233e229\">MATEM\u00c1TICA <\/p>\n\n\n\n<div data-wp-interactive=\"core\/file\" class=\"wp-block-file\"><object data-wp-bind--hidden=\"!state.hasPdfPreview\" hidden class=\"wp-block-file__embed\" data=\"https:\/\/educacaocacador.com.br\/wp-content\/uploads\/2026\/02\/1o-Ano-Planejamento-Matematica.pdf\" type=\"application\/pdf\" style=\"width:100%;height:600px\" aria-label=\"Incorporado de 1\u00ba Ano - Planejamento - Matem\u00e1tica.\"><\/object><a id=\"wp-block-file--media-c585ffeb-354f-4b84-8957-d2b08022da60\" href=\"https:\/\/educacaocacador.com.br\/wp-content\/uploads\/2026\/02\/1o-Ano-Planejamento-Matematica.pdf\">1\u00ba Ano &#8211; Planejamento &#8211; Matem\u00e1tica<\/a><a href=\"https:\/\/educacaocacador.com.br\/wp-content\/uploads\/2026\/02\/1o-Ano-Planejamento-Matematica.pdf\" class=\"wp-block-file__button wp-element-button\" download aria-describedby=\"wp-block-file--media-c585ffeb-354f-4b84-8957-d2b08022da60\">Baixar<\/a><\/div>\n","protected":false},"excerpt":{"rendered":"<p>ARTE CI\u00caNCIAS EDUCA\u00c7\u00c3O F\u00cdSICA ENSINO RELIGIOSO FILOSOFIA GEOGRAFIA HIST\u00d3RIA L\u00cdNGUA INGLESA L\u00cdNGUA PORTUGUESA MATEM\u00c1TICA<\/p>\n","protected":false},"author":1,"featured_media":0,"parent":0,"menu_order":0,"comment_status":"closed","ping_status":"closed","template":"","meta":{"_acf_changed":false,"footnotes":""},"class_list":["post-72","page","type-page","status-publish","hentry"],"acf":[],"_links":{"self":[{"href":"https:\/\/educacaocacador.com.br\/index.php?rest_route=\/wp\/v2\/pages\/72","targetHints":{"allow":["GET"]}}],"collection":[{"href":"https:\/\/educacaocacador.com.br\/index.php?rest_route=\/wp\/v2\/pages"}],"about":[{"href":"https:\/\/educacaocacador.com.br\/index.php?rest_route=\/wp\/v2\/types\/page"}],"author":[{"embeddable":true,"href":"https:\/\/educacaocacador.com.br\/index.php?rest_route=\/wp\/v2\/users\/1"}],"replies":[{"embeddable":true,"href":"https:\/\/educacaocacador.com.br\/index.php?rest_route=%2Fwp%2Fv2%2Fcomments&post=72"}],"version-history":[{"count":36,"href":"https:\/\/educacaocacador.com.br\/index.php?rest_route=\/wp\/v2\/pages\/72\/revisions"}],"predecessor-version":[{"id":3235,"href":"https:\/\/educacaocacador.com.br\/index.php?rest_route=\/wp\/v2\/pages\/72\/revisions\/3235"}],"wp:attachment":[{"href":"https:\/\/educacaocacador.com.br\/index.php?rest_route=%2Fwp%2Fv2%2Fmedia&parent=72"}],"curies":[{"name":"wp","href":"https:\/\/api.w.org\/{rel}","templated":true}]}}