{"id":65,"date":"2025-04-03T14:19:01","date_gmt":"2025-04-03T17:19:01","guid":{"rendered":"http:\/\/educacaocacador.duckdns.org\/?page_id=65"},"modified":"2026-04-30T14:43:21","modified_gmt":"2026-04-30T17:43:21","slug":"cardapio","status":"publish","type":"page","link":"https:\/\/educacaocacador.com.br\/?page_id=65","title":{"rendered":"Card\u00e1pio"},"content":{"rendered":"\n<p>A Secretaria Municipal de Educa\u00e7\u00e3o oferece acesso aos card\u00e1pios escolares para que pais, respons\u00e1veis e estudantes possam consultar as op\u00e7\u00f5es de alimenta\u00e7\u00e3o dispon\u00edveis nas escolas. <\/p>\n\n\n\n<p>Os card\u00e1pios s\u00e3o elaborados por nutricionistas e seguem as diretrizes da Secretaria de Educa\u00e7\u00e3o para garantir uma alimenta\u00e7\u00e3o saud\u00e1vel e equilibrada para os alunos.<\/p>\n\n\n\n<div data-wp-interactive=\"core\/file\" class=\"wp-block-file\"><object data-wp-bind--hidden=\"!state.hasPdfPreview\" hidden class=\"wp-block-file__embed\" data=\"https:\/\/educacaocacador.com.br\/wp-content\/uploads\/2026\/04\/2o-Semana-Maio-2026-ASSINADO.pdf\" type=\"application\/pdf\" style=\"width:100%;height:600px\" aria-label=\"Incorporado de 2\u00ba Semana Maio-2026 (ASSINADO).\"><\/object><a id=\"wp-block-file--media-034884bc-ddc8-41c9-8fdd-474860de6228\" href=\"https:\/\/educacaocacador.com.br\/wp-content\/uploads\/2026\/04\/2o-Semana-Maio-2026-ASSINADO.pdf\">2\u00ba Semana Maio-2026 (ASSINADO)<\/a><a href=\"https:\/\/educacaocacador.com.br\/wp-content\/uploads\/2026\/04\/2o-Semana-Maio-2026-ASSINADO.pdf\" class=\"wp-block-file__button wp-element-button\" download aria-describedby=\"wp-block-file--media-034884bc-ddc8-41c9-8fdd-474860de6228\">Baixar<\/a><\/div>\n\n\n\n<p><\/p>\n","protected":false},"excerpt":{"rendered":"<p>A Secretaria Municipal de Educa\u00e7\u00e3o oferece acesso aos card\u00e1pios escolares para que pais, respons\u00e1veis e estudantes possam consultar as op\u00e7\u00f5es de alimenta\u00e7\u00e3o dispon\u00edveis nas escolas. Os card\u00e1pios s\u00e3o elaborados por nutricionistas e seguem as diretrizes da Secretaria de Educa\u00e7\u00e3o para garantir uma alimenta\u00e7\u00e3o saud\u00e1vel e equilibrada para os alunos.<\/p>\n","protected":false},"author":1,"featured_media":0,"parent":0,"menu_order":0,"comment_status":"closed","ping_status":"closed","template":"","meta":{"_acf_changed":false,"footnotes":""},"class_list":["post-65","page","type-page","status-publish","hentry"],"acf":[],"_links":{"self":[{"href":"https:\/\/educacaocacador.com.br\/index.php?rest_route=\/wp\/v2\/pages\/65","targetHints":{"allow":["GET"]}}],"collection":[{"href":"https:\/\/educacaocacador.com.br\/index.php?rest_route=\/wp\/v2\/pages"}],"about":[{"href":"https:\/\/educacaocacador.com.br\/index.php?rest_route=\/wp\/v2\/types\/page"}],"author":[{"embeddable":true,"href":"https:\/\/educacaocacador.com.br\/index.php?rest_route=\/wp\/v2\/users\/1"}],"replies":[{"embeddable":true,"href":"https:\/\/educacaocacador.com.br\/index.php?rest_route=%2Fwp%2Fv2%2Fcomments&post=65"}],"version-history":[{"count":45,"href":"https:\/\/educacaocacador.com.br\/index.php?rest_route=\/wp\/v2\/pages\/65\/revisions"}],"predecessor-version":[{"id":3706,"href":"https:\/\/educacaocacador.com.br\/index.php?rest_route=\/wp\/v2\/pages\/65\/revisions\/3706"}],"wp:attachment":[{"href":"https:\/\/educacaocacador.com.br\/index.php?rest_route=%2Fwp%2Fv2%2Fmedia&parent=65"}],"curies":[{"name":"wp","href":"https:\/\/api.w.org\/{rel}","templated":true}]}}