{"id":34,"date":"2025-04-03T14:17:15","date_gmt":"2025-04-03T17:17:15","guid":{"rendered":"http:\/\/educacaocacador.duckdns.org\/?page_id=34"},"modified":"2025-04-04T14:24:44","modified_gmt":"2025-04-04T17:24:44","slug":"biblioteca-digital","status":"publish","type":"page","link":"https:\/\/educacaocacador.com.br\/?page_id=34","title":{"rendered":"Biblioteca Digital"},"content":{"rendered":"\n<p>Bem-vindo \u00e0 <strong>Biblioteca Digital da Secretaria de Educa\u00e7\u00e3o de Ca\u00e7ador<\/strong>, um espa\u00e7o dedicado \u00e0 leitura e ao conhecimento! Aqui, voc\u00ea encontra links que direcionam para grandes acervos digitais de universidades p\u00fablicas brasileiras, onde est\u00e3o dispon\u00edveis n\u00e3o apenas obras da literatura infantil e juvenil em dom\u00ednio p\u00fablico, mas tamb\u00e9m livros de estudo, obras sobre educa\u00e7\u00e3o e itens iconogr\u00e1ficos que enriquecem a experi\u00eancia cultural e acad\u00eamica.<\/p>\n\n\n\n<p>S\u00e3o hist\u00f3rias cl\u00e1ssicas, materiais de apoio ao aprendizado, pesquisas educacionais e conte\u00fados que incentivam o desenvolvimento do pensamento cr\u00edtico e a forma\u00e7\u00e3o continuada. Aproveite esse vasto acervo digital para explorar novos mundos, aprofundar seus conhecimentos e viajar por hist\u00f3rias e saberes atemporais!<\/p>\n\n\n\n<p class=\"has-text-align-center\"><strong>Acervos Digitais<\/strong><\/p>\n\n\n<div class=\"wp-block-image\">\n<figure class=\"aligncenter size-full is-resized\"><a href=\"https:\/\/www.bibliotecadigital.unicamp.br\/bd\/index.php\/livros-digitais\/\"><img  title=\"\" loading=\"lazy\" decoding=\"async\" width=\"595\" height=\"132\" src=\"https:\/\/educacaocacador.com.br\/wp-content\/uploads\/2025\/04\/bibliotecaunicamp.png\"  alt=\"bibliotecaunicamp Biblioteca Digital %image\"  class=\"wp-image-13\" style=\"width:347px;height:auto\" srcset=\"https:\/\/educacaocacador.com.br\/wp-content\/uploads\/2025\/04\/bibliotecaunicamp.png 595w, https:\/\/educacaocacador.com.br\/wp-content\/uploads\/2025\/04\/bibliotecaunicamp-300x67.png 300w\" sizes=\"auto, (max-width: 595px) 100vw, 595px\" \/><\/a><\/figure><\/div>\n\n<div class=\"wp-block-image\">\n<figure class=\"aligncenter size-full is-resized\"><a href=\"https:\/\/digital.bbm.usp.br\/handle\/bbm\/1\"><img  title=\"\" loading=\"lazy\" decoding=\"async\" width=\"595\" height=\"132\" src=\"https:\/\/educacaocacador.com.br\/wp-content\/uploads\/2025\/04\/bibliotecabrasiliana.png\"  alt=\"bibliotecabrasiliana Biblioteca Digital %image\"  class=\"wp-image-11\" style=\"width:356px;height:auto\" srcset=\"https:\/\/educacaocacador.com.br\/wp-content\/uploads\/2025\/04\/bibliotecabrasiliana.png 595w, https:\/\/educacaocacador.com.br\/wp-content\/uploads\/2025\/04\/bibliotecabrasiliana-300x67.png 300w\" sizes=\"auto, (max-width: 595px) 100vw, 595px\" \/><\/a><\/figure><\/div>\n\n<div class=\"wp-block-image\">\n<figure class=\"aligncenter size-full is-resized\"><a href=\"http:\/\/www.dominiopublico.gov.br\/pesquisa\/PesquisaObraForm.jsp\"><img  title=\"\" loading=\"lazy\" decoding=\"async\" width=\"408\" height=\"111\" src=\"https:\/\/educacaocacador.com.br\/wp-content\/uploads\/2025\/04\/rect1.png\"  alt=\"rect1 Biblioteca Digital %image\"  class=\"wp-image-24\" style=\"width:261px;height:auto\" srcset=\"https:\/\/educacaocacador.com.br\/wp-content\/uploads\/2025\/04\/rect1.png 408w, https:\/\/educacaocacador.com.br\/wp-content\/uploads\/2025\/04\/rect1-300x82.png 300w\" sizes=\"auto, (max-width: 408px) 100vw, 408px\" \/><\/a><\/figure><\/div>\n\n\n<p><\/p>\n\n\n\n<p class=\"has-text-align-center\"><strong>Hist\u00f3rias em Quadrinhos<\/strong><\/p>\n\n\n<div class=\"wp-block-image\">\n<figure class=\"aligncenter size-full is-resized\"><a href=\"https:\/\/www.peppercarrot.com\/pt\/webcomic\/ep01_Potion-of-Flight.html\"><img  title=\"\" loading=\"lazy\" decoding=\"async\" width=\"600\" height=\"200\" src=\"https:\/\/educacaocacador.com.br\/wp-content\/uploads\/2025\/04\/por-David-Revoy.png\"  alt=\"por-David-Revoy Biblioteca Digital %image\"  class=\"wp-image-37\" style=\"width:464px;height:auto\" srcset=\"https:\/\/educacaocacador.com.br\/wp-content\/uploads\/2025\/04\/por-David-Revoy.png 600w, https:\/\/educacaocacador.com.br\/wp-content\/uploads\/2025\/04\/por-David-Revoy-300x100.png 300w\" sizes=\"auto, (max-width: 600px) 100vw, 600px\" \/><\/a><\/figure><\/div>\n\n\n<p><\/p>\n","protected":false},"excerpt":{"rendered":"<p>Bem-vindo \u00e0 Biblioteca Digital da Secretaria de Educa\u00e7\u00e3o de Ca\u00e7ador, um espa\u00e7o dedicado \u00e0 leitura e ao conhecimento! Aqui, voc\u00ea encontra links que direcionam para grandes acervos digitais de universidades p\u00fablicas brasileiras, onde est\u00e3o dispon\u00edveis n\u00e3o apenas obras da literatura infantil e juvenil em dom\u00ednio p\u00fablico, mas tamb\u00e9m livros de estudo, obras sobre educa\u00e7\u00e3o e [&hellip;]<\/p>\n","protected":false},"author":3,"featured_media":0,"parent":0,"menu_order":0,"comment_status":"closed","ping_status":"closed","template":"","meta":{"_acf_changed":false,"footnotes":""},"class_list":["post-34","page","type-page","status-publish","hentry"],"acf":[],"_links":{"self":[{"href":"https:\/\/educacaocacador.com.br\/index.php?rest_route=\/wp\/v2\/pages\/34","targetHints":{"allow":["GET"]}}],"collection":[{"href":"https:\/\/educacaocacador.com.br\/index.php?rest_route=\/wp\/v2\/pages"}],"about":[{"href":"https:\/\/educacaocacador.com.br\/index.php?rest_route=\/wp\/v2\/types\/page"}],"author":[{"embeddable":true,"href":"https:\/\/educacaocacador.com.br\/index.php?rest_route=\/wp\/v2\/users\/3"}],"replies":[{"embeddable":true,"href":"https:\/\/educacaocacador.com.br\/index.php?rest_route=%2Fwp%2Fv2%2Fcomments&post=34"}],"version-history":[{"count":30,"href":"https:\/\/educacaocacador.com.br\/index.php?rest_route=\/wp\/v2\/pages\/34\/revisions"}],"predecessor-version":[{"id":581,"href":"https:\/\/educacaocacador.com.br\/index.php?rest_route=\/wp\/v2\/pages\/34\/revisions\/581"}],"wp:attachment":[{"href":"https:\/\/educacaocacador.com.br\/index.php?rest_route=%2Fwp%2Fv2%2Fmedia&parent=34"}],"curies":[{"name":"wp","href":"https:\/\/api.w.org\/{rel}","templated":true}]}}