{"id":3399,"date":"2026-02-26T14:00:24","date_gmt":"2026-02-26T17:00:24","guid":{"rendered":"https:\/\/educacaocacador.com.br\/?page_id=3399"},"modified":"2026-02-26T14:33:11","modified_gmt":"2026-02-26T17:33:11","slug":"reconectar-2","status":"publish","type":"page","link":"https:\/\/educacaocacador.com.br\/?page_id=3399","title":{"rendered":"RECONECTAR"},"content":{"rendered":"\n<p class=\"has-text-align-left has-black-color has-text-color has-link-color has-medium-font-size wp-elements-6ea61e76ba4d9e76f7a0c31035f8b6bc\"><strong>GRUPO RECONECTAR 2026 EST\u00c1 COM INSCRI\u00c7\u00d5ES ABERTAS! <\/strong><\/p>\n\n\n\n<p>J\u00e1 est\u00e3o abertas as inscri\u00e7\u00f5es para o <strong>Grupo Reconectar 2026<\/strong>, uma iniciativa dedicada ao cuidado e fortalecimento emocional dos educadores da rede municipal de ensino.<\/p>\n\n\n\n<p>As inscri\u00e7\u00f5es est\u00e3o dispon\u00edveis no link abaixo:<\/p>\n\n\n\n<p><a href=\"https:\/\/docs.google.com\/forms\/d\/e\/1FAIpQLSfFTKRU9Z-eZfqRL2mT3NekxH8Tsn2aj2EEBoENF9P7V4j7iA\/viewform\">Projeto Reconectar &#8211; 2026.1<\/a><\/p>\n\n\n\n<figure class=\"wp-block-image size-large is-resized\"><img  title=\"\" loading=\"lazy\" decoding=\"async\" width=\"576\" height=\"1024\" src=\"https:\/\/educacaocacador.com.br\/wp-content\/uploads\/2026\/02\/Design-sem-nome-7-576x1024.png\"  alt=\"Design-sem-nome-7-576x1024 RECONECTAR %image\"  class=\"wp-image-3404\" style=\"width:840px;height:auto\" srcset=\"https:\/\/educacaocacador.com.br\/wp-content\/uploads\/2026\/02\/Design-sem-nome-7-576x1024.png 576w, https:\/\/educacaocacador.com.br\/wp-content\/uploads\/2026\/02\/Design-sem-nome-7-169x300.png 169w, https:\/\/educacaocacador.com.br\/wp-content\/uploads\/2026\/02\/Design-sem-nome-7-768x1365.png 768w, https:\/\/educacaocacador.com.br\/wp-content\/uploads\/2026\/02\/Design-sem-nome-7-864x1536.png 864w, https:\/\/educacaocacador.com.br\/wp-content\/uploads\/2026\/02\/Design-sem-nome-7.png 1080w\" sizes=\"auto, (max-width: 576px) 100vw, 576px\" \/><\/figure>\n\n\n\n<figure class=\"wp-block-image size-full\"><img  title=\"\" loading=\"lazy\" decoding=\"async\" width=\"1\" height=\"1\" src=\"https:\/\/educacaocacador.com.br\/wp-content\/uploads\/2026\/02\/image.png\"  alt=\"image RECONECTAR %image\"  class=\"wp-image-3407\"\/><\/figure>\n\n\n\n<p><\/p>\n\n\n\n<p><\/p>\n\n\n<a class=\"wp-block-read-more\" href=\"https:\/\/educacaocacador.com.br\/?page_id=3399\" target=\"_self\">    <span class=\"screen-reader-text\">: RECONECTAR<\/span><\/a>\n\n\n<p><\/p>\n","protected":false},"excerpt":{"rendered":"<p>GRUPO RECONECTAR 2026 EST\u00c1 COM INSCRI\u00c7\u00d5ES ABERTAS! J\u00e1 est\u00e3o abertas as inscri\u00e7\u00f5es para o Grupo Reconectar 2026, uma iniciativa dedicada ao cuidado e fortalecimento emocional dos educadores da rede municipal de ensino. As inscri\u00e7\u00f5es est\u00e3o dispon\u00edveis no link abaixo: Projeto Reconectar &#8211; 2026.1<\/p>\n","protected":false},"author":3,"featured_media":0,"parent":0,"menu_order":0,"comment_status":"closed","ping_status":"closed","template":"","meta":{"_acf_changed":false,"footnotes":""},"class_list":["post-3399","page","type-page","status-publish","hentry"],"acf":[],"_links":{"self":[{"href":"https:\/\/educacaocacador.com.br\/index.php?rest_route=\/wp\/v2\/pages\/3399","targetHints":{"allow":["GET"]}}],"collection":[{"href":"https:\/\/educacaocacador.com.br\/index.php?rest_route=\/wp\/v2\/pages"}],"about":[{"href":"https:\/\/educacaocacador.com.br\/index.php?rest_route=\/wp\/v2\/types\/page"}],"author":[{"embeddable":true,"href":"https:\/\/educacaocacador.com.br\/index.php?rest_route=\/wp\/v2\/users\/3"}],"replies":[{"embeddable":true,"href":"https:\/\/educacaocacador.com.br\/index.php?rest_route=%2Fwp%2Fv2%2Fcomments&post=3399"}],"version-history":[{"count":4,"href":"https:\/\/educacaocacador.com.br\/index.php?rest_route=\/wp\/v2\/pages\/3399\/revisions"}],"predecessor-version":[{"id":3409,"href":"https:\/\/educacaocacador.com.br\/index.php?rest_route=\/wp\/v2\/pages\/3399\/revisions\/3409"}],"wp:attachment":[{"href":"https:\/\/educacaocacador.com.br\/index.php?rest_route=%2Fwp%2Fv2%2Fmedia&parent=3399"}],"curies":[{"name":"wp","href":"https:\/\/api.w.org\/{rel}","templated":true}]}}