{"id":339,"date":"2025-04-03T15:53:44","date_gmt":"2025-04-03T18:53:44","guid":{"rendered":"http:\/\/educacaocacador.duckdns.org\/?page_id=339"},"modified":"2025-04-03T16:00:13","modified_gmt":"2025-04-03T19:00:13","slug":"comed","status":"publish","type":"page","link":"https:\/\/educacaocacador.com.br\/?page_id=339","title":{"rendered":"COMED"},"content":{"rendered":"\n<p class=\"has-large-font-size\"><strong>COMED<\/strong><\/p>\n\n\n\n<p><strong>O Conselho Municipal de Educa\u00e7\u00e3o tem como finalidade prec\u00edpua colaborar na pol\u00edtica municipal de educa\u00e7\u00e3o e exercer atua\u00e7\u00e3o fiscalizadora, normativa, consultiva e deliberativa quanto \u00e0 organiza\u00e7\u00e3o, funcionamento, expans\u00e3o e aperfei\u00e7oamento do Sistema Municipal de Ensino. (Lei n\u00ba 3352\/98)<\/strong><\/p>\n\n\n\n<details class=\"wp-block-details is-layout-flow wp-block-details-is-layout-flow\"><summary>REGIMENTO INTERNO<\/summary>\n<p><\/p>\n\n\n\n<div data-wp-interactive=\"core\/file\" class=\"wp-block-file\"><object data-wp-bind--hidden=\"!state.hasPdfPreview\" hidden class=\"wp-block-file__embed\" data=\"https:\/\/educacaocacador.com.br\/wp-content\/uploads\/2025\/04\/REGIMENTO-INTERNO-COMED-GESTAO-2025-2027-1.pdf\" type=\"application\/pdf\" style=\"width:100%;height:600px\" aria-label=\"Incorporado de REGIMENTO INTERNO COMED- GEST\u00c3O 2025-2027 (1).\"><\/object><a id=\"wp-block-file--media-03e60097-52de-4359-bcce-4dfc18a2baeb\" href=\"https:\/\/educacaocacador.com.br\/wp-content\/uploads\/2025\/04\/REGIMENTO-INTERNO-COMED-GESTAO-2025-2027-1.pdf\">REGIMENTO INTERNO COMED- GEST\u00c3O 2025-2027 (1)<\/a><a href=\"https:\/\/educacaocacador.com.br\/wp-content\/uploads\/2025\/04\/REGIMENTO-INTERNO-COMED-GESTAO-2025-2027-1.pdf\" class=\"wp-block-file__button wp-element-button\" download aria-describedby=\"wp-block-file--media-03e60097-52de-4359-bcce-4dfc18a2baeb\">Baixar<\/a><\/div>\n<\/details>\n\n\n\n<details class=\"wp-block-details is-layout-flow wp-block-details-is-layout-flow\"><summary>LEI N\u00b0 1801, DE 09 DE SETEMBRO DE 2002<\/summary>\n<p><\/p>\n\n\n\n<div data-wp-interactive=\"core\/file\" class=\"wp-block-file\"><object data-wp-bind--hidden=\"!state.hasPdfPreview\" hidden class=\"wp-block-file__embed\" data=\"https:\/\/educacaocacador.com.br\/wp-content\/uploads\/2025\/04\/Lei-ordinaria-1801-2002-Cacador-SC-compilada-16-12-2024-1.pdf\" type=\"application\/pdf\" style=\"width:100%;height:600px\" aria-label=\"Incorporado de Lei-ordinaria-1801-2002-Cacador-SC-compilada-[16-12-2024] (1).\"><\/object><a id=\"wp-block-file--media-39414fe3-fdee-45e2-98a3-61e1448323b1\" href=\"https:\/\/educacaocacador.com.br\/wp-content\/uploads\/2025\/04\/Lei-ordinaria-1801-2002-Cacador-SC-compilada-16-12-2024-1.pdf\">Lei-ordinaria-1801-2002-Cacador-SC-compilada-[16-12-2024] (1)<\/a><a href=\"https:\/\/educacaocacador.com.br\/wp-content\/uploads\/2025\/04\/Lei-ordinaria-1801-2002-Cacador-SC-compilada-16-12-2024-1.pdf\" class=\"wp-block-file__button wp-element-button\" download aria-describedby=\"wp-block-file--media-39414fe3-fdee-45e2-98a3-61e1448323b1\">Baixar<\/a><\/div>\n<\/details>\n\n\n\n<details class=\"wp-block-details is-layout-flow wp-block-details-is-layout-flow\"><summary>DECRETO N\u00b0 11.745, DE FEVEREIRO DE 2025<\/summary>\n<p><\/p>\n\n\n\n<div data-wp-interactive=\"core\/file\" class=\"wp-block-file\"><object data-wp-bind--hidden=\"!state.hasPdfPreview\" hidden class=\"wp-block-file__embed\" data=\"https:\/\/educacaocacador.com.br\/wp-content\/uploads\/2025\/04\/Decreto_11745-Comed-1.pdf\" type=\"application\/pdf\" style=\"width:100%;height:600px\" aria-label=\"Incorporado de Decreto_11745 - Comed (1).\"><\/object><a id=\"wp-block-file--media-b8bc68a8-d969-40c7-b65b-9a16d8d7c775\" href=\"https:\/\/educacaocacador.com.br\/wp-content\/uploads\/2025\/04\/Decreto_11745-Comed-1.pdf\">Decreto_11745 &#8211; Comed (1)<\/a><a href=\"https:\/\/educacaocacador.com.br\/wp-content\/uploads\/2025\/04\/Decreto_11745-Comed-1.pdf\" class=\"wp-block-file__button wp-element-button\" download aria-describedby=\"wp-block-file--media-b8bc68a8-d969-40c7-b65b-9a16d8d7c775\">Baixar<\/a><\/div>\n<\/details>\n\n\n\n<details class=\"wp-block-details is-layout-flow wp-block-details-is-layout-flow\"><summary>COMISS\u00d5ES INTERNAS GEST\u00c3O 2025<\/summary>\n<p><\/p>\n\n\n\n<div data-wp-interactive=\"core\/file\" class=\"wp-block-file\"><object data-wp-bind--hidden=\"!state.hasPdfPreview\" hidden class=\"wp-block-file__embed\" data=\"https:\/\/educacaocacador.com.br\/wp-content\/uploads\/2025\/04\/COMISSOES-INTERNAS-GESTAO-2025-2027-1.pdf\" type=\"application\/pdf\" style=\"width:100%;height:600px\" aria-label=\"Incorporado de COMISS\u00d5ES INTERNAS GEST\u00c3O 2025-2027 (1).\"><\/object><a id=\"wp-block-file--media-7763c5b9-222a-48e6-af56-3acc0a4e63ad\" href=\"https:\/\/educacaocacador.com.br\/wp-content\/uploads\/2025\/04\/COMISSOES-INTERNAS-GESTAO-2025-2027-1.pdf\">COMISS\u00d5ES INTERNAS GEST\u00c3O 2025-2027 (1)<\/a><a href=\"https:\/\/educacaocacador.com.br\/wp-content\/uploads\/2025\/04\/COMISSOES-INTERNAS-GESTAO-2025-2027-1.pdf\" class=\"wp-block-file__button wp-element-button\" download aria-describedby=\"wp-block-file--media-7763c5b9-222a-48e6-af56-3acc0a4e63ad\">Baixar<\/a><\/div>\n<\/details>\n","protected":false},"excerpt":{"rendered":"<p>COMED O Conselho Municipal de Educa\u00e7\u00e3o tem como finalidade prec\u00edpua colaborar na pol\u00edtica municipal de educa\u00e7\u00e3o e exercer atua\u00e7\u00e3o fiscalizadora, normativa, consultiva e deliberativa quanto \u00e0 organiza\u00e7\u00e3o, funcionamento, expans\u00e3o e aperfei\u00e7oamento do Sistema Municipal de Ensino. (Lei n\u00ba 3352\/98)<\/p>\n","protected":false},"author":2,"featured_media":0,"parent":0,"menu_order":0,"comment_status":"closed","ping_status":"closed","template":"","meta":{"_acf_changed":false,"footnotes":""},"class_list":["post-339","page","type-page","status-publish","hentry"],"acf":[],"_links":{"self":[{"href":"https:\/\/educacaocacador.com.br\/index.php?rest_route=\/wp\/v2\/pages\/339","targetHints":{"allow":["GET"]}}],"collection":[{"href":"https:\/\/educacaocacador.com.br\/index.php?rest_route=\/wp\/v2\/pages"}],"about":[{"href":"https:\/\/educacaocacador.com.br\/index.php?rest_route=\/wp\/v2\/types\/page"}],"author":[{"embeddable":true,"href":"https:\/\/educacaocacador.com.br\/index.php?rest_route=\/wp\/v2\/users\/2"}],"replies":[{"embeddable":true,"href":"https:\/\/educacaocacador.com.br\/index.php?rest_route=%2Fwp%2Fv2%2Fcomments&post=339"}],"version-history":[{"count":4,"href":"https:\/\/educacaocacador.com.br\/index.php?rest_route=\/wp\/v2\/pages\/339\/revisions"}],"predecessor-version":[{"id":359,"href":"https:\/\/educacaocacador.com.br\/index.php?rest_route=\/wp\/v2\/pages\/339\/revisions\/359"}],"wp:attachment":[{"href":"https:\/\/educacaocacador.com.br\/index.php?rest_route=%2Fwp%2Fv2%2Fmedia&parent=339"}],"curies":[{"name":"wp","href":"https:\/\/api.w.org\/{rel}","templated":true}]}}