{"id":320,"date":"2025-04-03T15:28:56","date_gmt":"2025-04-03T18:28:56","guid":{"rendered":"http:\/\/educacaocacador.duckdns.org\/?page_id=320"},"modified":"2026-02-18T14:43:07","modified_gmt":"2026-02-18T17:43:07","slug":"e-i-0-a-3-anos","status":"publish","type":"page","link":"https:\/\/educacaocacador.com.br\/?page_id=320","title":{"rendered":"E.I. 0 &#8211; 3 ANOS"},"content":{"rendered":"\n<p class=\"has-white-color has-midnight-gradient-background has-text-color has-background has-link-color wp-elements-7cf210705f5651c2bde1fe0f38f5036f\">CORPO, GESTO E MOVIMENTOS<\/p>\n\n\n\n<div data-wp-interactive=\"core\/file\" class=\"wp-block-file\"><object data-wp-bind--hidden=\"!state.hasPdfPreview\" hidden class=\"wp-block-file__embed\" data=\"https:\/\/educacaocacador.com.br\/wp-content\/uploads\/2026\/02\/Planejamento-CGM-0-a-3-Anos-1o-Trimestre-.docx.pdf\" type=\"application\/pdf\" style=\"width:100%;height:600px\" aria-label=\"Incorporado de _Planejamento - CGM - 0 a 3 Anos - 1\u00ba Trimestre .docx.\"><\/object><a id=\"wp-block-file--media-f992fb66-1e15-4311-b081-0147a0e32e2c\" href=\"https:\/\/educacaocacador.com.br\/wp-content\/uploads\/2026\/02\/Planejamento-CGM-0-a-3-Anos-1o-Trimestre-.docx.pdf\">_Planejamento &#8211; CGM &#8211; 0 a 3 Anos &#8211; 1\u00ba Trimestre .docx<\/a><a href=\"https:\/\/educacaocacador.com.br\/wp-content\/uploads\/2026\/02\/Planejamento-CGM-0-a-3-Anos-1o-Trimestre-.docx.pdf\" class=\"wp-block-file__button wp-element-button\" download aria-describedby=\"wp-block-file--media-f992fb66-1e15-4311-b081-0147a0e32e2c\">Baixar<\/a><\/div>\n\n\n\n<p class=\"has-white-color has-midnight-gradient-background has-text-color has-background has-link-color wp-elements-f87d89cc250219ea2d4dceef89bc357b\">ESCUTA, FALA, PENSAMENTO E IMAGINA\u00c7\u00c3O<\/p>\n\n\n\n<div data-wp-interactive=\"core\/file\" class=\"wp-block-file\"><object data-wp-bind--hidden=\"!state.hasPdfPreview\" hidden class=\"wp-block-file__embed\" data=\"https:\/\/educacaocacador.com.br\/wp-content\/uploads\/2026\/02\/Planejamento-EFP-0-a-3-Anos-1o-Trimestre.docx.pdf\" type=\"application\/pdf\" style=\"width:100%;height:600px\" aria-label=\"Incorporado de Planejamento - EFP - 0 a 3 Anos - 1\u00ba Trimestre.docx.\"><\/object><a id=\"wp-block-file--media-c81c368e-21c0-4435-b0a2-186aa7c8557d\" href=\"https:\/\/educacaocacador.com.br\/wp-content\/uploads\/2026\/02\/Planejamento-EFP-0-a-3-Anos-1o-Trimestre.docx.pdf\">Planejamento &#8211; EFP &#8211; 0 a 3 Anos &#8211; 1\u00ba Trimestre.docx<\/a><a href=\"https:\/\/educacaocacador.com.br\/wp-content\/uploads\/2026\/02\/Planejamento-EFP-0-a-3-Anos-1o-Trimestre.docx.pdf\" class=\"wp-block-file__button wp-element-button\" download aria-describedby=\"wp-block-file--media-c81c368e-21c0-4435-b0a2-186aa7c8557d\">Baixar<\/a><\/div>\n\n\n\n<p class=\"has-white-color has-midnight-gradient-background has-text-color has-background has-link-color wp-elements-5cf3bfafa81fce2950c9c1b44f9ecac3\">O EU, O OUTRO E O N\u00d3S<\/p>\n\n\n\n<div data-wp-interactive=\"core\/file\" class=\"wp-block-file\"><object data-wp-bind--hidden=\"!state.hasPdfPreview\" hidden class=\"wp-block-file__embed\" data=\"https:\/\/educacaocacador.com.br\/wp-content\/uploads\/2026\/02\/Planejamento-EON-0-a-3-Anos-1o-Trimestre.docx.pdf\" type=\"application\/pdf\" style=\"width:100%;height:600px\" aria-label=\"Incorporado de Planejamento - EON - 0 a 3 Anos - 1\u00ba Trimestre.docx.\"><\/object><a id=\"wp-block-file--media-0dc890f8-f428-4b2a-9c42-a7f5ef2931c4\" href=\"https:\/\/educacaocacador.com.br\/wp-content\/uploads\/2026\/02\/Planejamento-EON-0-a-3-Anos-1o-Trimestre.docx.pdf\">Planejamento &#8211; EON &#8211; 0 a 3 Anos &#8211; 1\u00ba Trimestre.docx<\/a><a href=\"https:\/\/educacaocacador.com.br\/wp-content\/uploads\/2026\/02\/Planejamento-EON-0-a-3-Anos-1o-Trimestre.docx.pdf\" class=\"wp-block-file__button wp-element-button\" download aria-describedby=\"wp-block-file--media-0dc890f8-f428-4b2a-9c42-a7f5ef2931c4\">Baixar<\/a><\/div>\n\n\n\n<p class=\"has-white-color has-midnight-gradient-background has-text-color has-background has-link-color wp-elements-78e9889be069a2627c87d81b623caffb\">ESPA\u00c7OS, TEMPOS, QUANTIDADES, RELA\u00c7\u00d5ES E TRANSFORMA\u00c7\u00d5ES<\/p>\n\n\n\n<div data-wp-interactive=\"core\/file\" class=\"wp-block-file\"><object data-wp-bind--hidden=\"!state.hasPdfPreview\" hidden class=\"wp-block-file__embed\" data=\"https:\/\/educacaocacador.com.br\/wp-content\/uploads\/2026\/02\/Planejamento-ETQ-0-a-3-Anos-1o-trimestre.docx.pdf\" type=\"application\/pdf\" style=\"width:100%;height:600px\" aria-label=\"Incorporado de Planejamento - ETQ - 0 a 3 Anos - 1\u00ba trimestre.docx.\"><\/object><a id=\"wp-block-file--media-425ed4d0-d77d-47d7-a1e4-f57dd382e7b3\" href=\"https:\/\/educacaocacador.com.br\/wp-content\/uploads\/2026\/02\/Planejamento-ETQ-0-a-3-Anos-1o-trimestre.docx.pdf\">Planejamento &#8211; ETQ &#8211; 0 a 3 Anos &#8211; 1\u00ba trimestre.docx<\/a><a href=\"https:\/\/educacaocacador.com.br\/wp-content\/uploads\/2026\/02\/Planejamento-ETQ-0-a-3-Anos-1o-trimestre.docx.pdf\" class=\"wp-block-file__button wp-element-button\" download aria-describedby=\"wp-block-file--media-425ed4d0-d77d-47d7-a1e4-f57dd382e7b3\">Baixar<\/a><\/div>\n\n\n\n<p class=\"has-white-color has-midnight-gradient-background has-text-color has-background has-link-color wp-elements-20f0a82c40903af53f20c65f4b4a0154\">TRA\u00c7OS, SONS, CORES E FORMAS<\/p>\n\n\n\n<div data-wp-interactive=\"core\/file\" class=\"wp-block-file\"><object data-wp-bind--hidden=\"!state.hasPdfPreview\" hidden class=\"wp-block-file__embed\" data=\"https:\/\/educacaocacador.com.br\/wp-content\/uploads\/2026\/02\/Planejamento-TSC-0-a-3-Anos-1o-Trimestre.docx.pdf\" type=\"application\/pdf\" style=\"width:100%;height:600px\" aria-label=\"Incorporado de Planejamento - TSC   - 0 a 3 Anos - 1\u00ba Trimestre.docx.\"><\/object><a id=\"wp-block-file--media-32ec2b9e-aba1-472b-997a-b3e45ba15857\" href=\"https:\/\/educacaocacador.com.br\/wp-content\/uploads\/2026\/02\/Planejamento-TSC-0-a-3-Anos-1o-Trimestre.docx.pdf\">Planejamento &#8211; TSC   &#8211; 0 a 3 Anos &#8211; 1\u00ba Trimestre.docx<\/a><a href=\"https:\/\/educacaocacador.com.br\/wp-content\/uploads\/2026\/02\/Planejamento-TSC-0-a-3-Anos-1o-Trimestre.docx.pdf\" class=\"wp-block-file__button wp-element-button\" download aria-describedby=\"wp-block-file--media-32ec2b9e-aba1-472b-997a-b3e45ba15857\">Baixar<\/a><\/div>\n","protected":false},"excerpt":{"rendered":"<p>CORPO, GESTO E MOVIMENTOS ESCUTA, FALA, PENSAMENTO E IMAGINA\u00c7\u00c3O O EU, O OUTRO E O N\u00d3S ESPA\u00c7OS, TEMPOS, QUANTIDADES, RELA\u00c7\u00d5ES E TRANSFORMA\u00c7\u00d5ES TRA\u00c7OS, SONS, CORES E FORMAS<\/p>\n","protected":false},"author":1,"featured_media":0,"parent":0,"menu_order":0,"comment_status":"closed","ping_status":"closed","template":"","meta":{"_acf_changed":false,"footnotes":""},"class_list":["post-320","page","type-page","status-publish","hentry"],"acf":[],"_links":{"self":[{"href":"https:\/\/educacaocacador.com.br\/index.php?rest_route=\/wp\/v2\/pages\/320","targetHints":{"allow":["GET"]}}],"collection":[{"href":"https:\/\/educacaocacador.com.br\/index.php?rest_route=\/wp\/v2\/pages"}],"about":[{"href":"https:\/\/educacaocacador.com.br\/index.php?rest_route=\/wp\/v2\/types\/page"}],"author":[{"embeddable":true,"href":"https:\/\/educacaocacador.com.br\/index.php?rest_route=\/wp\/v2\/users\/1"}],"replies":[{"embeddable":true,"href":"https:\/\/educacaocacador.com.br\/index.php?rest_route=%2Fwp%2Fv2%2Fcomments&post=320"}],"version-history":[{"count":11,"href":"https:\/\/educacaocacador.com.br\/index.php?rest_route=\/wp\/v2\/pages\/320\/revisions"}],"predecessor-version":[{"id":3129,"href":"https:\/\/educacaocacador.com.br\/index.php?rest_route=\/wp\/v2\/pages\/320\/revisions\/3129"}],"wp:attachment":[{"href":"https:\/\/educacaocacador.com.br\/index.php?rest_route=%2Fwp%2Fv2%2Fmedia&parent=320"}],"curies":[{"name":"wp","href":"https:\/\/api.w.org\/{rel}","templated":true}]}}