{"id":3131,"date":"2026-02-18T14:50:31","date_gmt":"2026-02-18T17:50:31","guid":{"rendered":"https:\/\/educacaocacador.com.br\/?page_id=3131"},"modified":"2026-02-18T14:50:32","modified_gmt":"2026-02-18T17:50:32","slug":"e-i-5-anos","status":"publish","type":"page","link":"https:\/\/educacaocacador.com.br\/?page_id=3131","title":{"rendered":"E.I 5 ANOS"},"content":{"rendered":"\n<p class=\"has-white-color has-midnight-gradient-background has-text-color has-background has-link-color wp-elements-7cf210705f5651c2bde1fe0f38f5036f\">CORPO, GESTO E MOVIMENTOS<\/p>\n\n\n\n<div data-wp-interactive=\"core\/file\" class=\"wp-block-file\"><object data-wp-bind--hidden=\"!state.hasPdfPreview\" hidden class=\"wp-block-file__embed\" data=\"https:\/\/educacaocacador.com.br\/wp-content\/uploads\/2026\/02\/CGM-5-Anos-1o-Trimestre.docx.pdf\" type=\"application\/pdf\" style=\"width:100%;height:600px\" aria-label=\"Incorporado de CGM - 5 Anos - 1\u00ba Trimestre.docx.\"><\/object><a id=\"wp-block-file--media-898a70ae-8ea0-43cd-b9b4-97e9615e9774\" href=\"https:\/\/educacaocacador.com.br\/wp-content\/uploads\/2026\/02\/CGM-5-Anos-1o-Trimestre.docx.pdf\">CGM &#8211; 5 Anos &#8211; 1\u00ba Trimestre.docx<\/a><a href=\"https:\/\/educacaocacador.com.br\/wp-content\/uploads\/2026\/02\/CGM-5-Anos-1o-Trimestre.docx.pdf\" class=\"wp-block-file__button wp-element-button\" download aria-describedby=\"wp-block-file--media-898a70ae-8ea0-43cd-b9b4-97e9615e9774\">Baixar<\/a><\/div>\n\n\n\n<p class=\"has-white-color has-midnight-gradient-background has-text-color has-background has-link-color wp-elements-f87d89cc250219ea2d4dceef89bc357b\">ESCUTA, FALA, PENSAMENTO E IMAGINA\u00c7\u00c3O<\/p>\n\n\n\n<div data-wp-interactive=\"core\/file\" class=\"wp-block-file\"><object data-wp-bind--hidden=\"!state.hasPdfPreview\" hidden class=\"wp-block-file__embed\" data=\"https:\/\/educacaocacador.com.br\/wp-content\/uploads\/2026\/02\/EFP-5-Anos-1o-Trimestre.docx.pdf\" type=\"application\/pdf\" style=\"width:100%;height:600px\" aria-label=\"Incorporado de EFP - 5 Anos - 1\u00ba Trimestre.docx.\"><\/object><a id=\"wp-block-file--media-52e6ec07-6e89-4b1d-a5ad-35d0c95a14b1\" href=\"https:\/\/educacaocacador.com.br\/wp-content\/uploads\/2026\/02\/EFP-5-Anos-1o-Trimestre.docx.pdf\">EFP &#8211; 5 Anos &#8211; 1\u00ba Trimestre.docx<\/a><a href=\"https:\/\/educacaocacador.com.br\/wp-content\/uploads\/2026\/02\/EFP-5-Anos-1o-Trimestre.docx.pdf\" class=\"wp-block-file__button wp-element-button\" download aria-describedby=\"wp-block-file--media-52e6ec07-6e89-4b1d-a5ad-35d0c95a14b1\">Baixar<\/a><\/div>\n\n\n\n<p class=\"has-white-color has-midnight-gradient-background has-text-color has-background has-link-color wp-elements-5cf3bfafa81fce2950c9c1b44f9ecac3\">O EU, O OUTRO E O N\u00d3S<\/p>\n\n\n\n<div data-wp-interactive=\"core\/file\" class=\"wp-block-file\"><object data-wp-bind--hidden=\"!state.hasPdfPreview\" hidden class=\"wp-block-file__embed\" data=\"https:\/\/educacaocacador.com.br\/wp-content\/uploads\/2026\/02\/EON-5-Anos-1o-Trimestre.docx.pdf\" type=\"application\/pdf\" style=\"width:100%;height:600px\" aria-label=\"Incorporado de EON - 5 Anos - 1\u00ba Trimestre.docx.\"><\/object><a id=\"wp-block-file--media-11e27157-1da8-4237-99c8-60646b29bb6c\" href=\"https:\/\/educacaocacador.com.br\/wp-content\/uploads\/2026\/02\/EON-5-Anos-1o-Trimestre.docx.pdf\">EON &#8211; 5 Anos &#8211; 1\u00ba Trimestre.docx<\/a><a href=\"https:\/\/educacaocacador.com.br\/wp-content\/uploads\/2026\/02\/EON-5-Anos-1o-Trimestre.docx.pdf\" class=\"wp-block-file__button wp-element-button\" download aria-describedby=\"wp-block-file--media-11e27157-1da8-4237-99c8-60646b29bb6c\">Baixar<\/a><\/div>\n\n\n\n<p class=\"has-white-color has-midnight-gradient-background has-text-color has-background has-link-color wp-elements-2ffce3ff8a3948c0367d060417041d7b\">ESPA\u00c7OS, TEMPOS, QUANTIDADES, RELA\u00c7\u00d5ES<\/p>\n\n\n\n<div data-wp-interactive=\"core\/file\" class=\"wp-block-file\"><object data-wp-bind--hidden=\"!state.hasPdfPreview\" hidden class=\"wp-block-file__embed\" data=\"https:\/\/educacaocacador.com.br\/wp-content\/uploads\/2026\/02\/ETQ-5-Anos-1o-Trimestre.docx.pdf\" type=\"application\/pdf\" style=\"width:100%;height:600px\" aria-label=\"Incorporado de ETQ - 5 Anos - 1\u00ba Trimestre.docx.\"><\/object><a id=\"wp-block-file--media-f14608e5-f396-46e9-89ca-62a22d72132d\" href=\"https:\/\/educacaocacador.com.br\/wp-content\/uploads\/2026\/02\/ETQ-5-Anos-1o-Trimestre.docx.pdf\">ETQ &#8211; 5 Anos &#8211; 1\u00ba Trimestre.docx<\/a><a href=\"https:\/\/educacaocacador.com.br\/wp-content\/uploads\/2026\/02\/ETQ-5-Anos-1o-Trimestre.docx.pdf\" class=\"wp-block-file__button wp-element-button\" download aria-describedby=\"wp-block-file--media-f14608e5-f396-46e9-89ca-62a22d72132d\">Baixar<\/a><\/div>\n\n\n\n<p class=\"has-white-color has-midnight-gradient-background has-text-color has-background has-link-color wp-elements-20f0a82c40903af53f20c65f4b4a0154\">TRA\u00c7OS, SONS, CORES E FORMAS<\/p>\n\n\n\n<div data-wp-interactive=\"core\/file\" class=\"wp-block-file\"><object data-wp-bind--hidden=\"!state.hasPdfPreview\" hidden class=\"wp-block-file__embed\" data=\"https:\/\/educacaocacador.com.br\/wp-content\/uploads\/2026\/02\/TSC-5-Anos-1o-Trimestre.docx.pdf\" type=\"application\/pdf\" style=\"width:100%;height:600px\" aria-label=\"Incorporado de TSC - 5 Anos  - 1\u00ba Trimestre.docx.\"><\/object><a id=\"wp-block-file--media-8285f0af-e51b-4be6-8855-d0b875e303e5\" href=\"https:\/\/educacaocacador.com.br\/wp-content\/uploads\/2026\/02\/TSC-5-Anos-1o-Trimestre.docx.pdf\">TSC &#8211; 5 Anos  &#8211; 1\u00ba Trimestre.docx<\/a><a href=\"https:\/\/educacaocacador.com.br\/wp-content\/uploads\/2026\/02\/TSC-5-Anos-1o-Trimestre.docx.pdf\" class=\"wp-block-file__button wp-element-button\" download aria-describedby=\"wp-block-file--media-8285f0af-e51b-4be6-8855-d0b875e303e5\">Baixar<\/a><\/div>\n","protected":false},"excerpt":{"rendered":"<p>CORPO, GESTO E MOVIMENTOS ESCUTA, FALA, PENSAMENTO E IMAGINA\u00c7\u00c3O O EU, O OUTRO E O N\u00d3S ESPA\u00c7OS, TEMPOS, QUANTIDADES, RELA\u00c7\u00d5ES TRA\u00c7OS, SONS, CORES E FORMAS<\/p>\n","protected":false},"author":2,"featured_media":0,"parent":0,"menu_order":0,"comment_status":"closed","ping_status":"closed","template":"","meta":{"_acf_changed":false,"footnotes":""},"class_list":["post-3131","page","type-page","status-publish","hentry"],"acf":[],"_links":{"self":[{"href":"https:\/\/educacaocacador.com.br\/index.php?rest_route=\/wp\/v2\/pages\/3131","targetHints":{"allow":["GET"]}}],"collection":[{"href":"https:\/\/educacaocacador.com.br\/index.php?rest_route=\/wp\/v2\/pages"}],"about":[{"href":"https:\/\/educacaocacador.com.br\/index.php?rest_route=\/wp\/v2\/types\/page"}],"author":[{"embeddable":true,"href":"https:\/\/educacaocacador.com.br\/index.php?rest_route=\/wp\/v2\/users\/2"}],"replies":[{"embeddable":true,"href":"https:\/\/educacaocacador.com.br\/index.php?rest_route=%2Fwp%2Fv2%2Fcomments&post=3131"}],"version-history":[{"count":1,"href":"https:\/\/educacaocacador.com.br\/index.php?rest_route=\/wp\/v2\/pages\/3131\/revisions"}],"predecessor-version":[{"id":3137,"href":"https:\/\/educacaocacador.com.br\/index.php?rest_route=\/wp\/v2\/pages\/3131\/revisions\/3137"}],"wp:attachment":[{"href":"https:\/\/educacaocacador.com.br\/index.php?rest_route=%2Fwp%2Fv2%2Fmedia&parent=3131"}],"curies":[{"name":"wp","href":"https:\/\/api.w.org\/{rel}","templated":true}]}}