{"id":3095,"date":"2026-02-13T11:20:15","date_gmt":"2026-02-13T14:20:15","guid":{"rendered":"https:\/\/educacaocacador.com.br\/?page_id=3095"},"modified":"2026-02-13T11:20:16","modified_gmt":"2026-02-13T14:20:16","slug":"livros","status":"publish","type":"page","link":"https:\/\/educacaocacador.com.br\/?page_id=3095","title":{"rendered":"LIVROS"},"content":{"rendered":"\n<p class=\"has-white-color has-midnight-gradient-background has-text-color has-background has-link-color wp-elements-b01e4f43e98b931ce7ae05faffde1fa7\">EDUCA\u00c7\u00c3O INTEGRAL EM TEMPO INTEGRAL (ANOS INICIAIS )<\/p>\n\n\n\n<div data-wp-interactive=\"core\/file\" class=\"wp-block-file\"><object data-wp-bind--hidden=\"!state.hasPdfPreview\" hidden class=\"wp-block-file__embed\" data=\"https:\/\/educacaocacador.com.br\/wp-content\/uploads\/2026\/02\/FINAL-FINAL-v.2-Anos-iniciais.pdf\" type=\"application\/pdf\" style=\"width:100%;height:600px\" aria-label=\"Incorporado de FINAL FINAL v.2-  Anos iniciais.\"><\/object><a id=\"wp-block-file--media-7e9ffc13-eee2-4d2e-8162-ad016bd367af\" href=\"https:\/\/educacaocacador.com.br\/wp-content\/uploads\/2026\/02\/FINAL-FINAL-v.2-Anos-iniciais.pdf\">FINAL FINAL v.2-  Anos iniciais<\/a><a href=\"https:\/\/educacaocacador.com.br\/wp-content\/uploads\/2026\/02\/FINAL-FINAL-v.2-Anos-iniciais.pdf\" class=\"wp-block-file__button wp-element-button\" download aria-describedby=\"wp-block-file--media-7e9ffc13-eee2-4d2e-8162-ad016bd367af\">Baixar<\/a><\/div>\n\n\n\n<p class=\"has-white-color has-midnight-gradient-background has-text-color has-background has-link-color wp-elements-287a85c8566bf33483248c415fbc4824\">EDUCA\u00c7\u00c3O INTEGRAL EM TEMPO INTEGRAL (ANOS FINAIS)<\/p>\n\n\n\n<div data-wp-interactive=\"core\/file\" class=\"wp-block-file\"><object data-wp-bind--hidden=\"!state.hasPdfPreview\" hidden class=\"wp-block-file__embed\" data=\"https:\/\/educacaocacador.com.br\/wp-content\/uploads\/2026\/02\/REVISAO-FINAL-Anos-Finais.pdf\" type=\"application\/pdf\" style=\"width:100%;height:600px\" aria-label=\"Incorporado de REVIS\u00c3O FINAL -  Anos Finais.\"><\/object><a id=\"wp-block-file--media-1655f45d-d5c4-452e-b9b9-4fca5197a272\" href=\"https:\/\/educacaocacador.com.br\/wp-content\/uploads\/2026\/02\/REVISAO-FINAL-Anos-Finais.pdf\">REVIS\u00c3O FINAL &#8211;  Anos Finais<\/a><a href=\"https:\/\/educacaocacador.com.br\/wp-content\/uploads\/2026\/02\/REVISAO-FINAL-Anos-Finais.pdf\" class=\"wp-block-file__button wp-element-button\" download aria-describedby=\"wp-block-file--media-1655f45d-d5c4-452e-b9b9-4fca5197a272\">Baixar<\/a><\/div>\n\n\n\n<p class=\"has-white-color has-midnight-gradient-background has-text-color has-background has-link-color wp-elements-627d834f530473a50eca56d2b7474215\">EDUCA\u00c7\u00c3O INTEGRAL EM TEMPO INTEGRAL (EDUCA\u00c7\u00c3O INFANTIL)<\/p>\n\n\n\n<div data-wp-interactive=\"core\/file\" class=\"wp-block-file\"><object data-wp-bind--hidden=\"!state.hasPdfPreview\" hidden class=\"wp-block-file__embed\" data=\"https:\/\/educacaocacador.com.br\/wp-content\/uploads\/2026\/02\/REVISAO-FINAL-Educacao-Infantil.pdf\" type=\"application\/pdf\" style=\"width:100%;height:600px\" aria-label=\"Incorporado de REVIS\u00c3O FINAL - Educa\u00e7\u00e3o Infantil.\"><\/object><a id=\"wp-block-file--media-25933e8b-7233-45f0-b186-d9f98fec8ea4\" href=\"https:\/\/educacaocacador.com.br\/wp-content\/uploads\/2026\/02\/REVISAO-FINAL-Educacao-Infantil.pdf\">REVIS\u00c3O FINAL &#8211; Educa\u00e7\u00e3o Infantil<\/a><a href=\"https:\/\/educacaocacador.com.br\/wp-content\/uploads\/2026\/02\/REVISAO-FINAL-Educacao-Infantil.pdf\" class=\"wp-block-file__button wp-element-button\" download aria-describedby=\"wp-block-file--media-25933e8b-7233-45f0-b186-d9f98fec8ea4\">Baixar<\/a><\/div>\n\n\n\n<p class=\"has-white-color has-midnight-gradient-background has-text-color has-background has-link-color wp-elements-71831f69b30e1128b90efa3a476721af\">EDUCA\u00c7\u00c3O INTEGRAL EM TEMPO INTEGRAL (ESCOLA DE CAMPO)<\/p>\n\n\n\n<div data-wp-interactive=\"core\/file\" class=\"wp-block-file\"><object data-wp-bind--hidden=\"!state.hasPdfPreview\" hidden class=\"wp-block-file__embed\" data=\"https:\/\/educacaocacador.com.br\/wp-content\/uploads\/2026\/02\/REVISAO-Final-Escola-do-Campo.pdf\" type=\"application\/pdf\" style=\"width:100%;height:600px\" aria-label=\"Incorporado de REVIS\u00c3O Final Escola do Campo.\"><\/object><a id=\"wp-block-file--media-7d65afee-b2c9-4650-91bc-e8462bf3cdef\" href=\"https:\/\/educacaocacador.com.br\/wp-content\/uploads\/2026\/02\/REVISAO-Final-Escola-do-Campo.pdf\">REVIS\u00c3O Final Escola do Campo<\/a><a href=\"https:\/\/educacaocacador.com.br\/wp-content\/uploads\/2026\/02\/REVISAO-Final-Escola-do-Campo.pdf\" class=\"wp-block-file__button wp-element-button\" download aria-describedby=\"wp-block-file--media-7d65afee-b2c9-4650-91bc-e8462bf3cdef\">Baixar<\/a><\/div>\n\n\n\n<p class=\"has-white-color has-midnight-gradient-background has-text-color has-background has-link-color wp-elements-05bebdc283f73fe5cb4a00cb8409e445\">EDUCA\u00c7\u00c3O INTEGRAL EM TEMPO INTEGRAL (CONCEITO)<\/p>\n\n\n\n<div data-wp-interactive=\"core\/file\" class=\"wp-block-file\"><object data-wp-bind--hidden=\"!state.hasPdfPreview\" hidden class=\"wp-block-file__embed\" data=\"https:\/\/educacaocacador.com.br\/wp-content\/uploads\/2026\/02\/Revisao-FINAL-v.2-de-PPC.pdf\" type=\"application\/pdf\" style=\"width:100%;height:600px\" aria-label=\"Incorporado de Revis\u00e3o FINAL v.2-  de  PPC.\"><\/object><a id=\"wp-block-file--media-99d519a9-2668-42ed-a079-93c195119fbb\" href=\"https:\/\/educacaocacador.com.br\/wp-content\/uploads\/2026\/02\/Revisao-FINAL-v.2-de-PPC.pdf\">Revis\u00e3o FINAL v.2-  de  PPC<\/a><a href=\"https:\/\/educacaocacador.com.br\/wp-content\/uploads\/2026\/02\/Revisao-FINAL-v.2-de-PPC.pdf\" class=\"wp-block-file__button wp-element-button\" download aria-describedby=\"wp-block-file--media-99d519a9-2668-42ed-a079-93c195119fbb\">Baixar<\/a><\/div>\n","protected":false},"excerpt":{"rendered":"<p>EDUCA\u00c7\u00c3O INTEGRAL EM TEMPO INTEGRAL (ANOS INICIAIS ) EDUCA\u00c7\u00c3O INTEGRAL EM TEMPO INTEGRAL (ANOS FINAIS) EDUCA\u00c7\u00c3O INTEGRAL EM TEMPO INTEGRAL (EDUCA\u00c7\u00c3O INFANTIL) EDUCA\u00c7\u00c3O INTEGRAL EM TEMPO INTEGRAL (ESCOLA DE CAMPO) EDUCA\u00c7\u00c3O INTEGRAL EM TEMPO INTEGRAL (CONCEITO)<\/p>\n","protected":false},"author":2,"featured_media":0,"parent":0,"menu_order":0,"comment_status":"closed","ping_status":"closed","template":"","meta":{"_acf_changed":false,"footnotes":""},"class_list":["post-3095","page","type-page","status-publish","hentry"],"acf":[],"_links":{"self":[{"href":"https:\/\/educacaocacador.com.br\/index.php?rest_route=\/wp\/v2\/pages\/3095","targetHints":{"allow":["GET"]}}],"collection":[{"href":"https:\/\/educacaocacador.com.br\/index.php?rest_route=\/wp\/v2\/pages"}],"about":[{"href":"https:\/\/educacaocacador.com.br\/index.php?rest_route=\/wp\/v2\/types\/page"}],"author":[{"embeddable":true,"href":"https:\/\/educacaocacador.com.br\/index.php?rest_route=\/wp\/v2\/users\/2"}],"replies":[{"embeddable":true,"href":"https:\/\/educacaocacador.com.br\/index.php?rest_route=%2Fwp%2Fv2%2Fcomments&post=3095"}],"version-history":[{"count":1,"href":"https:\/\/educacaocacador.com.br\/index.php?rest_route=\/wp\/v2\/pages\/3095\/revisions"}],"predecessor-version":[{"id":3101,"href":"https:\/\/educacaocacador.com.br\/index.php?rest_route=\/wp\/v2\/pages\/3095\/revisions\/3101"}],"wp:attachment":[{"href":"https:\/\/educacaocacador.com.br\/index.php?rest_route=%2Fwp%2Fv2%2Fmedia&parent=3095"}],"curies":[{"name":"wp","href":"https:\/\/api.w.org\/{rel}","templated":true}]}}