{"id":3042,"date":"2026-02-13T09:53:03","date_gmt":"2026-02-13T12:53:03","guid":{"rendered":"https:\/\/educacaocacador.com.br\/?page_id=3042"},"modified":"2026-02-13T10:06:17","modified_gmt":"2026-02-13T13:06:17","slug":"5o-ano-eiti","status":"publish","type":"page","link":"https:\/\/educacaocacador.com.br\/?page_id=3042","title":{"rendered":"5\u00ba ANO EITI"},"content":{"rendered":"\n<p class=\"has-white-color has-midnight-gradient-background has-text-color has-background has-link-color wp-elements-c4dbf0424df96ac13cc5655e635636da\">ARTE E EXPRESS\u00c3O<\/p>\n\n\n\n<div data-wp-interactive=\"core\/file\" class=\"wp-block-file\"><object data-wp-bind--hidden=\"!state.hasPdfPreview\" hidden class=\"wp-block-file__embed\" data=\"https:\/\/educacaocacador.com.br\/wp-content\/uploads\/2026\/02\/ARTE-E-EXPRESSAO-5o-ANO-Anos-Iniciais-2026.-.docx-Google-Docs.pdf\" type=\"application\/pdf\" style=\"width:100%;height:600px\" aria-label=\"Incorporado de ARTE E EXPRESS\u00c3O - 5\u00ba ANO - Anos Iniciais - 2026. .docx - Google Docs.\"><\/object><a id=\"wp-block-file--media-78b5bb46-4710-44eb-9c33-c7882af4cb2b\" href=\"https:\/\/educacaocacador.com.br\/wp-content\/uploads\/2026\/02\/ARTE-E-EXPRESSAO-5o-ANO-Anos-Iniciais-2026.-.docx-Google-Docs.pdf\">ARTE E EXPRESS\u00c3O &#8211; 5\u00ba ANO &#8211; Anos Iniciais &#8211; 2026. .docx &#8211; Google Docs<\/a><a href=\"https:\/\/educacaocacador.com.br\/wp-content\/uploads\/2026\/02\/ARTE-E-EXPRESSAO-5o-ANO-Anos-Iniciais-2026.-.docx-Google-Docs.pdf\" class=\"wp-block-file__button wp-element-button\" download aria-describedby=\"wp-block-file--media-78b5bb46-4710-44eb-9c33-c7882af4cb2b\">Baixar<\/a><\/div>\n\n\n\n<p class=\"has-white-color has-midnight-gradient-background has-text-color has-background has-link-color wp-elements-6852ad748b87e1365680b18ea746d963\">CRIANDO SOLU\u00c7\u00d5ES<\/p>\n\n\n\n<div data-wp-interactive=\"core\/file\" class=\"wp-block-file\"><object data-wp-bind--hidden=\"!state.hasPdfPreview\" hidden class=\"wp-block-file__embed\" data=\"https:\/\/educacaocacador.com.br\/wp-content\/uploads\/2026\/02\/CRIANDO-SOLUCOES-5o-ANO-Integral-2026-1o-trimestre.docx-Google-Docs.pdf\" type=\"application\/pdf\" style=\"width:100%;height:600px\" aria-label=\"Incorporado de CRIANDO SOLU\u00c7\u00d5ES - 5\u00ba ANO - Integral - 2026 - 1\u00ba trimestre.docx - Google Docs.\"><\/object><a id=\"wp-block-file--media-2ddea9c1-7ea6-4817-aebf-023e00308b6a\" href=\"https:\/\/educacaocacador.com.br\/wp-content\/uploads\/2026\/02\/CRIANDO-SOLUCOES-5o-ANO-Integral-2026-1o-trimestre.docx-Google-Docs.pdf\">CRIANDO SOLU\u00c7\u00d5ES &#8211; 5\u00ba ANO &#8211; Integral &#8211; 2026 &#8211; 1\u00ba trimestre.docx &#8211; Google Docs<\/a><a href=\"https:\/\/educacaocacador.com.br\/wp-content\/uploads\/2026\/02\/CRIANDO-SOLUCOES-5o-ANO-Integral-2026-1o-trimestre.docx-Google-Docs.pdf\" class=\"wp-block-file__button wp-element-button\" download aria-describedby=\"wp-block-file--media-2ddea9c1-7ea6-4817-aebf-023e00308b6a\">Baixar<\/a><\/div>\n\n\n\n<p class=\"has-white-color has-midnight-gradient-background has-text-color has-background has-link-color wp-elements-f059aed9f2394cb85728f27385bfbc0e\">EDUCA\u00c7\u00c3O ALIMENTAR E NUTRICIONAL <\/p>\n\n\n\n<div data-wp-interactive=\"core\/file\" class=\"wp-block-file\"><object data-wp-bind--hidden=\"!state.hasPdfPreview\" hidden class=\"wp-block-file__embed\" data=\"https:\/\/educacaocacador.com.br\/wp-content\/uploads\/2026\/02\/5o-ANO-EDUCACAO-ALIMENTAR-E-NUTRICIONAL-Integral-2026-1o-trimestre.docx-Google-Docs.pdf\" type=\"application\/pdf\" style=\"width:100%;height:600px\" aria-label=\"Incorporado de 5\u00ba ANO - EDUCA\u00c7\u00c3O ALIMENTAR E NUTRICIONAL - Integral - 2026 - 1\u00ba trimestre.docx - Google Docs.\"><\/object><a id=\"wp-block-file--media-604e3e1a-9bae-4eff-8942-72dbddab69f3\" href=\"https:\/\/educacaocacador.com.br\/wp-content\/uploads\/2026\/02\/5o-ANO-EDUCACAO-ALIMENTAR-E-NUTRICIONAL-Integral-2026-1o-trimestre.docx-Google-Docs.pdf\">5\u00ba ANO &#8211; EDUCA\u00c7\u00c3O ALIMENTAR E NUTRICIONAL &#8211; Integral &#8211; 2026 &#8211; 1\u00ba trimestre.docx &#8211; Google Docs<\/a><a href=\"https:\/\/educacaocacador.com.br\/wp-content\/uploads\/2026\/02\/5o-ANO-EDUCACAO-ALIMENTAR-E-NUTRICIONAL-Integral-2026-1o-trimestre.docx-Google-Docs.pdf\" class=\"wp-block-file__button wp-element-button\" download aria-describedby=\"wp-block-file--media-604e3e1a-9bae-4eff-8942-72dbddab69f3\">Baixar<\/a><\/div>\n\n\n\n<p class=\"has-white-color has-midnight-gradient-background has-text-color has-background has-link-color wp-elements-2ea1ffd18bfa176659563ea3356983d1\">EDUCA\u00c7\u00c3O AMBIENTAL <\/p>\n\n\n\n<div data-wp-interactive=\"core\/file\" class=\"wp-block-file\"><object data-wp-bind--hidden=\"!state.hasPdfPreview\" hidden class=\"wp-block-file__embed\" data=\"https:\/\/educacaocacador.com.br\/wp-content\/uploads\/2026\/02\/5\u00b0-ano-EA-Integral-2026-1o-Trimestre.docx-Google-Docs.pdf\" type=\"application\/pdf\" style=\"width:100%;height:600px\" aria-label=\"Incorporado de 5\u00b0 ano - EA - Integral - 2026 - 1\u00ba Trimestre.docx - Google Docs.\"><\/object><a id=\"wp-block-file--media-c84ec899-77a8-46a7-90c9-fdcd690318c7\" href=\"https:\/\/educacaocacador.com.br\/wp-content\/uploads\/2026\/02\/5\u00b0-ano-EA-Integral-2026-1o-Trimestre.docx-Google-Docs.pdf\">5\u00b0 ano &#8211; EA &#8211; Integral &#8211; 2026 &#8211; 1\u00ba Trimestre.docx &#8211; Google Docs<\/a><a href=\"https:\/\/educacaocacador.com.br\/wp-content\/uploads\/2026\/02\/5\u00b0-ano-EA-Integral-2026-1o-Trimestre.docx-Google-Docs.pdf\" class=\"wp-block-file__button wp-element-button\" download aria-describedby=\"wp-block-file--media-c84ec899-77a8-46a7-90c9-fdcd690318c7\">Baixar<\/a><\/div>\n\n\n\n<p class=\"has-white-color has-midnight-gradient-background has-text-color has-background has-link-color wp-elements-590f671ec0aa5882f8fd93afb908dcf9\">EDUCA\u00c7\u00c3O BIL\u00cdNGUE <\/p>\n\n\n\n<div data-wp-interactive=\"core\/file\" class=\"wp-block-file\"><object data-wp-bind--hidden=\"!state.hasPdfPreview\" hidden class=\"wp-block-file__embed\" data=\"https:\/\/educacaocacador.com.br\/wp-content\/uploads\/2026\/02\/5o-ANO-Educacao-Bilingue-Integral-2026-1o-Trimestre-.docx-Google-Docs.pdf\" type=\"application\/pdf\" style=\"width:100%;height:600px\" aria-label=\"Incorporado de 5\u00ba ANO - Educa\u00e7\u00e3o Bil\u00edngue - Integral - 2026 - 1\u00ba Trimestre .docx - Google Docs.\"><\/object><a id=\"wp-block-file--media-3ccbe9fa-7985-436e-9a97-f3fecc787b2e\" href=\"https:\/\/educacaocacador.com.br\/wp-content\/uploads\/2026\/02\/5o-ANO-Educacao-Bilingue-Integral-2026-1o-Trimestre-.docx-Google-Docs.pdf\">5\u00ba ANO &#8211; Educa\u00e7\u00e3o Bil\u00edngue &#8211; Integral &#8211; 2026 &#8211; 1\u00ba Trimestre .docx &#8211; Google Docs<\/a><a href=\"https:\/\/educacaocacador.com.br\/wp-content\/uploads\/2026\/02\/5o-ANO-Educacao-Bilingue-Integral-2026-1o-Trimestre-.docx-Google-Docs.pdf\" class=\"wp-block-file__button wp-element-button\" download aria-describedby=\"wp-block-file--media-3ccbe9fa-7985-436e-9a97-f3fecc787b2e\">Baixar<\/a><\/div>\n\n\n\n<p class=\"has-white-color has-midnight-gradient-background has-text-color has-background has-link-color wp-elements-8e63020d1a7fcf557f32c40e7b1f3e55\">EDUCA\u00c7\u00c3O E CIDADANIA <\/p>\n\n\n\n<div data-wp-interactive=\"core\/file\" class=\"wp-block-file\"><object data-wp-bind--hidden=\"!state.hasPdfPreview\" hidden class=\"wp-block-file__embed\" data=\"https:\/\/educacaocacador.com.br\/wp-content\/uploads\/2026\/02\/5\u00b0-ANO-Educacao-e-Cidadania-1o-trimestre-Integral-2026.docx.pdf\" type=\"application\/pdf\" style=\"width:100%;height:600px\" aria-label=\"Incorporado de 5\u00b0 ANO - Educa\u00e7\u00e3o e Cidadania - 1\u00ba trimestre  - Integral - 2026.docx.\"><\/object><a id=\"wp-block-file--media-c8b4f954-c9f7-449a-a13a-6ce3f341556e\" href=\"https:\/\/educacaocacador.com.br\/wp-content\/uploads\/2026\/02\/5\u00b0-ANO-Educacao-e-Cidadania-1o-trimestre-Integral-2026.docx.pdf\">5\u00b0 ANO &#8211; Educa\u00e7\u00e3o e Cidadania &#8211; 1\u00ba trimestre  &#8211; Integral &#8211; 2026.docx<\/a><a href=\"https:\/\/educacaocacador.com.br\/wp-content\/uploads\/2026\/02\/5\u00b0-ANO-Educacao-e-Cidadania-1o-trimestre-Integral-2026.docx.pdf\" class=\"wp-block-file__button wp-element-button\" download aria-describedby=\"wp-block-file--media-c8b4f954-c9f7-449a-a13a-6ce3f341556e\">Baixar<\/a><\/div>\n\n\n\n<p class=\"has-white-color has-midnight-gradient-background has-text-color has-background has-link-color wp-elements-fcc5594b5893bf69e4c5ed84ba16f739\">EDUCA\u00c7\u00c3O FINANCEIRA <\/p>\n\n\n\n<div data-wp-interactive=\"core\/file\" class=\"wp-block-file\"><object data-wp-bind--hidden=\"!state.hasPdfPreview\" hidden class=\"wp-block-file__embed\" data=\"https:\/\/educacaocacador.com.br\/wp-content\/uploads\/2026\/02\/5o-ANO-EDUCACAO-FINANCEIRA-Integral-2026-.docx-Google-Docs.pdf\" type=\"application\/pdf\" style=\"width:100%;height:600px\" aria-label=\"Incorporado de 5\u00ba ANO - EDUCA\u00c7\u00c3O FINANCEIRA - Integral - 2026 .docx - Google Docs.\"><\/object><a id=\"wp-block-file--media-cb2309d5-f3be-4610-8dd1-420819a6e09c\" href=\"https:\/\/educacaocacador.com.br\/wp-content\/uploads\/2026\/02\/5o-ANO-EDUCACAO-FINANCEIRA-Integral-2026-.docx-Google-Docs.pdf\">5\u00ba ANO &#8211; EDUCA\u00c7\u00c3O FINANCEIRA &#8211; Integral &#8211; 2026 .docx &#8211; Google Docs<\/a><a href=\"https:\/\/educacaocacador.com.br\/wp-content\/uploads\/2026\/02\/5o-ANO-EDUCACAO-FINANCEIRA-Integral-2026-.docx-Google-Docs.pdf\" class=\"wp-block-file__button wp-element-button\" download aria-describedby=\"wp-block-file--media-cb2309d5-f3be-4610-8dd1-420819a6e09c\">Baixar<\/a><\/div>\n\n\n\n<p class=\"has-white-color has-midnight-gradient-background has-text-color has-background has-link-color wp-elements-0844634de4087a3867a88ce3f5309a21\">ESPORTE E SA\u00daDE <\/p>\n\n\n\n<div data-wp-interactive=\"core\/file\" class=\"wp-block-file\"><object data-wp-bind--hidden=\"!state.hasPdfPreview\" hidden class=\"wp-block-file__embed\" data=\"https:\/\/educacaocacador.com.br\/wp-content\/uploads\/2026\/02\/ESPORTE-E-SAUDE-5o-ANO-1o-TRIMESTRE.pdf\" type=\"application\/pdf\" style=\"width:100%;height:600px\" aria-label=\"Incorporado de ESPORTE E SA\u00daDE - 5\u00ba ANO - 1\u00ba TRIMESTRE.\"><\/object><a id=\"wp-block-file--media-134ea325-1b6a-4f9f-a2de-393e2fdbb16e\" href=\"https:\/\/educacaocacador.com.br\/wp-content\/uploads\/2026\/02\/ESPORTE-E-SAUDE-5o-ANO-1o-TRIMESTRE.pdf\">ESPORTE E SA\u00daDE &#8211; 5\u00ba ANO &#8211; 1\u00ba TRIMESTRE<\/a><a href=\"https:\/\/educacaocacador.com.br\/wp-content\/uploads\/2026\/02\/ESPORTE-E-SAUDE-5o-ANO-1o-TRIMESTRE.pdf\" class=\"wp-block-file__button wp-element-button\" download aria-describedby=\"wp-block-file--media-134ea325-1b6a-4f9f-a2de-393e2fdbb16e\">Baixar<\/a><\/div>\n\n\n\n<p class=\"has-white-color has-midnight-gradient-background has-text-color has-background has-link-color wp-elements-3b0a523b2ea617eda5ac0ed900fe3f18\">INTERA\u00c7\u00c3O E EMO\u00c7\u00c3O<\/p>\n\n\n\n<div data-wp-interactive=\"core\/file\" class=\"wp-block-file\"><object data-wp-bind--hidden=\"!state.hasPdfPreview\" hidden class=\"wp-block-file__embed\" data=\"https:\/\/educacaocacador.com.br\/wp-content\/uploads\/2026\/02\/5o-ANO-Interacao-e-Emocao-Integral-2026-1o-Trimestre-.docx-Google-Docs.pdf\" type=\"application\/pdf\" style=\"width:100%;height:600px\" aria-label=\"Incorporado de 5\u00ba ANO - Intera\u00e7\u00e3o e Emo\u00e7\u00e3o - Integral - 2026 - 1\u00ba Trimestre .docx - Google Docs.\"><\/object><a id=\"wp-block-file--media-30ada784-f7e1-4a49-9b89-43530351b7ed\" href=\"https:\/\/educacaocacador.com.br\/wp-content\/uploads\/2026\/02\/5o-ANO-Interacao-e-Emocao-Integral-2026-1o-Trimestre-.docx-Google-Docs.pdf\">5\u00ba ANO &#8211; Intera\u00e7\u00e3o e Emo\u00e7\u00e3o &#8211; Integral &#8211; 2026 &#8211; 1\u00ba Trimestre .docx &#8211; Google Docs<\/a><a href=\"https:\/\/educacaocacador.com.br\/wp-content\/uploads\/2026\/02\/5o-ANO-Interacao-e-Emocao-Integral-2026-1o-Trimestre-.docx-Google-Docs.pdf\" class=\"wp-block-file__button wp-element-button\" download aria-describedby=\"wp-block-file--media-30ada784-f7e1-4a49-9b89-43530351b7ed\">Baixar<\/a><\/div>\n\n\n\n<p class=\"has-white-color has-midnight-gradient-background has-text-color has-background has-link-color wp-elements-7304617da37d7cdc0638a8ce5b30d157\">LINGUAGENS E CONEX\u00d5ES <\/p>\n\n\n\n<div data-wp-interactive=\"core\/file\" class=\"wp-block-file\"><object data-wp-bind--hidden=\"!state.hasPdfPreview\" hidden class=\"wp-block-file__embed\" data=\"https:\/\/educacaocacador.com.br\/wp-content\/uploads\/2026\/02\/5o-ANO-Linguagens-e-Conexoes-Integral-2026-1o-Trimestre.docx-Google-Docs.pdf\" type=\"application\/pdf\" style=\"width:100%;height:600px\" aria-label=\"Incorporado de 5\u00ba ANO - Linguagens e Conex\u00f5es - Integral -2026 - 1\u00ba Trimestre.docx - Google Docs.\"><\/object><a id=\"wp-block-file--media-400f17ba-6caf-4ef3-a835-9574b87b720b\" href=\"https:\/\/educacaocacador.com.br\/wp-content\/uploads\/2026\/02\/5o-ANO-Linguagens-e-Conexoes-Integral-2026-1o-Trimestre.docx-Google-Docs.pdf\">5\u00ba ANO &#8211; Linguagens e Conex\u00f5es &#8211; Integral -2026 &#8211; 1\u00ba Trimestre.docx &#8211; Google Docs<\/a><a href=\"https:\/\/educacaocacador.com.br\/wp-content\/uploads\/2026\/02\/5o-ANO-Linguagens-e-Conexoes-Integral-2026-1o-Trimestre.docx-Google-Docs.pdf\" class=\"wp-block-file__button wp-element-button\" download aria-describedby=\"wp-block-file--media-400f17ba-6caf-4ef3-a835-9574b87b720b\">Baixar<\/a><\/div>\n\n\n\n<p class=\"has-white-color has-midnight-gradient-background has-text-color has-background has-link-color wp-elements-c239411f1ef1faae4192a9051f7f10a1\">PR\u00c1TICAS DE LINGUAGEM <\/p>\n\n\n\n<div data-wp-interactive=\"core\/file\" class=\"wp-block-file\"><object data-wp-bind--hidden=\"!state.hasPdfPreview\" hidden class=\"wp-block-file__embed\" data=\"https:\/\/educacaocacador.com.br\/wp-content\/uploads\/2026\/02\/PRATICAS-DE-LINGUAGEM-5o-ANO-Integral-2026-.docx-Google-Docs.pdf\" type=\"application\/pdf\" style=\"width:100%;height:600px\" aria-label=\"Incorporado de PR\u00c1TICAS DE LINGUAGEM - 5\u00ba ANO - Integral - 2026 .docx - Google Docs.\"><\/object><a id=\"wp-block-file--media-f2fa9473-3039-4fc5-978a-ee6f53b08951\" href=\"https:\/\/educacaocacador.com.br\/wp-content\/uploads\/2026\/02\/PRATICAS-DE-LINGUAGEM-5o-ANO-Integral-2026-.docx-Google-Docs.pdf\">PR\u00c1TICAS DE LINGUAGEM &#8211; 5\u00ba ANO &#8211; Integral &#8211; 2026 .docx &#8211; Google Docs<\/a><a href=\"https:\/\/educacaocacador.com.br\/wp-content\/uploads\/2026\/02\/PRATICAS-DE-LINGUAGEM-5o-ANO-Integral-2026-.docx-Google-Docs.pdf\" class=\"wp-block-file__button wp-element-button\" download aria-describedby=\"wp-block-file--media-f2fa9473-3039-4fc5-978a-ee6f53b08951\">Baixar<\/a><\/div>\n\n\n\n<p class=\"has-white-color has-midnight-gradient-background has-text-color has-background has-link-color wp-elements-e6ca2c94a3048a6366e3f6d50579e05d\">TECNOLOGIA E TRANSFORMA\u00c7\u00c3O <\/p>\n\n\n\n<div data-wp-interactive=\"core\/file\" class=\"wp-block-file\"><object data-wp-bind--hidden=\"!state.hasPdfPreview\" hidden class=\"wp-block-file__embed\" data=\"https:\/\/educacaocacador.com.br\/wp-content\/uploads\/2026\/02\/1\u00b0-trimestre-Tecnologia-e-Transformacao-5.docx.pdf\" type=\"application\/pdf\" style=\"width:100%;height:600px\" aria-label=\"Incorporado de 1\u00b0 trimestre -  Tecnologia e Transforma\u00e7\u00e3o 5.docx.\"><\/object><a id=\"wp-block-file--media-713afc9a-9910-4070-ac8d-2a12632e1b6f\" href=\"https:\/\/educacaocacador.com.br\/wp-content\/uploads\/2026\/02\/1\u00b0-trimestre-Tecnologia-e-Transformacao-5.docx.pdf\">1\u00b0 trimestre &#8211;  Tecnologia e Transforma\u00e7\u00e3o 5.docx<\/a><a href=\"https:\/\/educacaocacador.com.br\/wp-content\/uploads\/2026\/02\/1\u00b0-trimestre-Tecnologia-e-Transformacao-5.docx.pdf\" class=\"wp-block-file__button wp-element-button\" download aria-describedby=\"wp-block-file--media-713afc9a-9910-4070-ac8d-2a12632e1b6f\">Baixar<\/a><\/div>\n","protected":false},"excerpt":{"rendered":"<p>ARTE E EXPRESS\u00c3O CRIANDO SOLU\u00c7\u00d5ES EDUCA\u00c7\u00c3O ALIMENTAR E NUTRICIONAL EDUCA\u00c7\u00c3O AMBIENTAL EDUCA\u00c7\u00c3O BIL\u00cdNGUE EDUCA\u00c7\u00c3O E CIDADANIA EDUCA\u00c7\u00c3O FINANCEIRA ESPORTE E SA\u00daDE INTERA\u00c7\u00c3O E EMO\u00c7\u00c3O LINGUAGENS E CONEX\u00d5ES PR\u00c1TICAS DE LINGUAGEM TECNOLOGIA E TRANSFORMA\u00c7\u00c3O<\/p>\n","protected":false},"author":2,"featured_media":0,"parent":0,"menu_order":0,"comment_status":"closed","ping_status":"closed","template":"","meta":{"_acf_changed":false,"footnotes":""},"class_list":["post-3042","page","type-page","status-publish","hentry"],"acf":[],"_links":{"self":[{"href":"https:\/\/educacaocacador.com.br\/index.php?rest_route=\/wp\/v2\/pages\/3042","targetHints":{"allow":["GET"]}}],"collection":[{"href":"https:\/\/educacaocacador.com.br\/index.php?rest_route=\/wp\/v2\/pages"}],"about":[{"href":"https:\/\/educacaocacador.com.br\/index.php?rest_route=\/wp\/v2\/types\/page"}],"author":[{"embeddable":true,"href":"https:\/\/educacaocacador.com.br\/index.php?rest_route=\/wp\/v2\/users\/2"}],"replies":[{"embeddable":true,"href":"https:\/\/educacaocacador.com.br\/index.php?rest_route=%2Fwp%2Fv2%2Fcomments&post=3042"}],"version-history":[{"count":4,"href":"https:\/\/educacaocacador.com.br\/index.php?rest_route=\/wp\/v2\/pages\/3042\/revisions"}],"predecessor-version":[{"id":3080,"href":"https:\/\/educacaocacador.com.br\/index.php?rest_route=\/wp\/v2\/pages\/3042\/revisions\/3080"}],"wp:attachment":[{"href":"https:\/\/educacaocacador.com.br\/index.php?rest_route=%2Fwp%2Fv2%2Fmedia&parent=3042"}],"curies":[{"name":"wp","href":"https:\/\/api.w.org\/{rel}","templated":true}]}}