{"id":3040,"date":"2026-02-13T09:53:04","date_gmt":"2026-02-13T12:53:04","guid":{"rendered":"https:\/\/educacaocacador.com.br\/?page_id=3040"},"modified":"2026-02-13T10:06:18","modified_gmt":"2026-02-13T13:06:18","slug":"4o-ano-eiti","status":"publish","type":"page","link":"https:\/\/educacaocacador.com.br\/?page_id=3040","title":{"rendered":"4\u00ba ANO EITI"},"content":{"rendered":"\n<p class=\"has-white-color has-midnight-gradient-background has-text-color has-background has-link-color wp-elements-c4dbf0424df96ac13cc5655e635636da\">ARTE E EXPRESS\u00c3O<\/p>\n\n\n\n<div data-wp-interactive=\"core\/file\" class=\"wp-block-file\"><object data-wp-bind--hidden=\"!state.hasPdfPreview\" hidden class=\"wp-block-file__embed\" data=\"https:\/\/educacaocacador.com.br\/wp-content\/uploads\/2026\/02\/ARTE-E-EXPRESSAO-4o-ANO-Anos-Iniciais-2026-.docx-Google-Docs.pdf\" type=\"application\/pdf\" style=\"width:100%;height:600px\" aria-label=\"Incorporado de ARTE E EXPRESS\u00c3O - 4\u00ba ANO - Anos Iniciais - 2026 .....docx - Google Docs.\"><\/object><a id=\"wp-block-file--media-9bad0dd3-ec17-4100-b514-4347b373570d\" href=\"https:\/\/educacaocacador.com.br\/wp-content\/uploads\/2026\/02\/ARTE-E-EXPRESSAO-4o-ANO-Anos-Iniciais-2026-.docx-Google-Docs.pdf\">ARTE E EXPRESS\u00c3O &#8211; 4\u00ba ANO &#8211; Anos Iniciais &#8211; 2026 &#8230;..docx &#8211; Google Docs<\/a><a href=\"https:\/\/educacaocacador.com.br\/wp-content\/uploads\/2026\/02\/ARTE-E-EXPRESSAO-4o-ANO-Anos-Iniciais-2026-.docx-Google-Docs.pdf\" class=\"wp-block-file__button wp-element-button\" download aria-describedby=\"wp-block-file--media-9bad0dd3-ec17-4100-b514-4347b373570d\">Baixar<\/a><\/div>\n\n\n\n<p class=\"has-white-color has-midnight-gradient-background has-text-color has-background has-link-color wp-elements-6852ad748b87e1365680b18ea746d963\">CRIANDO SOLU\u00c7\u00d5ES<\/p>\n\n\n\n<div data-wp-interactive=\"core\/file\" class=\"wp-block-file\"><object data-wp-bind--hidden=\"!state.hasPdfPreview\" hidden class=\"wp-block-file__embed\" data=\"https:\/\/educacaocacador.com.br\/wp-content\/uploads\/2026\/02\/4o-Criando-Solucoes-Integral-2026-1o-trimestre.docx-Google-Docs.pdf\" type=\"application\/pdf\" style=\"width:100%;height:600px\" aria-label=\"Incorporado de 4\u00ba - Criando Solu\u00e7\u00f5es - Integral - 2026 - 1\u00ba trimestre.docx - Google Docs.\"><\/object><a id=\"wp-block-file--media-da14df9c-a2ea-4eb9-a2a3-4b4c9b739e53\" href=\"https:\/\/educacaocacador.com.br\/wp-content\/uploads\/2026\/02\/4o-Criando-Solucoes-Integral-2026-1o-trimestre.docx-Google-Docs.pdf\">4\u00ba &#8211; Criando Solu\u00e7\u00f5es &#8211; Integral &#8211; 2026 &#8211; 1\u00ba trimestre.docx &#8211; Google Docs<\/a><a href=\"https:\/\/educacaocacador.com.br\/wp-content\/uploads\/2026\/02\/4o-Criando-Solucoes-Integral-2026-1o-trimestre.docx-Google-Docs.pdf\" class=\"wp-block-file__button wp-element-button\" download aria-describedby=\"wp-block-file--media-da14df9c-a2ea-4eb9-a2a3-4b4c9b739e53\">Baixar<\/a><\/div>\n\n\n\n<p class=\"has-white-color has-midnight-gradient-background has-text-color has-background has-link-color wp-elements-f059aed9f2394cb85728f27385bfbc0e\">EDUCA\u00c7\u00c3O ALIMENTAR E NUTRICIONAL <\/p>\n\n\n\n<div data-wp-interactive=\"core\/file\" class=\"wp-block-file\"><object data-wp-bind--hidden=\"!state.hasPdfPreview\" hidden class=\"wp-block-file__embed\" data=\"https:\/\/educacaocacador.com.br\/wp-content\/uploads\/2026\/02\/4o-ANO-Educacao-Alimentar-e-Nutricional-Integral-2026-1o-trimestre.docx-Google-Docs.pdf\" type=\"application\/pdf\" style=\"width:100%;height:600px\" aria-label=\"Incorporado de 4\u00ba ANO - Educa\u00e7\u00e3o Alimentar e Nutricional - Integral - 2026 - 1\u00ba trimestre.docx - Google Docs.\"><\/object><a id=\"wp-block-file--media-94c6a299-2281-4e17-9b6b-31f89a596938\" href=\"https:\/\/educacaocacador.com.br\/wp-content\/uploads\/2026\/02\/4o-ANO-Educacao-Alimentar-e-Nutricional-Integral-2026-1o-trimestre.docx-Google-Docs.pdf\">4\u00ba ANO &#8211; Educa\u00e7\u00e3o Alimentar e Nutricional &#8211; Integral &#8211; 2026 &#8211; 1\u00ba trimestre.docx &#8211; Google Docs<\/a><a href=\"https:\/\/educacaocacador.com.br\/wp-content\/uploads\/2026\/02\/4o-ANO-Educacao-Alimentar-e-Nutricional-Integral-2026-1o-trimestre.docx-Google-Docs.pdf\" class=\"wp-block-file__button wp-element-button\" download aria-describedby=\"wp-block-file--media-94c6a299-2281-4e17-9b6b-31f89a596938\">Baixar<\/a><\/div>\n\n\n\n<p class=\"has-white-color has-midnight-gradient-background has-text-color has-background has-link-color wp-elements-2ea1ffd18bfa176659563ea3356983d1\">EDUCA\u00c7\u00c3O AMBIENTAL <\/p>\n\n\n\n<div data-wp-interactive=\"core\/file\" class=\"wp-block-file\"><object data-wp-bind--hidden=\"!state.hasPdfPreview\" hidden class=\"wp-block-file__embed\" data=\"https:\/\/educacaocacador.com.br\/wp-content\/uploads\/2026\/02\/4\u00b0-ano-EA-Integral-2026-1o-Trimestre.docx-Google-Docs.pdf\" type=\"application\/pdf\" style=\"width:100%;height:600px\" aria-label=\"Incorporado de 4\u00b0 ano - EA - Integral - 2026 - 1\u00ba Trimestre.docx - Google Docs.\"><\/object><a id=\"wp-block-file--media-27c7036b-cac8-41ed-ae25-dea61a30d2e8\" href=\"https:\/\/educacaocacador.com.br\/wp-content\/uploads\/2026\/02\/4\u00b0-ano-EA-Integral-2026-1o-Trimestre.docx-Google-Docs.pdf\">4\u00b0 ano &#8211; EA &#8211; Integral &#8211; 2026 &#8211; 1\u00ba Trimestre.docx &#8211; Google Docs<\/a><a href=\"https:\/\/educacaocacador.com.br\/wp-content\/uploads\/2026\/02\/4\u00b0-ano-EA-Integral-2026-1o-Trimestre.docx-Google-Docs.pdf\" class=\"wp-block-file__button wp-element-button\" download aria-describedby=\"wp-block-file--media-27c7036b-cac8-41ed-ae25-dea61a30d2e8\">Baixar<\/a><\/div>\n\n\n\n<p class=\"has-white-color has-midnight-gradient-background has-text-color has-background has-link-color wp-elements-590f671ec0aa5882f8fd93afb908dcf9\">EDUCA\u00c7\u00c3O BIL\u00cdNGUE <\/p>\n\n\n\n<div data-wp-interactive=\"core\/file\" class=\"wp-block-file\"><object data-wp-bind--hidden=\"!state.hasPdfPreview\" hidden class=\"wp-block-file__embed\" data=\"https:\/\/educacaocacador.com.br\/wp-content\/uploads\/2026\/02\/4o-ANO-Educacao-Bilingue-Integral-2026-1o-Trimestre-.docx-Google-Docs.pdf\" type=\"application\/pdf\" style=\"width:100%;height:600px\" aria-label=\"Incorporado de 4\u00ba ANO - Educa\u00e7\u00e3o Bil\u00edngue - Integral - 2026 - 1\u00ba Trimestre .docx - Google Docs.\"><\/object><a id=\"wp-block-file--media-a8e99c67-2dc0-4a59-835d-27d2ad32d547\" href=\"https:\/\/educacaocacador.com.br\/wp-content\/uploads\/2026\/02\/4o-ANO-Educacao-Bilingue-Integral-2026-1o-Trimestre-.docx-Google-Docs.pdf\">4\u00ba ANO &#8211; Educa\u00e7\u00e3o Bil\u00edngue &#8211; Integral &#8211; 2026 &#8211; 1\u00ba Trimestre .docx &#8211; Google Docs<\/a><a href=\"https:\/\/educacaocacador.com.br\/wp-content\/uploads\/2026\/02\/4o-ANO-Educacao-Bilingue-Integral-2026-1o-Trimestre-.docx-Google-Docs.pdf\" class=\"wp-block-file__button wp-element-button\" download aria-describedby=\"wp-block-file--media-a8e99c67-2dc0-4a59-835d-27d2ad32d547\">Baixar<\/a><\/div>\n\n\n\n<p class=\"has-white-color has-midnight-gradient-background has-text-color has-background has-link-color wp-elements-8e63020d1a7fcf557f32c40e7b1f3e55\">EDUCA\u00c7\u00c3O E CIDADANIA <\/p>\n\n\n\n<div data-wp-interactive=\"core\/file\" class=\"wp-block-file\"><object data-wp-bind--hidden=\"!state.hasPdfPreview\" hidden class=\"wp-block-file__embed\" data=\"https:\/\/educacaocacador.com.br\/wp-content\/uploads\/2026\/02\/4\u00b0-ANO-Educacao-e-Cidadania-1o-trimestre-Integral-2026.docx.pdf\" type=\"application\/pdf\" style=\"width:100%;height:600px\" aria-label=\"Incorporado de 4\u00b0 ANO - Educa\u00e7\u00e3o e Cidadania - 1\u00ba trimestre - Integral - 2026.docx.\"><\/object><a id=\"wp-block-file--media-fc5628ba-cee8-40af-af8e-6e6a3b2ab203\" href=\"https:\/\/educacaocacador.com.br\/wp-content\/uploads\/2026\/02\/4\u00b0-ANO-Educacao-e-Cidadania-1o-trimestre-Integral-2026.docx.pdf\">4\u00b0 ANO &#8211; Educa\u00e7\u00e3o e Cidadania &#8211; 1\u00ba trimestre &#8211; Integral &#8211; 2026.docx<\/a><a href=\"https:\/\/educacaocacador.com.br\/wp-content\/uploads\/2026\/02\/4\u00b0-ANO-Educacao-e-Cidadania-1o-trimestre-Integral-2026.docx.pdf\" class=\"wp-block-file__button wp-element-button\" download aria-describedby=\"wp-block-file--media-fc5628ba-cee8-40af-af8e-6e6a3b2ab203\">Baixar<\/a><\/div>\n\n\n\n<p class=\"has-white-color has-midnight-gradient-background has-text-color has-background has-link-color wp-elements-fcc5594b5893bf69e4c5ed84ba16f739\">EDUCA\u00c7\u00c3O FINANCEIRA <\/p>\n\n\n\n<div data-wp-interactive=\"core\/file\" class=\"wp-block-file\"><object data-wp-bind--hidden=\"!state.hasPdfPreview\" hidden class=\"wp-block-file__embed\" data=\"https:\/\/educacaocacador.com.br\/wp-content\/uploads\/2026\/02\/4o-ANO-EDUCACAO-FINANCEIRA-Anos-Iniciais-Integral-2026-.docx-Google-Docs.pdf\" type=\"application\/pdf\" style=\"width:100%;height:600px\" aria-label=\"Incorporado de 4\u00ba ANO - EDUCA\u00c7\u00c3O FINANCEIRA - Anos Iniciais - Integral - 2026 .docx - Google Docs.\"><\/object><a id=\"wp-block-file--media-d11612e3-98a7-4462-a601-6c88c5d1db1d\" href=\"https:\/\/educacaocacador.com.br\/wp-content\/uploads\/2026\/02\/4o-ANO-EDUCACAO-FINANCEIRA-Anos-Iniciais-Integral-2026-.docx-Google-Docs.pdf\">4\u00ba ANO &#8211; EDUCA\u00c7\u00c3O FINANCEIRA &#8211; Anos Iniciais &#8211; Integral &#8211; 2026 .docx &#8211; Google Docs<\/a><a href=\"https:\/\/educacaocacador.com.br\/wp-content\/uploads\/2026\/02\/4o-ANO-EDUCACAO-FINANCEIRA-Anos-Iniciais-Integral-2026-.docx-Google-Docs.pdf\" class=\"wp-block-file__button wp-element-button\" download aria-describedby=\"wp-block-file--media-d11612e3-98a7-4462-a601-6c88c5d1db1d\">Baixar<\/a><\/div>\n\n\n\n<p class=\"has-white-color has-midnight-gradient-background has-text-color has-background has-link-color wp-elements-0844634de4087a3867a88ce3f5309a21\">ESPORTE E SA\u00daDE <\/p>\n\n\n\n<div data-wp-interactive=\"core\/file\" class=\"wp-block-file\"><object data-wp-bind--hidden=\"!state.hasPdfPreview\" hidden class=\"wp-block-file__embed\" data=\"https:\/\/educacaocacador.com.br\/wp-content\/uploads\/2026\/02\/ESPORTE-E-SAUDE-4o-ANO-1o-TRIMESTRE.pdf\" type=\"application\/pdf\" style=\"width:100%;height:600px\" aria-label=\"Incorporado de ESPORTE E SA\u00daDE - 4\u00ba ANO - 1\u00ba TRIMESTRE.\"><\/object><a id=\"wp-block-file--media-64d6aabd-c9e6-4dd4-97d8-2b77d99a1aeb\" href=\"https:\/\/educacaocacador.com.br\/wp-content\/uploads\/2026\/02\/ESPORTE-E-SAUDE-4o-ANO-1o-TRIMESTRE.pdf\">ESPORTE E SA\u00daDE &#8211; 4\u00ba ANO &#8211; 1\u00ba TRIMESTRE<\/a><a href=\"https:\/\/educacaocacador.com.br\/wp-content\/uploads\/2026\/02\/ESPORTE-E-SAUDE-4o-ANO-1o-TRIMESTRE.pdf\" class=\"wp-block-file__button wp-element-button\" download aria-describedby=\"wp-block-file--media-64d6aabd-c9e6-4dd4-97d8-2b77d99a1aeb\">Baixar<\/a><\/div>\n\n\n\n<p class=\"has-white-color has-midnight-gradient-background has-text-color has-background has-link-color wp-elements-7d916f746d6374712d4a0533cf20f8ca\">INTERA\u00c7\u00c3O E EMO\u00c7\u00c3O <\/p>\n\n\n\n<div data-wp-interactive=\"core\/file\" class=\"wp-block-file\"><object data-wp-bind--hidden=\"!state.hasPdfPreview\" hidden class=\"wp-block-file__embed\" data=\"https:\/\/educacaocacador.com.br\/wp-content\/uploads\/2026\/02\/4o-ANO-Interacao-e-Emocao-Integral-2026-1o-trimestre-.docx-Google-Docs.pdf\" type=\"application\/pdf\" style=\"width:100%;height:600px\" aria-label=\"Incorporado de 4\u00ba ANO - Intera\u00e7\u00e3o e Emo\u00e7\u00e3o - Integral - 2026 - 1\u00ba trimestre .docx - Google Docs.\"><\/object><a id=\"wp-block-file--media-98eb356d-5128-4fa9-bb82-aeafd67906dc\" href=\"https:\/\/educacaocacador.com.br\/wp-content\/uploads\/2026\/02\/4o-ANO-Interacao-e-Emocao-Integral-2026-1o-trimestre-.docx-Google-Docs.pdf\">4\u00ba ANO &#8211; Intera\u00e7\u00e3o e Emo\u00e7\u00e3o &#8211; Integral &#8211; 2026 &#8211; 1\u00ba trimestre .docx &#8211; Google Docs<\/a><a href=\"https:\/\/educacaocacador.com.br\/wp-content\/uploads\/2026\/02\/4o-ANO-Interacao-e-Emocao-Integral-2026-1o-trimestre-.docx-Google-Docs.pdf\" class=\"wp-block-file__button wp-element-button\" download aria-describedby=\"wp-block-file--media-98eb356d-5128-4fa9-bb82-aeafd67906dc\">Baixar<\/a><\/div>\n\n\n\n<p class=\"has-white-color has-midnight-gradient-background has-text-color has-background has-link-color wp-elements-7304617da37d7cdc0638a8ce5b30d157\">LINGUAGENS E CONEX\u00d5ES <\/p>\n\n\n\n<div data-wp-interactive=\"core\/file\" class=\"wp-block-file\"><object data-wp-bind--hidden=\"!state.hasPdfPreview\" hidden class=\"wp-block-file__embed\" data=\"https:\/\/educacaocacador.com.br\/wp-content\/uploads\/2026\/02\/4o-ANO-Linguagens-e-Conexoes-Integral-2026-1o-Trimestre.docx-Google-Docs.pdf\" type=\"application\/pdf\" style=\"width:100%;height:600px\" aria-label=\"Incorporado de 4\u00ba ANO - Linguagens e Conex\u00f5es - Integral - 2026 - 1\u00ba Trimestre.docx - Google Docs.\"><\/object><a id=\"wp-block-file--media-33100ea8-f61c-4c6e-bf46-caac7251e21d\" href=\"https:\/\/educacaocacador.com.br\/wp-content\/uploads\/2026\/02\/4o-ANO-Linguagens-e-Conexoes-Integral-2026-1o-Trimestre.docx-Google-Docs.pdf\">4\u00ba ANO &#8211; Linguagens e Conex\u00f5es &#8211; Integral &#8211; 2026 &#8211; 1\u00ba Trimestre.docx &#8211; Google Docs<\/a><a href=\"https:\/\/educacaocacador.com.br\/wp-content\/uploads\/2026\/02\/4o-ANO-Linguagens-e-Conexoes-Integral-2026-1o-Trimestre.docx-Google-Docs.pdf\" class=\"wp-block-file__button wp-element-button\" download aria-describedby=\"wp-block-file--media-33100ea8-f61c-4c6e-bf46-caac7251e21d\">Baixar<\/a><\/div>\n\n\n\n<p class=\"has-white-color has-midnight-gradient-background has-text-color has-background has-link-color wp-elements-c239411f1ef1faae4192a9051f7f10a1\">PR\u00c1TICAS DE LINGUAGEM <\/p>\n\n\n\n<div data-wp-interactive=\"core\/file\" class=\"wp-block-file\"><object data-wp-bind--hidden=\"!state.hasPdfPreview\" hidden class=\"wp-block-file__embed\" data=\"https:\/\/educacaocacador.com.br\/wp-content\/uploads\/2026\/02\/4o-ANO-Praticas-de-Linguagem-Integral-1o-Trimestre-2026-.docx-Google-Docs.pdf\" type=\"application\/pdf\" style=\"width:100%;height:600px\" aria-label=\"Incorporado de 4\u00ba ANO - Pr\u00e1ticas de Linguagem - Integral - 1\u00ba Trimestre - 2026 .docx - Google Docs.\"><\/object><a id=\"wp-block-file--media-39323a9b-6a9b-41b9-9922-2a53f0c13cdb\" href=\"https:\/\/educacaocacador.com.br\/wp-content\/uploads\/2026\/02\/4o-ANO-Praticas-de-Linguagem-Integral-1o-Trimestre-2026-.docx-Google-Docs.pdf\">4\u00ba ANO &#8211; Pr\u00e1ticas de Linguagem &#8211; Integral &#8211; 1\u00ba Trimestre &#8211; 2026 .docx &#8211; Google Docs<\/a><a href=\"https:\/\/educacaocacador.com.br\/wp-content\/uploads\/2026\/02\/4o-ANO-Praticas-de-Linguagem-Integral-1o-Trimestre-2026-.docx-Google-Docs.pdf\" class=\"wp-block-file__button wp-element-button\" download aria-describedby=\"wp-block-file--media-39323a9b-6a9b-41b9-9922-2a53f0c13cdb\">Baixar<\/a><\/div>\n\n\n\n<p class=\"has-white-color has-midnight-gradient-background has-text-color has-background has-link-color wp-elements-e6ca2c94a3048a6366e3f6d50579e05d\">TECNOLOGIA E TRANSFORMA\u00c7\u00c3O <\/p>\n\n\n\n<div data-wp-interactive=\"core\/file\" class=\"wp-block-file\"><object data-wp-bind--hidden=\"!state.hasPdfPreview\" hidden class=\"wp-block-file__embed\" data=\"https:\/\/educacaocacador.com.br\/wp-content\/uploads\/2026\/02\/1\u00b0-trimestre-Tecnologia-e-Transformacao-4.docx.pdf\" type=\"application\/pdf\" style=\"width:100%;height:600px\" aria-label=\"Incorporado de 1\u00b0 trimestre - Tecnologia e Transforma\u00e7\u00e3o 4.docx.\"><\/object><a id=\"wp-block-file--media-e69415d2-d577-4287-b71c-018caa79a41b\" href=\"https:\/\/educacaocacador.com.br\/wp-content\/uploads\/2026\/02\/1\u00b0-trimestre-Tecnologia-e-Transformacao-4.docx.pdf\">1\u00b0 trimestre &#8211; Tecnologia e Transforma\u00e7\u00e3o 4.docx<\/a><a href=\"https:\/\/educacaocacador.com.br\/wp-content\/uploads\/2026\/02\/1\u00b0-trimestre-Tecnologia-e-Transformacao-4.docx.pdf\" class=\"wp-block-file__button wp-element-button\" download aria-describedby=\"wp-block-file--media-e69415d2-d577-4287-b71c-018caa79a41b\">Baixar<\/a><\/div>\n","protected":false},"excerpt":{"rendered":"<p>ARTE E EXPRESS\u00c3O CRIANDO SOLU\u00c7\u00d5ES EDUCA\u00c7\u00c3O ALIMENTAR E NUTRICIONAL EDUCA\u00c7\u00c3O AMBIENTAL EDUCA\u00c7\u00c3O BIL\u00cdNGUE EDUCA\u00c7\u00c3O E CIDADANIA EDUCA\u00c7\u00c3O FINANCEIRA ESPORTE E SA\u00daDE INTERA\u00c7\u00c3O E EMO\u00c7\u00c3O LINGUAGENS E CONEX\u00d5ES PR\u00c1TICAS DE LINGUAGEM TECNOLOGIA E TRANSFORMA\u00c7\u00c3O<\/p>\n","protected":false},"author":2,"featured_media":0,"parent":0,"menu_order":0,"comment_status":"closed","ping_status":"closed","template":"","meta":{"_acf_changed":false,"footnotes":""},"class_list":["post-3040","page","type-page","status-publish","hentry"],"acf":[],"_links":{"self":[{"href":"https:\/\/educacaocacador.com.br\/index.php?rest_route=\/wp\/v2\/pages\/3040","targetHints":{"allow":["GET"]}}],"collection":[{"href":"https:\/\/educacaocacador.com.br\/index.php?rest_route=\/wp\/v2\/pages"}],"about":[{"href":"https:\/\/educacaocacador.com.br\/index.php?rest_route=\/wp\/v2\/types\/page"}],"author":[{"embeddable":true,"href":"https:\/\/educacaocacador.com.br\/index.php?rest_route=\/wp\/v2\/users\/2"}],"replies":[{"embeddable":true,"href":"https:\/\/educacaocacador.com.br\/index.php?rest_route=%2Fwp%2Fv2%2Fcomments&post=3040"}],"version-history":[{"count":4,"href":"https:\/\/educacaocacador.com.br\/index.php?rest_route=\/wp\/v2\/pages\/3040\/revisions"}],"predecessor-version":[{"id":3081,"href":"https:\/\/educacaocacador.com.br\/index.php?rest_route=\/wp\/v2\/pages\/3040\/revisions\/3081"}],"wp:attachment":[{"href":"https:\/\/educacaocacador.com.br\/index.php?rest_route=%2Fwp%2Fv2%2Fmedia&parent=3040"}],"curies":[{"name":"wp","href":"https:\/\/api.w.org\/{rel}","templated":true}]}}