{"id":3019,"date":"2026-02-13T09:41:20","date_gmt":"2026-02-13T12:41:20","guid":{"rendered":"https:\/\/educacaocacador.com.br\/?page_id=3019"},"modified":"2026-02-13T09:50:51","modified_gmt":"2026-02-13T12:50:51","slug":"3o-ano-eiti","status":"publish","type":"page","link":"https:\/\/educacaocacador.com.br\/?page_id=3019","title":{"rendered":"3\u00ba ANO EITI"},"content":{"rendered":"\n<p class=\"has-white-color has-midnight-gradient-background has-text-color has-background has-link-color wp-elements-c4dbf0424df96ac13cc5655e635636da\">ARTE E EXPRESS\u00c3O<\/p>\n\n\n\n<div data-wp-interactive=\"core\/file\" class=\"wp-block-file\"><object data-wp-bind--hidden=\"!state.hasPdfPreview\" hidden class=\"wp-block-file__embed\" data=\"https:\/\/educacaocacador.com.br\/wp-content\/uploads\/2026\/02\/ARTE-E-EXPRESSAO-3o-ANO-Anos-Iniciais-2026-.docx-Google-Docs-1.pdf\" type=\"application\/pdf\" style=\"width:100%;height:600px\" aria-label=\"Incorporado de ARTE E EXPRESS\u00c3O - 3\u00ba ANO - Anos Iniciais - 2026 ....docx - Google Docs.\"><\/object><a id=\"wp-block-file--media-9a839c96-8f83-4e10-8786-f317565aa1c7\" href=\"https:\/\/educacaocacador.com.br\/wp-content\/uploads\/2026\/02\/ARTE-E-EXPRESSAO-3o-ANO-Anos-Iniciais-2026-.docx-Google-Docs-1.pdf\">ARTE E EXPRESS\u00c3O &#8211; 3\u00ba ANO &#8211; Anos Iniciais &#8211; 2026 &#8230;.docx &#8211; Google Docs<\/a><a href=\"https:\/\/educacaocacador.com.br\/wp-content\/uploads\/2026\/02\/ARTE-E-EXPRESSAO-3o-ANO-Anos-Iniciais-2026-.docx-Google-Docs-1.pdf\" class=\"wp-block-file__button wp-element-button\" download aria-describedby=\"wp-block-file--media-9a839c96-8f83-4e10-8786-f317565aa1c7\">Baixar<\/a><\/div>\n\n\n\n<p class=\"has-white-color has-midnight-gradient-background has-text-color has-background has-link-color wp-elements-6852ad748b87e1365680b18ea746d963\">CRIANDO SOLU\u00c7\u00d5ES<\/p>\n\n\n\n<div data-wp-interactive=\"core\/file\" class=\"wp-block-file\"><object data-wp-bind--hidden=\"!state.hasPdfPreview\" hidden class=\"wp-block-file__embed\" data=\"https:\/\/educacaocacador.com.br\/wp-content\/uploads\/2026\/02\/3o-Criando-Solucoes-Integral-2026-1o-trimestre.docx-Google-Docs.pdf\" type=\"application\/pdf\" style=\"width:100%;height:600px\" aria-label=\"Incorporado de 3\u00ba- Criando Solu\u00e7\u00f5es - Integral - 2026 - 1\u00ba trimestre.docx - Google Docs.\"><\/object><a id=\"wp-block-file--media-6d870350-c4b7-4271-a51c-a59e44a82255\" href=\"https:\/\/educacaocacador.com.br\/wp-content\/uploads\/2026\/02\/3o-Criando-Solucoes-Integral-2026-1o-trimestre.docx-Google-Docs.pdf\">3\u00ba- Criando Solu\u00e7\u00f5es &#8211; Integral &#8211; 2026 &#8211; 1\u00ba trimestre.docx &#8211; Google Docs<\/a><a href=\"https:\/\/educacaocacador.com.br\/wp-content\/uploads\/2026\/02\/3o-Criando-Solucoes-Integral-2026-1o-trimestre.docx-Google-Docs.pdf\" class=\"wp-block-file__button wp-element-button\" download aria-describedby=\"wp-block-file--media-6d870350-c4b7-4271-a51c-a59e44a82255\">Baixar<\/a><\/div>\n\n\n\n<p class=\"has-white-color has-midnight-gradient-background has-text-color has-background has-link-color wp-elements-f059aed9f2394cb85728f27385bfbc0e\">EDUCA\u00c7\u00c3O ALIMENTAR E NUTRICIONAL <\/p>\n\n\n\n<div data-wp-interactive=\"core\/file\" class=\"wp-block-file\"><object data-wp-bind--hidden=\"!state.hasPdfPreview\" hidden class=\"wp-block-file__embed\" data=\"https:\/\/educacaocacador.com.br\/wp-content\/uploads\/2026\/02\/3o-Educacao-Alimentar-e-Nutricional-Integral-2026-1o-trimestre.docx-Google-Docs.pdf\" type=\"application\/pdf\" style=\"width:100%;height:600px\" aria-label=\"Incorporado de 3\u00ba - Educa\u00e7\u00e3o Alimentar e Nutricional - Integral - 2026 - 1\u00ba trimestre.docx - Google Docs.\"><\/object><a id=\"wp-block-file--media-816d397c-7531-4293-8824-bacb4894d7b5\" href=\"https:\/\/educacaocacador.com.br\/wp-content\/uploads\/2026\/02\/3o-Educacao-Alimentar-e-Nutricional-Integral-2026-1o-trimestre.docx-Google-Docs.pdf\">3\u00ba &#8211; Educa\u00e7\u00e3o Alimentar e Nutricional &#8211; Integral &#8211; 2026 &#8211; 1\u00ba trimestre.docx &#8211; Google Docs<\/a><a href=\"https:\/\/educacaocacador.com.br\/wp-content\/uploads\/2026\/02\/3o-Educacao-Alimentar-e-Nutricional-Integral-2026-1o-trimestre.docx-Google-Docs.pdf\" class=\"wp-block-file__button wp-element-button\" download aria-describedby=\"wp-block-file--media-816d397c-7531-4293-8824-bacb4894d7b5\">Baixar<\/a><\/div>\n\n\n\n<p class=\"has-white-color has-midnight-gradient-background has-text-color has-background has-link-color wp-elements-2ea1ffd18bfa176659563ea3356983d1\">EDUCA\u00c7\u00c3O AMBIENTAL <\/p>\n\n\n\n<div data-wp-interactive=\"core\/file\" class=\"wp-block-file\"><object data-wp-bind--hidden=\"!state.hasPdfPreview\" hidden class=\"wp-block-file__embed\" data=\"https:\/\/educacaocacador.com.br\/wp-content\/uploads\/2026\/02\/3\u00b0-ano-EA-Integral-2026-1o-Trimestre.docx-Google-Docs.pdf\" type=\"application\/pdf\" style=\"width:100%;height:600px\" aria-label=\"Incorporado de 3\u00b0 ano - EA - Integral - 2026 - 1\u00ba Trimestre.docx - Google Docs.\"><\/object><a id=\"wp-block-file--media-ddaa35d8-df47-49ad-a73d-59344500d260\" href=\"https:\/\/educacaocacador.com.br\/wp-content\/uploads\/2026\/02\/3\u00b0-ano-EA-Integral-2026-1o-Trimestre.docx-Google-Docs.pdf\">3\u00b0 ano &#8211; EA &#8211; Integral &#8211; 2026 &#8211; 1\u00ba Trimestre.docx &#8211; Google Docs<\/a><a href=\"https:\/\/educacaocacador.com.br\/wp-content\/uploads\/2026\/02\/3\u00b0-ano-EA-Integral-2026-1o-Trimestre.docx-Google-Docs.pdf\" class=\"wp-block-file__button wp-element-button\" download aria-describedby=\"wp-block-file--media-ddaa35d8-df47-49ad-a73d-59344500d260\">Baixar<\/a><\/div>\n\n\n\n<p class=\"has-white-color has-midnight-gradient-background has-text-color has-background has-link-color wp-elements-590f671ec0aa5882f8fd93afb908dcf9\">EDUCA\u00c7\u00c3O BIL\u00cdNGUE <\/p>\n\n\n\n<div data-wp-interactive=\"core\/file\" class=\"wp-block-file\"><object data-wp-bind--hidden=\"!state.hasPdfPreview\" hidden class=\"wp-block-file__embed\" data=\"https:\/\/educacaocacador.com.br\/wp-content\/uploads\/2026\/02\/3o-ANO-Educacao-Bilingue-Integral-2026-1o-Trimestre-.docx-Google-Docs.pdf\" type=\"application\/pdf\" style=\"width:100%;height:600px\" aria-label=\"Incorporado de 3\u00ba ANO - Educa\u00e7\u00e3o Bil\u00edngue - Integral - 2026 - 1\u00ba Trimestre .docx - Google Docs.\"><\/object><a id=\"wp-block-file--media-4e9bec4f-f3f0-4add-9b26-6e897f71ea4a\" href=\"https:\/\/educacaocacador.com.br\/wp-content\/uploads\/2026\/02\/3o-ANO-Educacao-Bilingue-Integral-2026-1o-Trimestre-.docx-Google-Docs.pdf\">3\u00ba ANO &#8211; Educa\u00e7\u00e3o Bil\u00edngue &#8211; Integral &#8211; 2026 &#8211; 1\u00ba Trimestre .docx &#8211; Google Docs<\/a><a href=\"https:\/\/educacaocacador.com.br\/wp-content\/uploads\/2026\/02\/3o-ANO-Educacao-Bilingue-Integral-2026-1o-Trimestre-.docx-Google-Docs.pdf\" class=\"wp-block-file__button wp-element-button\" download aria-describedby=\"wp-block-file--media-4e9bec4f-f3f0-4add-9b26-6e897f71ea4a\">Baixar<\/a><\/div>\n\n\n\n<p class=\"has-white-color has-midnight-gradient-background has-text-color has-background has-link-color wp-elements-8e63020d1a7fcf557f32c40e7b1f3e55\">EDUCA\u00c7\u00c3O E CIDADANIA <\/p>\n\n\n\n<div data-wp-interactive=\"core\/file\" class=\"wp-block-file\"><object data-wp-bind--hidden=\"!state.hasPdfPreview\" hidden class=\"wp-block-file__embed\" data=\"https:\/\/educacaocacador.com.br\/wp-content\/uploads\/2026\/02\/3\u00b0-ANO-Educacao-e-Cidadania-1o-trimestre-Integral-2026.docx.pdf\" type=\"application\/pdf\" style=\"width:100%;height:600px\" aria-label=\"Incorporado de 3\u00b0 ANO - Educa\u00e7\u00e3o e Cidadania - 1\u00ba trimestre - Integral - 2026.docx.\"><\/object><a id=\"wp-block-file--media-59b93927-8ac2-49f0-a471-4d2f3ce417a2\" href=\"https:\/\/educacaocacador.com.br\/wp-content\/uploads\/2026\/02\/3\u00b0-ANO-Educacao-e-Cidadania-1o-trimestre-Integral-2026.docx.pdf\">3\u00b0 ANO &#8211; Educa\u00e7\u00e3o e Cidadania &#8211; 1\u00ba trimestre &#8211; Integral &#8211; 2026.docx<\/a><a href=\"https:\/\/educacaocacador.com.br\/wp-content\/uploads\/2026\/02\/3\u00b0-ANO-Educacao-e-Cidadania-1o-trimestre-Integral-2026.docx.pdf\" class=\"wp-block-file__button wp-element-button\" download aria-describedby=\"wp-block-file--media-59b93927-8ac2-49f0-a471-4d2f3ce417a2\">Baixar<\/a><\/div>\n\n\n\n<p class=\"has-white-color has-midnight-gradient-background has-text-color has-background has-link-color wp-elements-fcc5594b5893bf69e4c5ed84ba16f739\">EDUCA\u00c7\u00c3O FINANCEIRA <\/p>\n\n\n\n<div data-wp-interactive=\"core\/file\" class=\"wp-block-file\"><object data-wp-bind--hidden=\"!state.hasPdfPreview\" hidden class=\"wp-block-file__embed\" data=\"https:\/\/educacaocacador.com.br\/wp-content\/uploads\/2026\/02\/3o-ANO-Educacao-Financeira-Anos-Iniciais-Integral-1o-Trimestre-2026-.docx-Google-Docs.pdf\" type=\"application\/pdf\" style=\"width:100%;height:600px\" aria-label=\"Incorporado de 3\u00ba ANO - Educa\u00e7\u00e3o Financeira- Anos Iniciais - Integral - 1\u00ba Trimestre 2026 .docx - Google Docs.\"><\/object><a id=\"wp-block-file--media-48b99c2a-c89d-4fc6-9e45-ef466de83384\" href=\"https:\/\/educacaocacador.com.br\/wp-content\/uploads\/2026\/02\/3o-ANO-Educacao-Financeira-Anos-Iniciais-Integral-1o-Trimestre-2026-.docx-Google-Docs.pdf\">3\u00ba ANO &#8211; Educa\u00e7\u00e3o Financeira- Anos Iniciais &#8211; Integral &#8211; 1\u00ba Trimestre 2026 .docx &#8211; Google Docs<\/a><a href=\"https:\/\/educacaocacador.com.br\/wp-content\/uploads\/2026\/02\/3o-ANO-Educacao-Financeira-Anos-Iniciais-Integral-1o-Trimestre-2026-.docx-Google-Docs.pdf\" class=\"wp-block-file__button wp-element-button\" download aria-describedby=\"wp-block-file--media-48b99c2a-c89d-4fc6-9e45-ef466de83384\">Baixar<\/a><\/div>\n\n\n\n<p class=\"has-white-color has-midnight-gradient-background has-text-color has-background has-link-color wp-elements-0844634de4087a3867a88ce3f5309a21\">ESPORTE E SA\u00daDE <\/p>\n\n\n\n<div data-wp-interactive=\"core\/file\" class=\"wp-block-file\"><object data-wp-bind--hidden=\"!state.hasPdfPreview\" hidden class=\"wp-block-file__embed\" data=\"https:\/\/educacaocacador.com.br\/wp-content\/uploads\/2026\/02\/ESPORTE-E-SAUDE-3o-ANO-1o-TRIMESTRE.pdf\" type=\"application\/pdf\" style=\"width:100%;height:600px\" aria-label=\"Incorporado de ESPORTE E SA\u00daDE - 3\u00ba ANO - 1\u00ba TRIMESTRE.\"><\/object><a id=\"wp-block-file--media-26acd7a1-a4bf-4262-bf99-f8050bc77c37\" href=\"https:\/\/educacaocacador.com.br\/wp-content\/uploads\/2026\/02\/ESPORTE-E-SAUDE-3o-ANO-1o-TRIMESTRE.pdf\">ESPORTE E SA\u00daDE &#8211; 3\u00ba ANO &#8211; 1\u00ba TRIMESTRE<\/a><a href=\"https:\/\/educacaocacador.com.br\/wp-content\/uploads\/2026\/02\/ESPORTE-E-SAUDE-3o-ANO-1o-TRIMESTRE.pdf\" class=\"wp-block-file__button wp-element-button\" download aria-describedby=\"wp-block-file--media-26acd7a1-a4bf-4262-bf99-f8050bc77c37\">Baixar<\/a><\/div>\n\n\n\n<p class=\"has-white-color has-midnight-gradient-background has-text-color has-background has-link-color wp-elements-3b0a523b2ea617eda5ac0ed900fe3f18\">INTERA\u00c7\u00c3O E EMO\u00c7\u00c3O<\/p>\n\n\n\n<div data-wp-interactive=\"core\/file\" class=\"wp-block-file\"><object data-wp-bind--hidden=\"!state.hasPdfPreview\" hidden class=\"wp-block-file__embed\" data=\"https:\/\/educacaocacador.com.br\/wp-content\/uploads\/2026\/02\/3o-ANO-Interacao-e-Emocao-Integral-2026-.docx-Google-Docs.pdf\" type=\"application\/pdf\" style=\"width:100%;height:600px\" aria-label=\"Incorporado de 3\u00ba ANO - Intera\u00e7\u00e3o e Emo\u00e7\u00e3o - Integral - 2026 .docx - Google Docs.\"><\/object><a id=\"wp-block-file--media-74a6ebd0-eed0-4dd1-9820-617467701ca7\" href=\"https:\/\/educacaocacador.com.br\/wp-content\/uploads\/2026\/02\/3o-ANO-Interacao-e-Emocao-Integral-2026-.docx-Google-Docs.pdf\">3\u00ba ANO &#8211; Intera\u00e7\u00e3o e Emo\u00e7\u00e3o &#8211; Integral &#8211; 2026 .docx &#8211; Google Docs<\/a><a href=\"https:\/\/educacaocacador.com.br\/wp-content\/uploads\/2026\/02\/3o-ANO-Interacao-e-Emocao-Integral-2026-.docx-Google-Docs.pdf\" class=\"wp-block-file__button wp-element-button\" download aria-describedby=\"wp-block-file--media-74a6ebd0-eed0-4dd1-9820-617467701ca7\">Baixar<\/a><\/div>\n\n\n\n<p class=\"has-white-color has-midnight-gradient-background has-text-color has-background has-link-color wp-elements-d1640dbf9e699b142628f3e691ace049\">LINGUAGENS E CONEX\u00d5ES<\/p>\n\n\n\n<div data-wp-interactive=\"core\/file\" class=\"wp-block-file\"><object data-wp-bind--hidden=\"!state.hasPdfPreview\" hidden class=\"wp-block-file__embed\" data=\"https:\/\/educacaocacador.com.br\/wp-content\/uploads\/2026\/02\/3o-ANO-Linguagens-e-Conexoes-Integral-2026-1o-Trimestre.docx-Google-Docs.pdf\" type=\"application\/pdf\" style=\"width:100%;height:600px\" aria-label=\"Incorporado de 3\u00ba ANO - Linguagens e Conex\u00f5es - Integral - 2026 - 1\u00ba Trimestre.docx - Google Docs.\"><\/object><a id=\"wp-block-file--media-9e061632-a0ea-4d53-a270-59f94662cd5f\" href=\"https:\/\/educacaocacador.com.br\/wp-content\/uploads\/2026\/02\/3o-ANO-Linguagens-e-Conexoes-Integral-2026-1o-Trimestre.docx-Google-Docs.pdf\">3\u00ba ANO &#8211; Linguagens e Conex\u00f5es &#8211; Integral &#8211; 2026 &#8211; 1\u00ba Trimestre.docx &#8211; Google Docs<\/a><a href=\"https:\/\/educacaocacador.com.br\/wp-content\/uploads\/2026\/02\/3o-ANO-Linguagens-e-Conexoes-Integral-2026-1o-Trimestre.docx-Google-Docs.pdf\" class=\"wp-block-file__button wp-element-button\" download aria-describedby=\"wp-block-file--media-9e061632-a0ea-4d53-a270-59f94662cd5f\">Baixar<\/a><\/div>\n\n\n\n<p class=\"has-white-color has-midnight-gradient-background has-text-color has-background has-link-color wp-elements-b140c0056e295158c9e338049185ddc3\">PR\u00c1TICAS DE LINGUAGEM<\/p>\n\n\n\n<div data-wp-interactive=\"core\/file\" class=\"wp-block-file\"><object data-wp-bind--hidden=\"!state.hasPdfPreview\" hidden class=\"wp-block-file__embed\" data=\"https:\/\/educacaocacador.com.br\/wp-content\/uploads\/2026\/02\/3o-ANO-Praticas-de-Linguagem-Integral-1o-Trimestre-2026-.docx-Google-Docs.pdf\" type=\"application\/pdf\" style=\"width:100%;height:600px\" aria-label=\"Incorporado de 3\u00ba ANO - Pr\u00e1ticas de Linguagem - Integral - 1\u00ba Trimestre - 2026 .docx - Google Docs.\"><\/object><a id=\"wp-block-file--media-603341cb-1ba3-4446-998b-59cf2126faf6\" href=\"https:\/\/educacaocacador.com.br\/wp-content\/uploads\/2026\/02\/3o-ANO-Praticas-de-Linguagem-Integral-1o-Trimestre-2026-.docx-Google-Docs.pdf\">3\u00ba ANO &#8211; Pr\u00e1ticas de Linguagem &#8211; Integral &#8211; 1\u00ba Trimestre &#8211; 2026 .docx &#8211; Google Docs<\/a><a href=\"https:\/\/educacaocacador.com.br\/wp-content\/uploads\/2026\/02\/3o-ANO-Praticas-de-Linguagem-Integral-1o-Trimestre-2026-.docx-Google-Docs.pdf\" class=\"wp-block-file__button wp-element-button\" download aria-describedby=\"wp-block-file--media-603341cb-1ba3-4446-998b-59cf2126faf6\">Baixar<\/a><\/div>\n\n\n\n<p class=\"has-white-color has-midnight-gradient-background has-text-color has-background has-link-color wp-elements-4c6ad9914c19c75cb990295691acafdd\">TECNOLOGIA E TRANSFORMA\u00c7\u00c3O<\/p>\n\n\n\n<div data-wp-interactive=\"core\/file\" class=\"wp-block-file\"><object data-wp-bind--hidden=\"!state.hasPdfPreview\" hidden class=\"wp-block-file__embed\" data=\"https:\/\/educacaocacador.com.br\/wp-content\/uploads\/2026\/02\/1\u00b0-trimestre-Tecnologia-e-Transformacao-3.docx.pdf\" type=\"application\/pdf\" style=\"width:100%;height:600px\" aria-label=\"Incorporado de 1\u00b0 trimestre -  Tecnologia e Transforma\u00e7\u00e3o 3.docx.\"><\/object><a id=\"wp-block-file--media-8a70b800-cbd5-46aa-ac2e-13f25bc7df7f\" href=\"https:\/\/educacaocacador.com.br\/wp-content\/uploads\/2026\/02\/1\u00b0-trimestre-Tecnologia-e-Transformacao-3.docx.pdf\">1\u00b0 trimestre &#8211;  Tecnologia e Transforma\u00e7\u00e3o 3.docx<\/a><a href=\"https:\/\/educacaocacador.com.br\/wp-content\/uploads\/2026\/02\/1\u00b0-trimestre-Tecnologia-e-Transformacao-3.docx.pdf\" class=\"wp-block-file__button wp-element-button\" download aria-describedby=\"wp-block-file--media-8a70b800-cbd5-46aa-ac2e-13f25bc7df7f\">Baixar<\/a><\/div>\n","protected":false},"excerpt":{"rendered":"<p>ARTE E EXPRESS\u00c3O CRIANDO SOLU\u00c7\u00d5ES EDUCA\u00c7\u00c3O ALIMENTAR E NUTRICIONAL EDUCA\u00c7\u00c3O AMBIENTAL EDUCA\u00c7\u00c3O BIL\u00cdNGUE EDUCA\u00c7\u00c3O E CIDADANIA EDUCA\u00c7\u00c3O FINANCEIRA ESPORTE E SA\u00daDE INTERA\u00c7\u00c3O E EMO\u00c7\u00c3O LINGUAGENS E CONEX\u00d5ES PR\u00c1TICAS DE LINGUAGEM TECNOLOGIA E TRANSFORMA\u00c7\u00c3O<\/p>\n","protected":false},"author":2,"featured_media":0,"parent":0,"menu_order":0,"comment_status":"closed","ping_status":"closed","template":"","meta":{"_acf_changed":false,"footnotes":""},"class_list":["post-3019","page","type-page","status-publish","hentry"],"acf":[],"_links":{"self":[{"href":"https:\/\/educacaocacador.com.br\/index.php?rest_route=\/wp\/v2\/pages\/3019","targetHints":{"allow":["GET"]}}],"collection":[{"href":"https:\/\/educacaocacador.com.br\/index.php?rest_route=\/wp\/v2\/pages"}],"about":[{"href":"https:\/\/educacaocacador.com.br\/index.php?rest_route=\/wp\/v2\/types\/page"}],"author":[{"embeddable":true,"href":"https:\/\/educacaocacador.com.br\/index.php?rest_route=\/wp\/v2\/users\/2"}],"replies":[{"embeddable":true,"href":"https:\/\/educacaocacador.com.br\/index.php?rest_route=%2Fwp%2Fv2%2Fcomments&post=3019"}],"version-history":[{"count":3,"href":"https:\/\/educacaocacador.com.br\/index.php?rest_route=\/wp\/v2\/pages\/3019\/revisions"}],"predecessor-version":[{"id":3037,"href":"https:\/\/educacaocacador.com.br\/index.php?rest_route=\/wp\/v2\/pages\/3019\/revisions\/3037"}],"wp:attachment":[{"href":"https:\/\/educacaocacador.com.br\/index.php?rest_route=%2Fwp%2Fv2%2Fmedia&parent=3019"}],"curies":[{"name":"wp","href":"https:\/\/api.w.org\/{rel}","templated":true}]}}