{"id":2976,"date":"2026-02-11T14:36:57","date_gmt":"2026-02-11T17:36:57","guid":{"rendered":"https:\/\/educacaocacador.com.br\/?page_id=2976"},"modified":"2026-02-11T14:53:42","modified_gmt":"2026-02-11T17:53:42","slug":"2o-ano-eiti","status":"publish","type":"page","link":"https:\/\/educacaocacador.com.br\/?page_id=2976","title":{"rendered":"2\u00ba ANO EITI"},"content":{"rendered":"\n<p class=\"has-white-color has-midnight-gradient-background has-text-color has-background has-link-color wp-elements-c4dbf0424df96ac13cc5655e635636da\">ARTE E EXPRESS\u00c3O<\/p>\n\n\n\n<div data-wp-interactive=\"core\/file\" class=\"wp-block-file\"><object data-wp-bind--hidden=\"!state.hasPdfPreview\" hidden class=\"wp-block-file__embed\" data=\"https:\/\/educacaocacador.com.br\/wp-content\/uploads\/2026\/02\/ARTE-E-EXPRESSAO-2o-ANO-Anos-Iniciais-2026-.docx-Google-Docs-1.pdf\" type=\"application\/pdf\" style=\"width:100%;height:600px\" aria-label=\"Incorporado de ARTE E EXPRESS\u00c3O - 2\u00ba ANO - Anos Iniciais - 2026 .docx - Google Docs (1).\"><\/object><a id=\"wp-block-file--media-6457e8ac-dfa2-4da7-8c81-f61ad4ace032\" href=\"https:\/\/educacaocacador.com.br\/wp-content\/uploads\/2026\/02\/ARTE-E-EXPRESSAO-2o-ANO-Anos-Iniciais-2026-.docx-Google-Docs-1.pdf\">ARTE E EXPRESS\u00c3O &#8211; 2\u00ba ANO &#8211; Anos Iniciais &#8211; 2026 .docx &#8211; Google Docs (1)<\/a><a href=\"https:\/\/educacaocacador.com.br\/wp-content\/uploads\/2026\/02\/ARTE-E-EXPRESSAO-2o-ANO-Anos-Iniciais-2026-.docx-Google-Docs-1.pdf\" class=\"wp-block-file__button wp-element-button\" download aria-describedby=\"wp-block-file--media-6457e8ac-dfa2-4da7-8c81-f61ad4ace032\">Baixar<\/a><\/div>\n\n\n\n<p class=\"has-white-color has-midnight-gradient-background has-text-color has-background has-link-color wp-elements-6852ad748b87e1365680b18ea746d963\">CRIANDO SOLU\u00c7\u00d5ES<\/p>\n\n\n\n<div data-wp-interactive=\"core\/file\" class=\"wp-block-file\"><object data-wp-bind--hidden=\"!state.hasPdfPreview\" hidden class=\"wp-block-file__embed\" data=\"https:\/\/educacaocacador.com.br\/wp-content\/uploads\/2026\/02\/CRIANDO-SOLUCOES-2o-ANO-Integral-2026-1o-trimestre.docx-Google-Docs.pdf\" type=\"application\/pdf\" style=\"width:100%;height:600px\" aria-label=\"Incorporado de CRIANDO SOLU\u00c7\u00d5ES - 2\u00ba ANO - Integral - 2026 - 1\u00ba trimestre.docx - Google Docs.\"><\/object><a id=\"wp-block-file--media-57e5af9b-ee15-4288-944a-089f454c5a10\" href=\"https:\/\/educacaocacador.com.br\/wp-content\/uploads\/2026\/02\/CRIANDO-SOLUCOES-2o-ANO-Integral-2026-1o-trimestre.docx-Google-Docs.pdf\">CRIANDO SOLU\u00c7\u00d5ES &#8211; 2\u00ba ANO &#8211; Integral &#8211; 2026 &#8211; 1\u00ba trimestre.docx &#8211; Google Docs<\/a><a href=\"https:\/\/educacaocacador.com.br\/wp-content\/uploads\/2026\/02\/CRIANDO-SOLUCOES-2o-ANO-Integral-2026-1o-trimestre.docx-Google-Docs.pdf\" class=\"wp-block-file__button wp-element-button\" download aria-describedby=\"wp-block-file--media-57e5af9b-ee15-4288-944a-089f454c5a10\">Baixar<\/a><\/div>\n\n\n\n<p class=\"has-white-color has-midnight-gradient-background has-text-color has-background has-link-color wp-elements-f059aed9f2394cb85728f27385bfbc0e\">EDUCA\u00c7\u00c3O ALIMENTAR E NUTRICIONAL <\/p>\n\n\n\n<div data-wp-interactive=\"core\/file\" class=\"wp-block-file\"><object data-wp-bind--hidden=\"!state.hasPdfPreview\" hidden class=\"wp-block-file__embed\" data=\"https:\/\/educacaocacador.com.br\/wp-content\/uploads\/2026\/02\/2o-ANO-EDUCACAO-ALIMENTAR-E-NUTRICIONAL-Integral-2026-1o-trimestre.docx-Google-Docs.pdf\" type=\"application\/pdf\" style=\"width:100%;height:600px\" aria-label=\"Incorporado de 2\u00ba ANO - EDUCA\u00c7\u00c3O ALIMENTAR E NUTRICIONAL - Integral - 2026 - 1\u00ba trimestre.docx - Google Docs.\"><\/object><a id=\"wp-block-file--media-741e0b8a-6dfd-4e76-98f2-60396fe61c20\" href=\"https:\/\/educacaocacador.com.br\/wp-content\/uploads\/2026\/02\/2o-ANO-EDUCACAO-ALIMENTAR-E-NUTRICIONAL-Integral-2026-1o-trimestre.docx-Google-Docs.pdf\">2\u00ba ANO &#8211; EDUCA\u00c7\u00c3O ALIMENTAR E NUTRICIONAL &#8211; Integral &#8211; 2026 &#8211; 1\u00ba trimestre.docx &#8211; Google Docs<\/a><a href=\"https:\/\/educacaocacador.com.br\/wp-content\/uploads\/2026\/02\/2o-ANO-EDUCACAO-ALIMENTAR-E-NUTRICIONAL-Integral-2026-1o-trimestre.docx-Google-Docs.pdf\" class=\"wp-block-file__button wp-element-button\" download aria-describedby=\"wp-block-file--media-741e0b8a-6dfd-4e76-98f2-60396fe61c20\">Baixar<\/a><\/div>\n\n\n\n<p class=\"has-white-color has-midnight-gradient-background has-text-color has-background has-link-color wp-elements-b75cbe6e862a504604adcb4c8cd1136c\">EDUCA\u00c7\u00c3O AMBIENTAL<\/p>\n\n\n\n<div data-wp-interactive=\"core\/file\" class=\"wp-block-file\"><object data-wp-bind--hidden=\"!state.hasPdfPreview\" hidden class=\"wp-block-file__embed\" data=\"https:\/\/educacaocacador.com.br\/wp-content\/uploads\/2026\/02\/2\u00b0-ano-EA-Integral-2026-1o-Trimestre.docx-Google-Docs.pdf\" type=\"application\/pdf\" style=\"width:100%;height:600px\" aria-label=\"Incorporado de 2\u00b0 ano - EA - Integral - 2026 - 1\u00ba Trimestre.docx - Google Docs.\"><\/object><a id=\"wp-block-file--media-11ed6fa0-b76a-4d9e-abd0-ca5d4593a74d\" href=\"https:\/\/educacaocacador.com.br\/wp-content\/uploads\/2026\/02\/2\u00b0-ano-EA-Integral-2026-1o-Trimestre.docx-Google-Docs.pdf\">2\u00b0 ano &#8211; EA &#8211; Integral &#8211; 2026 &#8211; 1\u00ba Trimestre.docx &#8211; Google Docs<\/a><a href=\"https:\/\/educacaocacador.com.br\/wp-content\/uploads\/2026\/02\/2\u00b0-ano-EA-Integral-2026-1o-Trimestre.docx-Google-Docs.pdf\" class=\"wp-block-file__button wp-element-button\" download aria-describedby=\"wp-block-file--media-11ed6fa0-b76a-4d9e-abd0-ca5d4593a74d\">Baixar<\/a><\/div>\n\n\n\n<p class=\"has-white-color has-midnight-gradient-background has-text-color has-background has-link-color wp-elements-590f671ec0aa5882f8fd93afb908dcf9\">EDUCA\u00c7\u00c3O BIL\u00cdNGUE <\/p>\n\n\n\n<div data-wp-interactive=\"core\/file\" class=\"wp-block-file\"><object data-wp-bind--hidden=\"!state.hasPdfPreview\" hidden class=\"wp-block-file__embed\" data=\"https:\/\/educacaocacador.com.br\/wp-content\/uploads\/2026\/02\/2o-ANO-Educacao-Bilingue-Integral-2026-1o-Trimestre-.docx-Google-Docs.pdf\" type=\"application\/pdf\" style=\"width:100%;height:600px\" aria-label=\"Incorporado de 2\u00ba ANO - Educa\u00e7\u00e3o Bil\u00edngue - Integral - 2026 - 1\u00ba Trimestre .docx - Google Docs.\"><\/object><a id=\"wp-block-file--media-be1e91ca-ae09-4aad-b2c9-9053bf5884a9\" href=\"https:\/\/educacaocacador.com.br\/wp-content\/uploads\/2026\/02\/2o-ANO-Educacao-Bilingue-Integral-2026-1o-Trimestre-.docx-Google-Docs.pdf\">2\u00ba ANO &#8211; Educa\u00e7\u00e3o Bil\u00edngue &#8211; Integral &#8211; 2026 &#8211; 1\u00ba Trimestre .docx &#8211; Google Docs<\/a><a href=\"https:\/\/educacaocacador.com.br\/wp-content\/uploads\/2026\/02\/2o-ANO-Educacao-Bilingue-Integral-2026-1o-Trimestre-.docx-Google-Docs.pdf\" class=\"wp-block-file__button wp-element-button\" download aria-describedby=\"wp-block-file--media-be1e91ca-ae09-4aad-b2c9-9053bf5884a9\">Baixar<\/a><\/div>\n\n\n\n<p class=\"has-white-color has-midnight-gradient-background has-text-color has-background has-link-color wp-elements-8e63020d1a7fcf557f32c40e7b1f3e55\">EDUCA\u00c7\u00c3O E CIDADANIA <\/p>\n\n\n\n<div data-wp-interactive=\"core\/file\" class=\"wp-block-file\"><object data-wp-bind--hidden=\"!state.hasPdfPreview\" hidden class=\"wp-block-file__embed\" data=\"https:\/\/educacaocacador.com.br\/wp-content\/uploads\/2026\/02\/2\u00b0-ANO-Educacao-e-Cidadania-1o-trimestre-Integral-2026.docx.pdf\" type=\"application\/pdf\" style=\"width:100%;height:600px\" aria-label=\"Incorporado de 2\u00b0 ANO  - Educa\u00e7\u00e3o e Cidadania  1\u00ba trimestre Integral - 2026.docx.\"><\/object><a id=\"wp-block-file--media-9127a930-d245-432a-bd61-a3a496ee3e6c\" href=\"https:\/\/educacaocacador.com.br\/wp-content\/uploads\/2026\/02\/2\u00b0-ANO-Educacao-e-Cidadania-1o-trimestre-Integral-2026.docx.pdf\">2\u00b0 ANO  &#8211; Educa\u00e7\u00e3o e Cidadania  1\u00ba trimestre Integral &#8211; 2026.docx<\/a><a href=\"https:\/\/educacaocacador.com.br\/wp-content\/uploads\/2026\/02\/2\u00b0-ANO-Educacao-e-Cidadania-1o-trimestre-Integral-2026.docx.pdf\" class=\"wp-block-file__button wp-element-button\" download aria-describedby=\"wp-block-file--media-9127a930-d245-432a-bd61-a3a496ee3e6c\">Baixar<\/a><\/div>\n\n\n\n<p class=\"has-white-color has-midnight-gradient-background has-text-color has-background has-link-color wp-elements-0e3736138b5135e43002a9a023393f75\">ESPORTE E SA\u00daDE<\/p>\n\n\n\n<div data-wp-interactive=\"core\/file\" class=\"wp-block-file\"><object data-wp-bind--hidden=\"!state.hasPdfPreview\" hidden class=\"wp-block-file__embed\" data=\"https:\/\/educacaocacador.com.br\/wp-content\/uploads\/2026\/02\/Copia-de-ESPORTE-E-SAUDE-2o-ANO-1o-TRIMESTRE.pdf\" type=\"application\/pdf\" style=\"width:100%;height:600px\" aria-label=\"Incorporado de C\u00f3pia de ESPORTE E SA\u00daDE - 2\u00ba ANO - 1\u00ba TRIMESTRE.\"><\/object><a id=\"wp-block-file--media-ca6868da-e5a1-42c1-b004-12b7b9f6cf69\" href=\"https:\/\/educacaocacador.com.br\/wp-content\/uploads\/2026\/02\/Copia-de-ESPORTE-E-SAUDE-2o-ANO-1o-TRIMESTRE.pdf\">C\u00f3pia de ESPORTE E SA\u00daDE &#8211; 2\u00ba ANO &#8211; 1\u00ba TRIMESTRE<\/a><a href=\"https:\/\/educacaocacador.com.br\/wp-content\/uploads\/2026\/02\/Copia-de-ESPORTE-E-SAUDE-2o-ANO-1o-TRIMESTRE.pdf\" class=\"wp-block-file__button wp-element-button\" download aria-describedby=\"wp-block-file--media-ca6868da-e5a1-42c1-b004-12b7b9f6cf69\">Baixar<\/a><\/div>\n\n\n\n<p class=\"has-white-color has-midnight-gradient-background has-text-color has-background has-link-color wp-elements-3b0a523b2ea617eda5ac0ed900fe3f18\">INTERA\u00c7\u00c3O E EMO\u00c7\u00c3O<\/p>\n\n\n\n<div data-wp-interactive=\"core\/file\" class=\"wp-block-file\"><object data-wp-bind--hidden=\"!state.hasPdfPreview\" hidden class=\"wp-block-file__embed\" data=\"https:\/\/educacaocacador.com.br\/wp-content\/uploads\/2026\/02\/2\u00b0-ANO-INTERACAO-E-EMOCAO-2026-.docx-Google-Docs.pdf\" type=\"application\/pdf\" style=\"width:100%;height:600px\" aria-label=\"Incorporado de 2\u00b0 ANO - INTERA\u00c7\u00c3O E EMO\u00c7\u00c3O - 2026 .docx - Google Docs.\"><\/object><a id=\"wp-block-file--media-3ca6c13c-b121-4c80-8d79-693fdcc54586\" href=\"https:\/\/educacaocacador.com.br\/wp-content\/uploads\/2026\/02\/2\u00b0-ANO-INTERACAO-E-EMOCAO-2026-.docx-Google-Docs.pdf\">2\u00b0 ANO &#8211; INTERA\u00c7\u00c3O E EMO\u00c7\u00c3O &#8211; 2026 .docx &#8211; Google Docs<\/a><a href=\"https:\/\/educacaocacador.com.br\/wp-content\/uploads\/2026\/02\/2\u00b0-ANO-INTERACAO-E-EMOCAO-2026-.docx-Google-Docs.pdf\" class=\"wp-block-file__button wp-element-button\" download aria-describedby=\"wp-block-file--media-3ca6c13c-b121-4c80-8d79-693fdcc54586\">Baixar<\/a><\/div>\n\n\n\n<p class=\"has-white-color has-midnight-gradient-background has-text-color has-background has-link-color wp-elements-7304617da37d7cdc0638a8ce5b30d157\">LINGUAGENS E CONEX\u00d5ES <\/p>\n\n\n\n<div data-wp-interactive=\"core\/file\" class=\"wp-block-file\"><object data-wp-bind--hidden=\"!state.hasPdfPreview\" hidden class=\"wp-block-file__embed\" data=\"https:\/\/educacaocacador.com.br\/wp-content\/uploads\/2026\/02\/2o-ANO-Linguagens-e-Conexoes-Integral-2026-1o-Trimestre.docx-Google-Docs.pdf\" type=\"application\/pdf\" style=\"width:100%;height:600px\" aria-label=\"Incorporado de 2\u00ba ANO - Linguagens e Conex\u00f5es - Integral - 2026 - 1\u00ba Trimestre.docx - Google Docs.\"><\/object><a id=\"wp-block-file--media-7c793777-7276-4777-8c77-79a4451ff370\" href=\"https:\/\/educacaocacador.com.br\/wp-content\/uploads\/2026\/02\/2o-ANO-Linguagens-e-Conexoes-Integral-2026-1o-Trimestre.docx-Google-Docs.pdf\">2\u00ba ANO &#8211; Linguagens e Conex\u00f5es &#8211; Integral &#8211; 2026 &#8211; 1\u00ba Trimestre.docx &#8211; Google Docs<\/a><a href=\"https:\/\/educacaocacador.com.br\/wp-content\/uploads\/2026\/02\/2o-ANO-Linguagens-e-Conexoes-Integral-2026-1o-Trimestre.docx-Google-Docs.pdf\" class=\"wp-block-file__button wp-element-button\" download aria-describedby=\"wp-block-file--media-7c793777-7276-4777-8c77-79a4451ff370\">Baixar<\/a><\/div>\n\n\n\n<p class=\"has-white-color has-midnight-gradient-background has-text-color has-background has-link-color wp-elements-c239411f1ef1faae4192a9051f7f10a1\">PR\u00c1TICAS DE LINGUAGEM <\/p>\n\n\n\n<div data-wp-interactive=\"core\/file\" class=\"wp-block-file\"><object data-wp-bind--hidden=\"!state.hasPdfPreview\" hidden class=\"wp-block-file__embed\" data=\"https:\/\/educacaocacador.com.br\/wp-content\/uploads\/2026\/02\/PRATICAS-DE-LINGUAGEM-2o-ANO-Integral-2026-.docx-Google-Docs.pdf\" type=\"application\/pdf\" style=\"width:100%;height:600px\" aria-label=\"Incorporado de PR\u00c1TICAS DE LINGUAGEM - 2\u00ba ANO - Integral- 2026 .docx - Google Docs.\"><\/object><a id=\"wp-block-file--media-9a8b6e4e-ddcd-45c9-a4c0-9d0c2e0b9baf\" href=\"https:\/\/educacaocacador.com.br\/wp-content\/uploads\/2026\/02\/PRATICAS-DE-LINGUAGEM-2o-ANO-Integral-2026-.docx-Google-Docs.pdf\">PR\u00c1TICAS DE LINGUAGEM &#8211; 2\u00ba ANO &#8211; Integral- 2026 .docx &#8211; Google Docs<\/a><a href=\"https:\/\/educacaocacador.com.br\/wp-content\/uploads\/2026\/02\/PRATICAS-DE-LINGUAGEM-2o-ANO-Integral-2026-.docx-Google-Docs.pdf\" class=\"wp-block-file__button wp-element-button\" download aria-describedby=\"wp-block-file--media-9a8b6e4e-ddcd-45c9-a4c0-9d0c2e0b9baf\">Baixar<\/a><\/div>\n\n\n\n<p class=\"has-white-color has-midnight-gradient-background has-text-color has-background has-link-color wp-elements-4c6ad9914c19c75cb990295691acafdd\">TECNOLOGIA E TRANSFORMA\u00c7\u00c3O<\/p>\n\n\n\n<div data-wp-interactive=\"core\/file\" class=\"wp-block-file\"><object data-wp-bind--hidden=\"!state.hasPdfPreview\" hidden class=\"wp-block-file__embed\" data=\"https:\/\/educacaocacador.com.br\/wp-content\/uploads\/2026\/02\/1\u00b0-trimestre-Tecnologia-e-Transformacao-2.docx.pdf\" type=\"application\/pdf\" style=\"width:100%;height:600px\" aria-label=\"Incorporado de 1\u00b0 trimestre -  Tecnologia e Transforma\u00e7\u00e3o 2.docx.\"><\/object><a id=\"wp-block-file--media-12a5c3e2-01b7-41de-b2dd-956ed126d92a\" href=\"https:\/\/educacaocacador.com.br\/wp-content\/uploads\/2026\/02\/1\u00b0-trimestre-Tecnologia-e-Transformacao-2.docx.pdf\">1\u00b0 trimestre &#8211;  Tecnologia e Transforma\u00e7\u00e3o 2.docx<\/a><a href=\"https:\/\/educacaocacador.com.br\/wp-content\/uploads\/2026\/02\/1\u00b0-trimestre-Tecnologia-e-Transformacao-2.docx.pdf\" class=\"wp-block-file__button wp-element-button\" download aria-describedby=\"wp-block-file--media-12a5c3e2-01b7-41de-b2dd-956ed126d92a\">Baixar<\/a><\/div>\n","protected":false},"excerpt":{"rendered":"<p>ARTE E EXPRESS\u00c3O CRIANDO SOLU\u00c7\u00d5ES EDUCA\u00c7\u00c3O ALIMENTAR E NUTRICIONAL EDUCA\u00c7\u00c3O AMBIENTAL EDUCA\u00c7\u00c3O BIL\u00cdNGUE EDUCA\u00c7\u00c3O E CIDADANIA ESPORTE E SA\u00daDE INTERA\u00c7\u00c3O E EMO\u00c7\u00c3O LINGUAGENS E CONEX\u00d5ES PR\u00c1TICAS DE LINGUAGEM TECNOLOGIA E TRANSFORMA\u00c7\u00c3O<\/p>\n","protected":false},"author":2,"featured_media":0,"parent":0,"menu_order":0,"comment_status":"closed","ping_status":"closed","template":"","meta":{"_acf_changed":false,"footnotes":""},"class_list":["post-2976","page","type-page","status-publish","hentry"],"acf":[],"_links":{"self":[{"href":"https:\/\/educacaocacador.com.br\/index.php?rest_route=\/wp\/v2\/pages\/2976","targetHints":{"allow":["GET"]}}],"collection":[{"href":"https:\/\/educacaocacador.com.br\/index.php?rest_route=\/wp\/v2\/pages"}],"about":[{"href":"https:\/\/educacaocacador.com.br\/index.php?rest_route=\/wp\/v2\/types\/page"}],"author":[{"embeddable":true,"href":"https:\/\/educacaocacador.com.br\/index.php?rest_route=\/wp\/v2\/users\/2"}],"replies":[{"embeddable":true,"href":"https:\/\/educacaocacador.com.br\/index.php?rest_route=%2Fwp%2Fv2%2Fcomments&post=2976"}],"version-history":[{"count":3,"href":"https:\/\/educacaocacador.com.br\/index.php?rest_route=\/wp\/v2\/pages\/2976\/revisions"}],"predecessor-version":[{"id":2995,"href":"https:\/\/educacaocacador.com.br\/index.php?rest_route=\/wp\/v2\/pages\/2976\/revisions\/2995"}],"wp:attachment":[{"href":"https:\/\/educacaocacador.com.br\/index.php?rest_route=%2Fwp%2Fv2%2Fmedia&parent=2976"}],"curies":[{"name":"wp","href":"https:\/\/api.w.org\/{rel}","templated":true}]}}