{"id":2956,"date":"2026-02-11T14:13:43","date_gmt":"2026-02-11T17:13:43","guid":{"rendered":"https:\/\/educacaocacador.com.br\/?page_id=2956"},"modified":"2026-02-11T14:35:50","modified_gmt":"2026-02-11T17:35:50","slug":"1o-ano-eiti","status":"publish","type":"page","link":"https:\/\/educacaocacador.com.br\/?page_id=2956","title":{"rendered":"1\u00ba ANO EITI"},"content":{"rendered":"\n<p class=\"has-white-color has-midnight-gradient-background has-text-color has-background has-link-color wp-elements-c4dbf0424df96ac13cc5655e635636da\">ARTE E EXPRESS\u00c3O<\/p>\n\n\n\n<div data-wp-interactive=\"core\/file\" class=\"wp-block-file\"><object data-wp-bind--hidden=\"!state.hasPdfPreview\" hidden class=\"wp-block-file__embed\" data=\"https:\/\/educacaocacador.com.br\/wp-content\/uploads\/2026\/02\/ARTE-E-EXPRESSAO-1o-ANO-Anos-Iniciais-2026-docx-Google-Docs-1-2.pdf\" type=\"application\/pdf\" style=\"width:100%;height:600px\" aria-label=\"Incorporado de ARTE E EXPRESS\u00c3O - 1\u00ba ANO - Anos Iniciais - 2026 - docx - Google Docs (1).\"><\/object><a id=\"wp-block-file--media-d33cbe7a-cb1b-4fb4-8df1-0bfe799408fe\" href=\"https:\/\/educacaocacador.com.br\/wp-content\/uploads\/2026\/02\/ARTE-E-EXPRESSAO-1o-ANO-Anos-Iniciais-2026-docx-Google-Docs-1-2.pdf\">ARTE E EXPRESS\u00c3O &#8211; 1\u00ba ANO &#8211; Anos Iniciais &#8211; 2026 &#8211; docx &#8211; Google Docs (1)<\/a><a href=\"https:\/\/educacaocacador.com.br\/wp-content\/uploads\/2026\/02\/ARTE-E-EXPRESSAO-1o-ANO-Anos-Iniciais-2026-docx-Google-Docs-1-2.pdf\" class=\"wp-block-file__button wp-element-button\" download aria-describedby=\"wp-block-file--media-d33cbe7a-cb1b-4fb4-8df1-0bfe799408fe\">Baixar<\/a><\/div>\n\n\n\n<p class=\"has-white-color has-midnight-gradient-background has-text-color has-background has-link-color wp-elements-c38db38175e07e6fc007cb8636dbc5b2\">CRIANDO SOLU\u00c7\u00d5ES <\/p>\n\n\n\n<div data-wp-interactive=\"core\/file\" class=\"wp-block-file\"><object data-wp-bind--hidden=\"!state.hasPdfPreview\" hidden class=\"wp-block-file__embed\" data=\"https:\/\/educacaocacador.com.br\/wp-content\/uploads\/2026\/02\/CRIANDO-SOLUCOES-1o-ANO-Integral-2026-1o-trimestre.docx-Google-Docs-1.pdf\" type=\"application\/pdf\" style=\"width:100%;height:600px\" aria-label=\"Incorporado de CRIANDO SOLU\u00c7\u00d5ES - 1\u00ba ANO - Integral - 2026 - 1\u00ba trimestre.docx - Google Docs.\"><\/object><a id=\"wp-block-file--media-20e1f4e8-2559-4df3-b8eb-021791841ff2\" href=\"https:\/\/educacaocacador.com.br\/wp-content\/uploads\/2026\/02\/CRIANDO-SOLUCOES-1o-ANO-Integral-2026-1o-trimestre.docx-Google-Docs-1.pdf\">CRIANDO SOLU\u00c7\u00d5ES &#8211; 1\u00ba ANO &#8211; Integral &#8211; 2026 &#8211; 1\u00ba trimestre.docx &#8211; Google Docs<\/a><a href=\"https:\/\/educacaocacador.com.br\/wp-content\/uploads\/2026\/02\/CRIANDO-SOLUCOES-1o-ANO-Integral-2026-1o-trimestre.docx-Google-Docs-1.pdf\" class=\"wp-block-file__button wp-element-button\" download aria-describedby=\"wp-block-file--media-20e1f4e8-2559-4df3-b8eb-021791841ff2\">Baixar<\/a><\/div>\n\n\n\n<p class=\"has-white-color has-midnight-gradient-background has-text-color has-background has-link-color wp-elements-f059aed9f2394cb85728f27385bfbc0e\">EDUCA\u00c7\u00c3O ALIMENTAR E NUTRICIONAL <\/p>\n\n\n\n<div data-wp-interactive=\"core\/file\" class=\"wp-block-file\"><object data-wp-bind--hidden=\"!state.hasPdfPreview\" hidden class=\"wp-block-file__embed\" data=\"https:\/\/educacaocacador.com.br\/wp-content\/uploads\/2026\/02\/1o-ANO-EDUCACAO-ALIMENTAR-E-NUTRICIONAL-Integral-2026-1o-trimestre.docx-Google-Docs-1.pdf\" type=\"application\/pdf\" style=\"width:100%;height:600px\" aria-label=\"Incorporado de 1\u00ba ANO - EDUCA\u00c7\u00c3O ALIMENTAR E NUTRICIONAL - Integral - 2026 - 1\u00ba trimestre.docx - Google Docs.\"><\/object><a id=\"wp-block-file--media-cbf352fc-6f35-4869-963a-a5e4760ff055\" href=\"https:\/\/educacaocacador.com.br\/wp-content\/uploads\/2026\/02\/1o-ANO-EDUCACAO-ALIMENTAR-E-NUTRICIONAL-Integral-2026-1o-trimestre.docx-Google-Docs-1.pdf\">1\u00ba ANO &#8211; EDUCA\u00c7\u00c3O ALIMENTAR E NUTRICIONAL &#8211; Integral &#8211; 2026 &#8211; 1\u00ba trimestre.docx &#8211; Google Docs<\/a><a href=\"https:\/\/educacaocacador.com.br\/wp-content\/uploads\/2026\/02\/1o-ANO-EDUCACAO-ALIMENTAR-E-NUTRICIONAL-Integral-2026-1o-trimestre.docx-Google-Docs-1.pdf\" class=\"wp-block-file__button wp-element-button\" download aria-describedby=\"wp-block-file--media-cbf352fc-6f35-4869-963a-a5e4760ff055\">Baixar<\/a><\/div>\n\n\n\n<p class=\"has-white-color has-midnight-gradient-background has-text-color has-background has-link-color wp-elements-b75cbe6e862a504604adcb4c8cd1136c\">EDUCA\u00c7\u00c3O AMBIENTAL<\/p>\n\n\n\n<div data-wp-interactive=\"core\/file\" class=\"wp-block-file\"><object data-wp-bind--hidden=\"!state.hasPdfPreview\" hidden class=\"wp-block-file__embed\" data=\"https:\/\/educacaocacador.com.br\/wp-content\/uploads\/2026\/02\/1o-ANO-EDUCACAO-ALIMENTAR-E-NUTRICIONAL-Integral-2026-1o-trimestre.docx-Google-Docs-2.pdf\" type=\"application\/pdf\" style=\"width:100%;height:600px\" aria-label=\"Incorporado de 1\u00ba ANO - EDUCA\u00c7\u00c3O ALIMENTAR E NUTRICIONAL - Integral - 2026 - 1\u00ba trimestre.docx - Google Docs.\"><\/object><a id=\"wp-block-file--media-b372345b-885b-43a9-9799-ef50298fc7b4\" href=\"https:\/\/educacaocacador.com.br\/wp-content\/uploads\/2026\/02\/1o-ANO-EDUCACAO-ALIMENTAR-E-NUTRICIONAL-Integral-2026-1o-trimestre.docx-Google-Docs-2.pdf\">1\u00ba ANO &#8211; EDUCA\u00c7\u00c3O ALIMENTAR E NUTRICIONAL &#8211; Integral &#8211; 2026 &#8211; 1\u00ba trimestre.docx &#8211; Google Docs<\/a><a href=\"https:\/\/educacaocacador.com.br\/wp-content\/uploads\/2026\/02\/1o-ANO-EDUCACAO-ALIMENTAR-E-NUTRICIONAL-Integral-2026-1o-trimestre.docx-Google-Docs-2.pdf\" class=\"wp-block-file__button wp-element-button\" download aria-describedby=\"wp-block-file--media-b372345b-885b-43a9-9799-ef50298fc7b4\">Baixar<\/a><\/div>\n\n\n\n<p class=\"has-white-color has-midnight-gradient-background has-text-color has-background has-link-color wp-elements-590f671ec0aa5882f8fd93afb908dcf9\">EDUCA\u00c7\u00c3O BIL\u00cdNGUE <\/p>\n\n\n\n<div data-wp-interactive=\"core\/file\" class=\"wp-block-file\"><object data-wp-bind--hidden=\"!state.hasPdfPreview\" hidden class=\"wp-block-file__embed\" data=\"https:\/\/educacaocacador.com.br\/wp-content\/uploads\/2026\/02\/1o-ANO-Educacao-Bilingue-Integral-2026-1o-Trimestre-.docx-Google-Docs.pdf\" type=\"application\/pdf\" style=\"width:100%;height:600px\" aria-label=\"Incorporado de 1\u00ba ANO - Educa\u00e7\u00e3o Bil\u00edngue - Integral - 2026 - 1\u00ba Trimestre .docx - Google Docs.\"><\/object><a id=\"wp-block-file--media-0921977a-312e-40b3-a769-b0d63e0397ef\" href=\"https:\/\/educacaocacador.com.br\/wp-content\/uploads\/2026\/02\/1o-ANO-Educacao-Bilingue-Integral-2026-1o-Trimestre-.docx-Google-Docs.pdf\">1\u00ba ANO &#8211; Educa\u00e7\u00e3o Bil\u00edngue &#8211; Integral &#8211; 2026 &#8211; 1\u00ba Trimestre .docx &#8211; Google Docs<\/a><a href=\"https:\/\/educacaocacador.com.br\/wp-content\/uploads\/2026\/02\/1o-ANO-Educacao-Bilingue-Integral-2026-1o-Trimestre-.docx-Google-Docs.pdf\" class=\"wp-block-file__button wp-element-button\" download aria-describedby=\"wp-block-file--media-0921977a-312e-40b3-a769-b0d63e0397ef\">Baixar<\/a><\/div>\n\n\n\n<p class=\"has-white-color has-midnight-gradient-background has-text-color has-background has-link-color wp-elements-8e63020d1a7fcf557f32c40e7b1f3e55\">EDUCA\u00c7\u00c3O E CIDADANIA <\/p>\n\n\n\n<div data-wp-interactive=\"core\/file\" class=\"wp-block-file\"><object data-wp-bind--hidden=\"!state.hasPdfPreview\" hidden class=\"wp-block-file__embed\" data=\"https:\/\/educacaocacador.com.br\/wp-content\/uploads\/2026\/02\/1o-ANO-Educacao-e-Cidadania-INTEGRAL-2026.docx.pdf\" type=\"application\/pdf\" style=\"width:100%;height:600px\" aria-label=\"Incorporado de 1\u00ba ANO - Educa\u00e7\u00e3o  e Cidadania - INTEGRAL - 2026.docx.\"><\/object><a id=\"wp-block-file--media-3d7f4d9f-8762-49dd-9072-99a477d074ab\" href=\"https:\/\/educacaocacador.com.br\/wp-content\/uploads\/2026\/02\/1o-ANO-Educacao-e-Cidadania-INTEGRAL-2026.docx.pdf\">1\u00ba ANO &#8211; Educa\u00e7\u00e3o  e Cidadania &#8211; INTEGRAL &#8211; 2026.docx<\/a><a href=\"https:\/\/educacaocacador.com.br\/wp-content\/uploads\/2026\/02\/1o-ANO-Educacao-e-Cidadania-INTEGRAL-2026.docx.pdf\" class=\"wp-block-file__button wp-element-button\" download aria-describedby=\"wp-block-file--media-3d7f4d9f-8762-49dd-9072-99a477d074ab\">Baixar<\/a><\/div>\n\n\n\n<p class=\"has-white-color has-midnight-gradient-background has-text-color has-background has-link-color wp-elements-fcc5594b5893bf69e4c5ed84ba16f739\">EDUCA\u00c7\u00c3O FINANCEIRA <\/p>\n\n\n\n<div data-wp-interactive=\"core\/file\" class=\"wp-block-file\"><object data-wp-bind--hidden=\"!state.hasPdfPreview\" hidden class=\"wp-block-file__embed\" data=\"https:\/\/educacaocacador.com.br\/wp-content\/uploads\/2026\/02\/1o-ANO-EDUCACAO-FINANCEIRA-Anos-Iniciais-Integral-2026-1o-Trimestre.docx-Google-Docs.pdf\" type=\"application\/pdf\" style=\"width:100%;height:600px\" aria-label=\"Incorporado de 1\u00ba ANO - EDUCA\u00c7\u00c3O FINANCEIRA - Anos Iniciais - Integral - 2026 - 1\u00ba Trimestre.docx - Google Docs.\"><\/object><a id=\"wp-block-file--media-f59119e8-8e16-4ae1-b84d-3ba5b69e475d\" href=\"https:\/\/educacaocacador.com.br\/wp-content\/uploads\/2026\/02\/1o-ANO-EDUCACAO-FINANCEIRA-Anos-Iniciais-Integral-2026-1o-Trimestre.docx-Google-Docs.pdf\">1\u00ba ANO &#8211; EDUCA\u00c7\u00c3O FINANCEIRA &#8211; Anos Iniciais &#8211; Integral &#8211; 2026 &#8211; 1\u00ba Trimestre.docx &#8211; Google Docs<\/a><a href=\"https:\/\/educacaocacador.com.br\/wp-content\/uploads\/2026\/02\/1o-ANO-EDUCACAO-FINANCEIRA-Anos-Iniciais-Integral-2026-1o-Trimestre.docx-Google-Docs.pdf\" class=\"wp-block-file__button wp-element-button\" download aria-describedby=\"wp-block-file--media-f59119e8-8e16-4ae1-b84d-3ba5b69e475d\">Baixar<\/a><\/div>\n\n\n\n<p class=\"has-white-color has-midnight-gradient-background has-text-color has-background has-link-color wp-elements-0844634de4087a3867a88ce3f5309a21\">ESPORTE E SA\u00daDE <\/p>\n\n\n\n<div data-wp-interactive=\"core\/file\" class=\"wp-block-file\"><object data-wp-bind--hidden=\"!state.hasPdfPreview\" hidden class=\"wp-block-file__embed\" data=\"https:\/\/educacaocacador.com.br\/wp-content\/uploads\/2026\/02\/ESPORTE-E-SAUDE-1o-ANO-1o-TRIMESTRE.pdf\" type=\"application\/pdf\" style=\"width:100%;height:600px\" aria-label=\"Incorporado de ESPORTE E SA\u00daDE - 1\u00ba ANO - 1\u00ba TRIMESTRE.\"><\/object><a id=\"wp-block-file--media-505206bc-3743-4fbd-9b1c-7c8e453074de\" href=\"https:\/\/educacaocacador.com.br\/wp-content\/uploads\/2026\/02\/ESPORTE-E-SAUDE-1o-ANO-1o-TRIMESTRE.pdf\">ESPORTE E SA\u00daDE &#8211; 1\u00ba ANO &#8211; 1\u00ba TRIMESTRE<\/a><a href=\"https:\/\/educacaocacador.com.br\/wp-content\/uploads\/2026\/02\/ESPORTE-E-SAUDE-1o-ANO-1o-TRIMESTRE.pdf\" class=\"wp-block-file__button wp-element-button\" download aria-describedby=\"wp-block-file--media-505206bc-3743-4fbd-9b1c-7c8e453074de\">Baixar<\/a><\/div>\n\n\n\n<p class=\"has-white-color has-midnight-gradient-background has-text-color has-background has-link-color wp-elements-3b0a523b2ea617eda5ac0ed900fe3f18\">INTERA\u00c7\u00c3O E EMO\u00c7\u00c3O<\/p>\n\n\n\n<div data-wp-interactive=\"core\/file\" class=\"wp-block-file\"><object data-wp-bind--hidden=\"!state.hasPdfPreview\" hidden class=\"wp-block-file__embed\" data=\"https:\/\/educacaocacador.com.br\/wp-content\/uploads\/2026\/02\/1\u00b0-INTERACAO-E-EMOCAO-1o-ANO-Integral-2026-.docx-Google-Docs.pdf\" type=\"application\/pdf\" style=\"width:100%;height:600px\" aria-label=\"Incorporado de 1\u00b0 - INTERA\u00c7\u00c3O E EMO\u00c7\u00c3O - 1\u00ba ANO - Integral - 2026 .docx - Google Docs.\"><\/object><a id=\"wp-block-file--media-5874c1e2-a483-4854-a909-4be66762bb8e\" href=\"https:\/\/educacaocacador.com.br\/wp-content\/uploads\/2026\/02\/1\u00b0-INTERACAO-E-EMOCAO-1o-ANO-Integral-2026-.docx-Google-Docs.pdf\">1\u00b0 &#8211; INTERA\u00c7\u00c3O E EMO\u00c7\u00c3O &#8211; 1\u00ba ANO &#8211; Integral &#8211; 2026 .docx &#8211; Google Docs<\/a><a href=\"https:\/\/educacaocacador.com.br\/wp-content\/uploads\/2026\/02\/1\u00b0-INTERACAO-E-EMOCAO-1o-ANO-Integral-2026-.docx-Google-Docs.pdf\" class=\"wp-block-file__button wp-element-button\" download aria-describedby=\"wp-block-file--media-5874c1e2-a483-4854-a909-4be66762bb8e\">Baixar<\/a><\/div>\n\n\n\n<p class=\"has-white-color has-midnight-gradient-background has-text-color has-background has-link-color wp-elements-7304617da37d7cdc0638a8ce5b30d157\">LINGUAGENS E CONEX\u00d5ES <\/p>\n\n\n\n<div data-wp-interactive=\"core\/file\" class=\"wp-block-file\"><object data-wp-bind--hidden=\"!state.hasPdfPreview\" hidden class=\"wp-block-file__embed\" data=\"https:\/\/educacaocacador.com.br\/wp-content\/uploads\/2026\/02\/1o-ANO-LINGUAGENS-E-CONEXOES-Integral-2026-1o-Trimestre.docx-Google-Docs.pdf\" type=\"application\/pdf\" style=\"width:100%;height:600px\" aria-label=\"Incorporado de 1\u00ba ANO - LINGUAGENS E CONEX\u00d5ES - Integral - 2026 - 1\u00ba Trimestre.docx - Google Docs.\"><\/object><a id=\"wp-block-file--media-01e61066-ffa5-4f72-a3ca-f0d79d261bfd\" href=\"https:\/\/educacaocacador.com.br\/wp-content\/uploads\/2026\/02\/1o-ANO-LINGUAGENS-E-CONEXOES-Integral-2026-1o-Trimestre.docx-Google-Docs.pdf\">1\u00ba ANO &#8211; LINGUAGENS E CONEX\u00d5ES &#8211; Integral &#8211; 2026 &#8211; 1\u00ba Trimestre.docx &#8211; Google Docs<\/a><a href=\"https:\/\/educacaocacador.com.br\/wp-content\/uploads\/2026\/02\/1o-ANO-LINGUAGENS-E-CONEXOES-Integral-2026-1o-Trimestre.docx-Google-Docs.pdf\" class=\"wp-block-file__button wp-element-button\" download aria-describedby=\"wp-block-file--media-01e61066-ffa5-4f72-a3ca-f0d79d261bfd\">Baixar<\/a><\/div>\n\n\n\n<p class=\"has-white-color has-midnight-gradient-background has-text-color has-background has-link-color wp-elements-b140c0056e295158c9e338049185ddc3\">PR\u00c1TICAS DE LINGUAGEM<\/p>\n\n\n\n<div data-wp-interactive=\"core\/file\" class=\"wp-block-file\"><object data-wp-bind--hidden=\"!state.hasPdfPreview\" hidden class=\"wp-block-file__embed\" data=\"https:\/\/educacaocacador.com.br\/wp-content\/uploads\/2026\/02\/PRATICAS-DE-LINGUAGEM-1o-ANO-Integral-2026-.docx-Google-Docs.pdf\" type=\"application\/pdf\" style=\"width:100%;height:600px\" aria-label=\"Incorporado de PR\u00c1TICAS DE LINGUAGEM - 1\u00ba ANO - Integral - 2026 .docx - Google Docs.\"><\/object><a id=\"wp-block-file--media-69a9047a-0e6a-4d3f-abdd-1bb41180bd33\" href=\"https:\/\/educacaocacador.com.br\/wp-content\/uploads\/2026\/02\/PRATICAS-DE-LINGUAGEM-1o-ANO-Integral-2026-.docx-Google-Docs.pdf\">PR\u00c1TICAS DE LINGUAGEM &#8211; 1\u00ba ANO &#8211; Integral &#8211; 2026 .docx &#8211; Google Docs<\/a><a href=\"https:\/\/educacaocacador.com.br\/wp-content\/uploads\/2026\/02\/PRATICAS-DE-LINGUAGEM-1o-ANO-Integral-2026-.docx-Google-Docs.pdf\" class=\"wp-block-file__button wp-element-button\" download aria-describedby=\"wp-block-file--media-69a9047a-0e6a-4d3f-abdd-1bb41180bd33\">Baixar<\/a><\/div>\n\n\n\n<p class=\"has-white-color has-midnight-gradient-background has-text-color has-background has-link-color wp-elements-759e9a7114a3984efe1fd4f177495551\"><strong>TECNOLOGIA E TRANSFORMA\u00c7\u00c3O<\/strong><\/p>\n\n\n\n<div data-wp-interactive=\"core\/file\" class=\"wp-block-file\"><object data-wp-bind--hidden=\"!state.hasPdfPreview\" hidden class=\"wp-block-file__embed\" data=\"https:\/\/educacaocacador.com.br\/wp-content\/uploads\/2026\/02\/1\u00b0-trimestre-Tecnologia-e-Transformacao-1.docx.pdf\" type=\"application\/pdf\" style=\"width:100%;height:600px\" aria-label=\"Incorporado de 1\u00b0 trimestre - Tecnologia e Transforma\u00e7\u00e3o 1.docx.\"><\/object><a id=\"wp-block-file--media-ad0626b6-a6ee-4a1e-9a4c-1c04b70ef97f\" href=\"https:\/\/educacaocacador.com.br\/wp-content\/uploads\/2026\/02\/1\u00b0-trimestre-Tecnologia-e-Transformacao-1.docx.pdf\">1\u00b0 trimestre &#8211; Tecnologia e Transforma\u00e7\u00e3o 1.docx<\/a><a href=\"https:\/\/educacaocacador.com.br\/wp-content\/uploads\/2026\/02\/1\u00b0-trimestre-Tecnologia-e-Transformacao-1.docx.pdf\" class=\"wp-block-file__button wp-element-button\" download aria-describedby=\"wp-block-file--media-ad0626b6-a6ee-4a1e-9a4c-1c04b70ef97f\">Baixar<\/a><\/div>\n","protected":false},"excerpt":{"rendered":"<p>ARTE E EXPRESS\u00c3O CRIANDO SOLU\u00c7\u00d5ES EDUCA\u00c7\u00c3O ALIMENTAR E NUTRICIONAL EDUCA\u00c7\u00c3O AMBIENTAL EDUCA\u00c7\u00c3O BIL\u00cdNGUE EDUCA\u00c7\u00c3O E CIDADANIA EDUCA\u00c7\u00c3O FINANCEIRA ESPORTE E SA\u00daDE INTERA\u00c7\u00c3O E EMO\u00c7\u00c3O LINGUAGENS E CONEX\u00d5ES PR\u00c1TICAS DE LINGUAGEM TECNOLOGIA E TRANSFORMA\u00c7\u00c3O<\/p>\n","protected":false},"author":2,"featured_media":0,"parent":0,"menu_order":0,"comment_status":"closed","ping_status":"closed","template":"","meta":{"_acf_changed":false,"footnotes":""},"class_list":["post-2956","page","type-page","status-publish","hentry"],"acf":[],"_links":{"self":[{"href":"https:\/\/educacaocacador.com.br\/index.php?rest_route=\/wp\/v2\/pages\/2956","targetHints":{"allow":["GET"]}}],"collection":[{"href":"https:\/\/educacaocacador.com.br\/index.php?rest_route=\/wp\/v2\/pages"}],"about":[{"href":"https:\/\/educacaocacador.com.br\/index.php?rest_route=\/wp\/v2\/types\/page"}],"author":[{"embeddable":true,"href":"https:\/\/educacaocacador.com.br\/index.php?rest_route=\/wp\/v2\/users\/2"}],"replies":[{"embeddable":true,"href":"https:\/\/educacaocacador.com.br\/index.php?rest_route=%2Fwp%2Fv2%2Fcomments&post=2956"}],"version-history":[{"count":2,"href":"https:\/\/educacaocacador.com.br\/index.php?rest_route=\/wp\/v2\/pages\/2956\/revisions"}],"predecessor-version":[{"id":2975,"href":"https:\/\/educacaocacador.com.br\/index.php?rest_route=\/wp\/v2\/pages\/2956\/revisions\/2975"}],"wp:attachment":[{"href":"https:\/\/educacaocacador.com.br\/index.php?rest_route=%2Fwp%2Fv2%2Fmedia&parent=2956"}],"curies":[{"name":"wp","href":"https:\/\/api.w.org\/{rel}","templated":true}]}}