{"id":2556,"date":"2025-11-13T10:01:32","date_gmt":"2025-11-13T13:01:32","guid":{"rendered":"https:\/\/educacaocacador.com.br\/?page_id=2556"},"modified":"2025-11-13T11:11:39","modified_gmt":"2025-11-13T14:11:39","slug":"arte-goodies","status":"publish","type":"page","link":"https:\/\/educacaocacador.com.br\/?page_id=2556","title":{"rendered":"Arte Goodies"},"content":{"rendered":"\n<p><strong>Arte Goodies<\/strong><\/p>\n\n\n\n<p>O Arte Goodies \u00e9 um espa\u00e7o especial criado para estimular a imagina\u00e7\u00e3o, a express\u00e3o art\u00edstica e o bem-estar dos estudantes. Aqui, crian\u00e7as e jovens podem colorir desenhos educativos, explorando temas ligados \u00e0 escola, \u00e0 cultura e a Arte de forma divertida.<\/p>\n\n\n\n<p>Mais do que um passatempo, o Arte Goodies \u00e9 uma oportunidade de desenvolver a sensibilidade est\u00e9tica, a coordena\u00e7\u00e3o motora e a criatividade, promovendo o prazer de aprender por meio da arte. As produ\u00e7\u00f5es art\u00edsticas abaixo s\u00e3o adapta\u00e7\u00f5es de pinturas cl\u00e1ssicas. <\/p>\n\n\n\n<p><\/p>\n\n\n\n<h3 class=\"wp-block-heading\"><strong>Mona Lisa \u2013 Leonardo da Vinci<\/strong><\/h3>\n\n\n\n<p>A obra mais conhecida do mundo ganha aqui um toque fofo e divertido! A Mona Lisa mant\u00e9m seu sorriso misterioso, agora em um estilo simples e delicado, pronta para receber novas cores.<\/p>\n\n\n\n<figure class=\"wp-block-gallery has-nested-images columns-default is-cropped wp-block-gallery-1 is-layout-flex wp-block-gallery-is-layout-flex\">\n<figure class=\"wp-block-image size-large\"><a href=\"https:\/\/educacaocacador.com.br\/colorir\/Arte\/Mona%20Lisa.html\"><img  title=\"\" loading=\"lazy\" decoding=\"async\" width=\"1024\" height=\"1536\" data-id=\"2581\" src=\"https:\/\/educacaocacador.com.br\/wp-content\/uploads\/2025\/11\/Mona-Lise-adaptacao.png\"  alt=\"Mona-Lise-adaptacao Arte Goodies %image\"  class=\"wp-image-2581\" srcset=\"https:\/\/educacaocacador.com.br\/wp-content\/uploads\/2025\/11\/Mona-Lise-adaptacao.png 1024w, https:\/\/educacaocacador.com.br\/wp-content\/uploads\/2025\/11\/Mona-Lise-adaptacao-200x300.png 200w\" sizes=\"auto, (max-width: 1024px) 100vw, 1024px\" \/><\/a><\/figure>\n<\/figure>\n\n\n\n<h3 class=\"wp-block-heading\"><strong>A Noite Estrelada \u2013 Vincent Van Gogh<\/strong><\/h3>\n\n\n\n<p>Nesta releitura da famosa pintura de Van Gogh, o c\u00e9u gira em espirais m\u00e1gicas sobre uma vila tranquila. As estrelas parecem dan\u00e7ar, convidando voc\u00ea a colorir o universo cheio de movimento e imagina\u00e7\u00e3o!<\/p>\n\n\n\n<figure class=\"wp-block-gallery has-nested-images columns-default is-cropped wp-block-gallery-2 is-layout-flex wp-block-gallery-is-layout-flex\">\n<figure class=\"wp-block-image size-large\"><a href=\"https:\/\/educacaocacador.com.br\/colorir\/Arte\/Noite%20Estrelada.html\"><img  title=\"\" loading=\"lazy\" decoding=\"async\" width=\"1024\" height=\"1536\" data-id=\"2582\" src=\"https:\/\/educacaocacador.com.br\/wp-content\/uploads\/2025\/11\/Noite-estrelada-adaptacao.png\"  alt=\"Noite-estrelada-adaptacao Arte Goodies %image\"  class=\"wp-image-2582\" srcset=\"https:\/\/educacaocacador.com.br\/wp-content\/uploads\/2025\/11\/Noite-estrelada-adaptacao.png 1024w, https:\/\/educacaocacador.com.br\/wp-content\/uploads\/2025\/11\/Noite-estrelada-adaptacao-200x300.png 200w\" sizes=\"auto, (max-width: 1024px) 100vw, 1024px\" \/><\/a><\/figure>\n<\/figure>\n\n\n\n<h3 class=\"wp-block-heading\"><strong>O Grito \u2013 Edvard Munch<\/strong><\/h3>\n\n\n\n<p>O grito mais famoso da arte vira um desenho divertido! O personagem expressa toda a emo\u00e7\u00e3o diante do c\u00e9u ondulado e vibrante \u2014 use as cores para transmitir o sentimento intenso da cena.<\/p>\n\n\n\n<figure class=\"wp-block-gallery has-nested-images columns-default is-cropped wp-block-gallery-3 is-layout-flex wp-block-gallery-is-layout-flex\">\n<figure class=\"wp-block-image size-large\"><img  title=\"\" loading=\"lazy\" decoding=\"async\" width=\"1024\" height=\"1536\" data-id=\"2585\" src=\"https:\/\/educacaocacador.com.br\/wp-content\/uploads\/2025\/11\/O-Grito.png\"  alt=\"O-Grito Arte Goodies %image\"  class=\"wp-image-2585\" srcset=\"https:\/\/educacaocacador.com.br\/wp-content\/uploads\/2025\/11\/O-Grito.png 1024w, https:\/\/educacaocacador.com.br\/wp-content\/uploads\/2025\/11\/O-Grito-200x300.png 200w\" sizes=\"auto, (max-width: 1024px) 100vw, 1024px\" \/><\/figure>\n<\/figure>\n","protected":false},"excerpt":{"rendered":"<p>Arte Goodies O Arte Goodies \u00e9 um espa\u00e7o especial criado para estimular a imagina\u00e7\u00e3o, a express\u00e3o art\u00edstica e o bem-estar dos estudantes. Aqui, crian\u00e7as e jovens podem colorir desenhos educativos, explorando temas ligados \u00e0 escola, \u00e0 cultura e a Arte de forma divertida. Mais do que um passatempo, o Arte Goodies \u00e9 uma oportunidade de [&hellip;]<\/p>\n","protected":false},"author":3,"featured_media":0,"parent":0,"menu_order":0,"comment_status":"closed","ping_status":"closed","template":"","meta":{"_acf_changed":false,"footnotes":""},"class_list":["post-2556","page","type-page","status-publish","hentry"],"acf":[],"_links":{"self":[{"href":"https:\/\/educacaocacador.com.br\/index.php?rest_route=\/wp\/v2\/pages\/2556","targetHints":{"allow":["GET"]}}],"collection":[{"href":"https:\/\/educacaocacador.com.br\/index.php?rest_route=\/wp\/v2\/pages"}],"about":[{"href":"https:\/\/educacaocacador.com.br\/index.php?rest_route=\/wp\/v2\/types\/page"}],"author":[{"embeddable":true,"href":"https:\/\/educacaocacador.com.br\/index.php?rest_route=\/wp\/v2\/users\/3"}],"replies":[{"embeddable":true,"href":"https:\/\/educacaocacador.com.br\/index.php?rest_route=%2Fwp%2Fv2%2Fcomments&post=2556"}],"version-history":[{"count":16,"href":"https:\/\/educacaocacador.com.br\/index.php?rest_route=\/wp\/v2\/pages\/2556\/revisions"}],"predecessor-version":[{"id":2598,"href":"https:\/\/educacaocacador.com.br\/index.php?rest_route=\/wp\/v2\/pages\/2556\/revisions\/2598"}],"wp:attachment":[{"href":"https:\/\/educacaocacador.com.br\/index.php?rest_route=%2Fwp%2Fv2%2Fmedia&parent=2556"}],"curies":[{"name":"wp","href":"https:\/\/api.w.org\/{rel}","templated":true}]}}