{"id":2221,"date":"2025-10-03T10:43:46","date_gmt":"2025-10-03T13:43:46","guid":{"rendered":"https:\/\/educacaocacador.com.br\/?page_id=2221"},"modified":"2026-03-19T14:27:13","modified_gmt":"2026-03-19T17:27:13","slug":"publicacoes","status":"publish","type":"page","link":"https:\/\/educacaocacador.com.br\/?page_id=2221","title":{"rendered":"Publica\u00e7\u00f5es"},"content":{"rendered":"\n<p>Nesta aba voc\u00ea encontra materiais produzidos pela equipe de Inform\u00e1tica, com conte\u00fados \u00fateis para todos. Um exemplo \u00e9 a <em>Cartilha Navegando Seguro<\/em>, que traz dicas importantes de como se proteger no mundo digital.<\/p>\n\n\n\n<div data-wp-interactive=\"core\/file\" class=\"wp-block-file\"><object data-wp-bind--hidden=\"!state.hasPdfPreview\" hidden class=\"wp-block-file__embed\" data=\"https:\/\/educacaocacador.com.br\/wp-content\/uploads\/2025\/10\/NAVEGANDO-SEGURO-1.pdf\" type=\"application\/pdf\" style=\"width:100%;height:1190px\" aria-label=\"Incorporado de NAVEGANDO SEGURO.\"><\/object><a id=\"wp-block-file--media-501fde01-3964-4cd3-bf10-14eae2ac8942\" href=\"https:\/\/educacaocacador.com.br\/wp-content\/uploads\/2025\/10\/NAVEGANDO-SEGURO-1.pdf\">NAVEGANDO SEGURO<\/a><a href=\"https:\/\/educacaocacador.com.br\/wp-content\/uploads\/2025\/10\/NAVEGANDO-SEGURO-1.pdf\" class=\"wp-block-file__button wp-element-button\" download aria-describedby=\"wp-block-file--media-501fde01-3964-4cd3-bf10-14eae2ac8942\">Baixar<\/a><\/div>\n\n\n\n<div data-wp-interactive=\"core\/file\" class=\"wp-block-file\"><object data-wp-bind--hidden=\"!state.hasPdfPreview\" hidden class=\"wp-block-file__embed\" data=\"https:\/\/educacaocacador.com.br\/wp-content\/uploads\/2026\/03\/ECA.pdf\" type=\"application\/pdf\" style=\"width:100%;height:600px\" aria-label=\"Incorporado de ECA DIGITAL.\"><\/object><a id=\"wp-block-file--media-689bfb71-eec6-4534-8c61-7682438b7ac1\" href=\"https:\/\/educacaocacador.com.br\/wp-content\/uploads\/2026\/03\/ECA.pdf\">ECA DIGITAL<\/a><a href=\"https:\/\/educacaocacador.com.br\/wp-content\/uploads\/2026\/03\/ECA.pdf\" class=\"wp-block-file__button wp-element-button\" download aria-describedby=\"wp-block-file--media-689bfb71-eec6-4534-8c61-7682438b7ac1\">Baixar<\/a><\/div>\n","protected":false},"excerpt":{"rendered":"<p>Nesta aba voc\u00ea encontra materiais produzidos pela equipe de Inform\u00e1tica, com conte\u00fados \u00fateis para todos. Um exemplo \u00e9 a Cartilha Navegando Seguro, que traz dicas importantes de como se proteger no mundo digital.<\/p>\n","protected":false},"author":3,"featured_media":0,"parent":0,"menu_order":0,"comment_status":"closed","ping_status":"closed","template":"","meta":{"_acf_changed":false,"footnotes":""},"class_list":["post-2221","page","type-page","status-publish","hentry"],"acf":[],"_links":{"self":[{"href":"https:\/\/educacaocacador.com.br\/index.php?rest_route=\/wp\/v2\/pages\/2221","targetHints":{"allow":["GET"]}}],"collection":[{"href":"https:\/\/educacaocacador.com.br\/index.php?rest_route=\/wp\/v2\/pages"}],"about":[{"href":"https:\/\/educacaocacador.com.br\/index.php?rest_route=\/wp\/v2\/types\/page"}],"author":[{"embeddable":true,"href":"https:\/\/educacaocacador.com.br\/index.php?rest_route=\/wp\/v2\/users\/3"}],"replies":[{"embeddable":true,"href":"https:\/\/educacaocacador.com.br\/index.php?rest_route=%2Fwp%2Fv2%2Fcomments&post=2221"}],"version-history":[{"count":5,"href":"https:\/\/educacaocacador.com.br\/index.php?rest_route=\/wp\/v2\/pages\/2221\/revisions"}],"predecessor-version":[{"id":3540,"href":"https:\/\/educacaocacador.com.br\/index.php?rest_route=\/wp\/v2\/pages\/2221\/revisions\/3540"}],"wp:attachment":[{"href":"https:\/\/educacaocacador.com.br\/index.php?rest_route=%2Fwp%2Fv2%2Fmedia&parent=2221"}],"curies":[{"name":"wp","href":"https:\/\/api.w.org\/{rel}","templated":true}]}}