{"id":166,"date":"2025-04-03T14:40:28","date_gmt":"2025-04-03T17:40:28","guid":{"rendered":"http:\/\/educacaocacador.duckdns.org\/?page_id=166"},"modified":"2025-04-25T14:27:51","modified_gmt":"2025-04-25T17:27:51","slug":"ferramentas-digitais-de-ensino","status":"publish","type":"page","link":"https:\/\/educacaocacador.com.br\/?page_id=166","title":{"rendered":"Ferramentas digitais de ensino"},"content":{"rendered":"<div class=\"wp-block-image\">\n<figure class=\"aligncenter size-full is-resized\"><img  title=\"\" loading=\"lazy\" decoding=\"async\" width=\"463\" height=\"437\" src=\"https:\/\/educacaocacador.com.br\/wp-content\/uploads\/2025\/04\/Estudio-code.png\"  alt=\"Estudio-code Ferramentas digitais de ensino %image\"  class=\"wp-image-173\" style=\"width:211px;height:auto\" srcset=\"https:\/\/educacaocacador.com.br\/wp-content\/uploads\/2025\/04\/Estudio-code.png 463w, https:\/\/educacaocacador.com.br\/wp-content\/uploads\/2025\/04\/Estudio-code-300x283.png 300w\" sizes=\"auto, (max-width: 463px) 100vw, 463px\" \/><\/figure><\/div>\n\n\n<p class=\"has-text-align-left\">Code.org\u00ae \u00e9 uma organiza\u00e7\u00e3o sem fins lucrativos de inova\u00e7\u00e3o educacional dedicada \u00e0 vis\u00e3o de que todos os alunos, de todas as escolas, t\u00eam a oportunidade de aprender ci\u00eancia da computa\u00e7\u00e3o e intelig\u00eancia artificial como parte de sua educa\u00e7\u00e3o b\u00e1sica de ensino fundamental e m\u00e9dio.<\/p>\n\n\n\n<hr class=\"wp-block-separator has-alpha-channel-opacity\"\/>\n\n\n<div class=\"wp-block-image\">\n<figure class=\"aligncenter size-full is-resized\"><img  title=\"\" loading=\"lazy\" decoding=\"async\" width=\"293\" height=\"172\" src=\"https:\/\/educacaocacador.com.br\/wp-content\/uploads\/2025\/04\/image-4.png\"  alt=\"image-4 Ferramentas digitais de ensino %image\"  class=\"wp-image-206\" style=\"width:303px;height:auto\"\/><\/figure><\/div>\n\n\n<p class=\"has-text-align-left\">As ferramentas do <a href=\"https:\/\/edu.google.com\/intl\/ALL_br\/\">Google for Education<\/a> trabalham juntas para transformar o ensino e o aprendizado. Assim, cada aluno e educador pode aproveitar o pr\u00f3prio potencial ao m\u00e1ximo.<\/p>\n\n\n\n<hr class=\"wp-block-separator has-alpha-channel-opacity\"\/>\n\n\n<div class=\"wp-block-image\">\n<figure class=\"aligncenter size-full is-resized\"><img  title=\"\" loading=\"lazy\" decoding=\"async\" width=\"400\" height=\"85\" src=\"https:\/\/educacaocacador.com.br\/wp-content\/uploads\/2025\/04\/image.png\"  alt=\"image Ferramentas digitais de ensino %image\"  class=\"wp-image-180\" style=\"width:345px;height:auto\" srcset=\"https:\/\/educacaocacador.com.br\/wp-content\/uploads\/2025\/04\/image.png 400w, https:\/\/educacaocacador.com.br\/wp-content\/uploads\/2025\/04\/image-300x64.png 300w\" sizes=\"auto, (max-width: 400px) 100vw, 400px\" \/><\/figure><\/div>\n\n\n<p class=\"has-text-align-left\">Site com sugest\u00f5es de atividades para <a href=\"https:\/\/www.computacional.com.br\/\">Computa\u00e7\u00e3o na Educa\u00e7\u00e3o B\u00e1sica<\/a>, sendo organizadas em tr\u00eas eixos: Cultura Digital, Mundo Digital, Pensamento Computacional.<\/p>\n\n\n\n<hr class=\"wp-block-separator has-alpha-channel-opacity\"\/>\n\n\n<div class=\"wp-block-image\">\n<figure class=\"aligncenter size-full is-resized\"><img  title=\"\" loading=\"lazy\" decoding=\"async\" width=\"501\" height=\"157\" src=\"https:\/\/educacaocacador.com.br\/wp-content\/uploads\/2025\/04\/image-5.png\"  alt=\"image-5 Ferramentas digitais de ensino %image\"  class=\"wp-image-253\" style=\"width:331px;height:auto\" srcset=\"https:\/\/educacaocacador.com.br\/wp-content\/uploads\/2025\/04\/image-5.png 501w, https:\/\/educacaocacador.com.br\/wp-content\/uploads\/2025\/04\/image-5-300x94.png 300w\" sizes=\"auto, (max-width: 501px) 100vw, 501px\" \/><\/figure><\/div>\n\n\n<p>A\u00a0<a href=\"http:\/\/www.computacaonaescola.ufsc.br\/\">Iniciativa Computa\u00e7\u00e3o na Escola<\/a>\u00a0\u00e9 dedicada ao ensino de computa\u00e7\u00e3o a todos os alunos no Ensino Fundamental e M\u00e9dio.\u00a0<\/p>\n\n\n<div class=\"wp-block-image\">\n<figure class=\"aligncenter size-large is-resized\"><img  title=\"\" loading=\"lazy\" decoding=\"async\" width=\"819\" height=\"1024\" src=\"https:\/\/educacaocacador.com.br\/wp-content\/uploads\/2025\/04\/Design-sem-nome-6-3-819x1024.png\"  alt=\"Design-sem-nome-6-3-819x1024 Ferramentas digitais de ensino %image\"  class=\"wp-image-965\" style=\"width:302px;height:auto\" srcset=\"https:\/\/educacaocacador.com.br\/wp-content\/uploads\/2025\/04\/Design-sem-nome-6-3-819x1024.png 819w, https:\/\/educacaocacador.com.br\/wp-content\/uploads\/2025\/04\/Design-sem-nome-6-3-240x300.png 240w, https:\/\/educacaocacador.com.br\/wp-content\/uploads\/2025\/04\/Design-sem-nome-6-3-768x960.png 768w, https:\/\/educacaocacador.com.br\/wp-content\/uploads\/2025\/04\/Design-sem-nome-6-3.png 1080w\" sizes=\"auto, (max-width: 819px) 100vw, 819px\" \/><\/figure><\/div>\n\n\n<p>O <a href=\"https:\/\/kahoot.com\/what-is-kahoot\/\" data-type=\"link\" data-id=\"https:\/\/kahoot.com\/what-is-kahoot\/\">Kahoot<\/a>,\u00a0\u00e9 uma plataforma de aprendizagem baseada em jogos\u00a0que facilita a cria\u00e7\u00e3o, o compartilhamento e a execu\u00e7\u00e3o de jogos educativos ou quizzes em minutos.<\/p>\n\n\n\n<p><\/p>\n","protected":false},"excerpt":{"rendered":"<p>Code.org\u00ae \u00e9 uma organiza\u00e7\u00e3o sem fins lucrativos de inova\u00e7\u00e3o educacional dedicada \u00e0 vis\u00e3o de que todos os alunos, de todas as escolas, t\u00eam a oportunidade de aprender ci\u00eancia da computa\u00e7\u00e3o e intelig\u00eancia artificial como parte de sua educa\u00e7\u00e3o b\u00e1sica de ensino fundamental e m\u00e9dio. As ferramentas do Google for Education trabalham juntas para transformar o [&hellip;]<\/p>\n","protected":false},"author":4,"featured_media":0,"parent":0,"menu_order":0,"comment_status":"closed","ping_status":"closed","template":"","meta":{"_acf_changed":false,"footnotes":""},"class_list":["post-166","page","type-page","status-publish","hentry"],"acf":[],"_links":{"self":[{"href":"https:\/\/educacaocacador.com.br\/index.php?rest_route=\/wp\/v2\/pages\/166","targetHints":{"allow":["GET"]}}],"collection":[{"href":"https:\/\/educacaocacador.com.br\/index.php?rest_route=\/wp\/v2\/pages"}],"about":[{"href":"https:\/\/educacaocacador.com.br\/index.php?rest_route=\/wp\/v2\/types\/page"}],"author":[{"embeddable":true,"href":"https:\/\/educacaocacador.com.br\/index.php?rest_route=\/wp\/v2\/users\/4"}],"replies":[{"embeddable":true,"href":"https:\/\/educacaocacador.com.br\/index.php?rest_route=%2Fwp%2Fv2%2Fcomments&post=166"}],"version-history":[{"count":4,"href":"https:\/\/educacaocacador.com.br\/index.php?rest_route=\/wp\/v2\/pages\/166\/revisions"}],"predecessor-version":[{"id":971,"href":"https:\/\/educacaocacador.com.br\/index.php?rest_route=\/wp\/v2\/pages\/166\/revisions\/971"}],"wp:attachment":[{"href":"https:\/\/educacaocacador.com.br\/index.php?rest_route=%2Fwp%2Fv2%2Fmedia&parent=166"}],"curies":[{"name":"wp","href":"https:\/\/api.w.org\/{rel}","templated":true}]}}