{"id":138,"date":"2025-04-03T14:31:11","date_gmt":"2025-04-03T17:31:11","guid":{"rendered":"http:\/\/educacaocacador.duckdns.org\/?page_id=138"},"modified":"2026-02-18T14:29:49","modified_gmt":"2026-02-18T17:29:49","slug":"e-i-4-anos","status":"publish","type":"page","link":"https:\/\/educacaocacador.com.br\/?page_id=138","title":{"rendered":"E.I. 4 ANOS"},"content":{"rendered":"\n<details class=\"wp-block-details is-layout-flow wp-block-details-is-layout-flow\"><summary><\/summary><\/details>\n\n\n\n<p class=\"has-white-color has-midnight-gradient-background has-text-color has-background has-link-color wp-elements-7cf210705f5651c2bde1fe0f38f5036f\">CORPO, GESTO E MOVIMENTOS<\/p>\n\n\n\n<div data-wp-interactive=\"core\/file\" class=\"wp-block-file\"><object data-wp-bind--hidden=\"!state.hasPdfPreview\" hidden class=\"wp-block-file__embed\" data=\"https:\/\/educacaocacador.com.br\/wp-content\/uploads\/2026\/02\/Planejamento-CGM-4-Anos-1o-TRIMESTRE-.docx.pdf\" type=\"application\/pdf\" style=\"width:100%;height:600px\" aria-label=\"Incorporado de Planejamento - CGM - 4 Anos - 1\u00ba TRIMESTRE .docx.\"><\/object><a id=\"wp-block-file--media-32a7c98d-8abc-4938-b139-2b53f1f9f75e\" href=\"https:\/\/educacaocacador.com.br\/wp-content\/uploads\/2026\/02\/Planejamento-CGM-4-Anos-1o-TRIMESTRE-.docx.pdf\">Planejamento &#8211; CGM &#8211; 4 Anos &#8211; 1\u00ba TRIMESTRE .docx<\/a><a href=\"https:\/\/educacaocacador.com.br\/wp-content\/uploads\/2026\/02\/Planejamento-CGM-4-Anos-1o-TRIMESTRE-.docx.pdf\" class=\"wp-block-file__button wp-element-button\" download aria-describedby=\"wp-block-file--media-32a7c98d-8abc-4938-b139-2b53f1f9f75e\">Baixar<\/a><\/div>\n\n\n\n<p class=\"has-white-color has-midnight-gradient-background has-text-color has-background has-link-color wp-elements-f87d89cc250219ea2d4dceef89bc357b\">ESCUTA, FALA, PENSAMENTO E IMAGINA\u00c7\u00c3O<\/p>\n\n\n\n<div data-wp-interactive=\"core\/file\" class=\"wp-block-file\"><object data-wp-bind--hidden=\"!state.hasPdfPreview\" hidden class=\"wp-block-file__embed\" data=\"https:\/\/educacaocacador.com.br\/wp-content\/uploads\/2026\/02\/Planejamento-EFP-4-Anos-1o-Trimestre-.docx.pdf\" type=\"application\/pdf\" style=\"width:100%;height:600px\" aria-label=\"Incorporado de Planejamento - EFP   4 Anos - 1\u00ba Trimestre .docx.\"><\/object><a id=\"wp-block-file--media-c5a6b078-c820-4457-9d8d-5dc4d1736e5e\" href=\"https:\/\/educacaocacador.com.br\/wp-content\/uploads\/2026\/02\/Planejamento-EFP-4-Anos-1o-Trimestre-.docx.pdf\">Planejamento &#8211; EFP   4 Anos &#8211; 1\u00ba Trimestre .docx<\/a><a href=\"https:\/\/educacaocacador.com.br\/wp-content\/uploads\/2026\/02\/Planejamento-EFP-4-Anos-1o-Trimestre-.docx.pdf\" class=\"wp-block-file__button wp-element-button\" download aria-describedby=\"wp-block-file--media-c5a6b078-c820-4457-9d8d-5dc4d1736e5e\">Baixar<\/a><\/div>\n\n\n\n<p class=\"has-white-color has-midnight-gradient-background has-text-color has-background has-link-color wp-elements-5cf3bfafa81fce2950c9c1b44f9ecac3\">O EU, O OUTRO E O N\u00d3S<\/p>\n\n\n\n<div data-wp-interactive=\"core\/file\" class=\"wp-block-file\"><object data-wp-bind--hidden=\"!state.hasPdfPreview\" hidden class=\"wp-block-file__embed\" data=\"https:\/\/educacaocacador.com.br\/wp-content\/uploads\/2026\/02\/Planejamento-EON-4-Anos-1o-Trimestre.docx.pdf\" type=\"application\/pdf\" style=\"width:100%;height:600px\" aria-label=\"Incorporado de Planejamento - EON  - 4 Anos - 1\u00ba Trimestre.docx.\"><\/object><a id=\"wp-block-file--media-13e15f9d-f835-491c-8d2a-4369f9c97c38\" href=\"https:\/\/educacaocacador.com.br\/wp-content\/uploads\/2026\/02\/Planejamento-EON-4-Anos-1o-Trimestre.docx.pdf\">Planejamento &#8211; EON  &#8211; 4 Anos &#8211; 1\u00ba Trimestre.docx<\/a><a href=\"https:\/\/educacaocacador.com.br\/wp-content\/uploads\/2026\/02\/Planejamento-EON-4-Anos-1o-Trimestre.docx.pdf\" class=\"wp-block-file__button wp-element-button\" download aria-describedby=\"wp-block-file--media-13e15f9d-f835-491c-8d2a-4369f9c97c38\">Baixar<\/a><\/div>\n\n\n\n<p class=\"has-white-color has-midnight-gradient-background has-text-color has-background has-link-color wp-elements-78e9889be069a2627c87d81b623caffb\">ESPA\u00c7OS, TEMPOS, QUANTIDADES, RELA\u00c7\u00d5ES E TRANSFORMA\u00c7\u00d5ES<\/p>\n\n\n\n<div data-wp-interactive=\"core\/file\" class=\"wp-block-file\"><object data-wp-bind--hidden=\"!state.hasPdfPreview\" hidden class=\"wp-block-file__embed\" data=\"https:\/\/educacaocacador.com.br\/wp-content\/uploads\/2026\/02\/Planejamento-ETQ-4-Anos-1o-Trimestre.docx-1.pdf\" type=\"application\/pdf\" style=\"width:100%;height:600px\" aria-label=\"Incorporado de Planejamento - ETQ - 4 Anos - 1\u00ba Trimestre.docx (1).\"><\/object><a id=\"wp-block-file--media-2747bfe0-f6f9-45c8-9a3c-7d7e603839ba\" href=\"https:\/\/educacaocacador.com.br\/wp-content\/uploads\/2026\/02\/Planejamento-ETQ-4-Anos-1o-Trimestre.docx-1.pdf\">Planejamento &#8211; ETQ &#8211; 4 Anos &#8211; 1\u00ba Trimestre.docx (1)<\/a><a href=\"https:\/\/educacaocacador.com.br\/wp-content\/uploads\/2026\/02\/Planejamento-ETQ-4-Anos-1o-Trimestre.docx-1.pdf\" class=\"wp-block-file__button wp-element-button\" download aria-describedby=\"wp-block-file--media-2747bfe0-f6f9-45c8-9a3c-7d7e603839ba\">Baixar<\/a><\/div>\n\n\n\n<p class=\"has-white-color has-midnight-gradient-background has-text-color has-background has-link-color wp-elements-20f0a82c40903af53f20c65f4b4a0154\">TRA\u00c7OS, SONS, CORES E FORMAS<\/p>\n\n\n\n<div data-wp-interactive=\"core\/file\" class=\"wp-block-file\"><object data-wp-bind--hidden=\"!state.hasPdfPreview\" hidden class=\"wp-block-file__embed\" data=\"https:\/\/educacaocacador.com.br\/wp-content\/uploads\/2026\/02\/Planejamento-TSC-4-Anos-1o-Trimestre.docx-1.pdf\" type=\"application\/pdf\" style=\"width:100%;height:600px\" aria-label=\"Incorporado de Planejamento - TSC - 4 Anos  - 1\u00ba Trimestre.docx (1).\"><\/object><a id=\"wp-block-file--media-c39f7a0a-257a-4f17-abdb-60f46812c012\" href=\"https:\/\/educacaocacador.com.br\/wp-content\/uploads\/2026\/02\/Planejamento-TSC-4-Anos-1o-Trimestre.docx-1.pdf\">Planejamento &#8211; TSC &#8211; 4 Anos  &#8211; 1\u00ba Trimestre.docx (1)<\/a><a href=\"https:\/\/educacaocacador.com.br\/wp-content\/uploads\/2026\/02\/Planejamento-TSC-4-Anos-1o-Trimestre.docx-1.pdf\" class=\"wp-block-file__button wp-element-button\" download aria-describedby=\"wp-block-file--media-c39f7a0a-257a-4f17-abdb-60f46812c012\">Baixar<\/a><\/div>\n","protected":false},"excerpt":{"rendered":"<p>CORPO, GESTO E MOVIMENTOS ESCUTA, FALA, PENSAMENTO E IMAGINA\u00c7\u00c3O O EU, O OUTRO E O N\u00d3S ESPA\u00c7OS, TEMPOS, QUANTIDADES, RELA\u00c7\u00d5ES E TRANSFORMA\u00c7\u00d5ES TRA\u00c7OS, SONS, CORES E FORMAS<\/p>\n","protected":false},"author":1,"featured_media":0,"parent":0,"menu_order":0,"comment_status":"closed","ping_status":"closed","template":"","meta":{"_acf_changed":false,"footnotes":""},"class_list":["post-138","page","type-page","status-publish","hentry"],"acf":[],"_links":{"self":[{"href":"https:\/\/educacaocacador.com.br\/index.php?rest_route=\/wp\/v2\/pages\/138","targetHints":{"allow":["GET"]}}],"collection":[{"href":"https:\/\/educacaocacador.com.br\/index.php?rest_route=\/wp\/v2\/pages"}],"about":[{"href":"https:\/\/educacaocacador.com.br\/index.php?rest_route=\/wp\/v2\/types\/page"}],"author":[{"embeddable":true,"href":"https:\/\/educacaocacador.com.br\/index.php?rest_route=\/wp\/v2\/users\/1"}],"replies":[{"embeddable":true,"href":"https:\/\/educacaocacador.com.br\/index.php?rest_route=%2Fwp%2Fv2%2Fcomments&post=138"}],"version-history":[{"count":18,"href":"https:\/\/educacaocacador.com.br\/index.php?rest_route=\/wp\/v2\/pages\/138\/revisions"}],"predecessor-version":[{"id":3128,"href":"https:\/\/educacaocacador.com.br\/index.php?rest_route=\/wp\/v2\/pages\/138\/revisions\/3128"}],"wp:attachment":[{"href":"https:\/\/educacaocacador.com.br\/index.php?rest_route=%2Fwp%2Fv2%2Fmedia&parent=138"}],"curies":[{"name":"wp","href":"https:\/\/api.w.org\/{rel}","templated":true}]}}