{"id":134,"date":"2025-04-03T14:30:41","date_gmt":"2025-04-03T17:30:41","guid":{"rendered":"http:\/\/educacaocacador.duckdns.org\/?page_id=134"},"modified":"2026-02-19T10:04:33","modified_gmt":"2026-02-19T13:04:33","slug":"8o-ano","status":"publish","type":"page","link":"https:\/\/educacaocacador.com.br\/?page_id=134","title":{"rendered":"Educa\u00e7\u00e3o F\u00edsica"},"content":{"rendered":"\n<p class=\"has-white-color has-midnight-gradient-background has-text-color has-background has-link-color wp-elements-aeeec78828b34d4a675ddd4d58dbcebe\">6\u00ba ANO <\/p>\n\n\n\n<div data-wp-interactive=\"core\/file\" class=\"wp-block-file\"><object data-wp-bind--hidden=\"!state.hasPdfPreview\" hidden class=\"wp-block-file__embed\" data=\"https:\/\/educacaocacador.com.br\/wp-content\/uploads\/2026\/02\/PLANEJAMENTO-EDUCACAO-FISICA-6o-ANO-1o-TRIMESTRE.pdf\" type=\"application\/pdf\" style=\"width:100%;height:600px\" aria-label=\"Incorporado de PLANEJAMENTO - EDUCA\u00c7\u00c3O F\u00cdSICA - 6\u00ba ANO - 1\u00ba TRIMESTRE.\"><\/object><a id=\"wp-block-file--media-7be4e745-5ee1-4d82-84f9-a0c2d91b6be3\" href=\"https:\/\/educacaocacador.com.br\/wp-content\/uploads\/2026\/02\/PLANEJAMENTO-EDUCACAO-FISICA-6o-ANO-1o-TRIMESTRE.pdf\">PLANEJAMENTO &#8211; EDUCA\u00c7\u00c3O F\u00cdSICA &#8211; 6\u00ba ANO &#8211; 1\u00ba TRIMESTRE<\/a><a href=\"https:\/\/educacaocacador.com.br\/wp-content\/uploads\/2026\/02\/PLANEJAMENTO-EDUCACAO-FISICA-6o-ANO-1o-TRIMESTRE.pdf\" class=\"wp-block-file__button wp-element-button\" download aria-describedby=\"wp-block-file--media-7be4e745-5ee1-4d82-84f9-a0c2d91b6be3\">Baixar<\/a><\/div>\n\n\n\n<p class=\"has-white-color has-midnight-gradient-background has-text-color has-background has-link-color wp-elements-d71152515f54184e0a3f5acbc72c6d81\">7\u00ba ANO <\/p>\n\n\n\n<div data-wp-interactive=\"core\/file\" class=\"wp-block-file\"><object data-wp-bind--hidden=\"!state.hasPdfPreview\" hidden class=\"wp-block-file__embed\" data=\"https:\/\/educacaocacador.com.br\/wp-content\/uploads\/2026\/02\/PLANEJAMENTO-EDUCACAO-FISICA-7o-ANO-1o-TRIMESTRE-1.pdf\" type=\"application\/pdf\" style=\"width:100%;height:600px\" aria-label=\"Incorporado de PLANEJAMENTO - EDUCA\u00c7\u00c3O F\u00cdSICA - 7\u00ba ANO - 1\u00ba TRIMESTRE.\"><\/object><a id=\"wp-block-file--media-1889c586-6bc1-447e-bca8-9b3ff4186593\" href=\"https:\/\/educacaocacador.com.br\/wp-content\/uploads\/2026\/02\/PLANEJAMENTO-EDUCACAO-FISICA-7o-ANO-1o-TRIMESTRE-1.pdf\">PLANEJAMENTO &#8211; EDUCA\u00c7\u00c3O F\u00cdSICA &#8211; 7\u00ba ANO &#8211; 1\u00ba TRIMESTRE<\/a><a href=\"https:\/\/educacaocacador.com.br\/wp-content\/uploads\/2026\/02\/PLANEJAMENTO-EDUCACAO-FISICA-7o-ANO-1o-TRIMESTRE-1.pdf\" class=\"wp-block-file__button wp-element-button\" download aria-describedby=\"wp-block-file--media-1889c586-6bc1-447e-bca8-9b3ff4186593\">Baixar<\/a><\/div>\n\n\n\n<p class=\"has-white-color has-midnight-gradient-background has-text-color has-background has-link-color wp-elements-24355e31d01711de504ca8faa250c058\">8\u00ba ANO <\/p>\n\n\n\n<div data-wp-interactive=\"core\/file\" class=\"wp-block-file\"><object data-wp-bind--hidden=\"!state.hasPdfPreview\" hidden class=\"wp-block-file__embed\" data=\"https:\/\/educacaocacador.com.br\/wp-content\/uploads\/2026\/02\/PLANEJAMENTO-EDUCACAO-FISICA-8o-ANO-1o-TRIMESTRE-1.pdf\" type=\"application\/pdf\" style=\"width:100%;height:600px\" aria-label=\"Incorporado de PLANEJAMENTO - EDUCA\u00c7\u00c3O F\u00cdSICA - 8\u00ba ANO - 1\u00ba TRIMESTRE.\"><\/object><a id=\"wp-block-file--media-e9ec93f4-2442-4c56-8642-9bdc8dbd0423\" href=\"https:\/\/educacaocacador.com.br\/wp-content\/uploads\/2026\/02\/PLANEJAMENTO-EDUCACAO-FISICA-8o-ANO-1o-TRIMESTRE-1.pdf\">PLANEJAMENTO &#8211; EDUCA\u00c7\u00c3O F\u00cdSICA &#8211; 8\u00ba ANO &#8211; 1\u00ba TRIMESTRE<\/a><a href=\"https:\/\/educacaocacador.com.br\/wp-content\/uploads\/2026\/02\/PLANEJAMENTO-EDUCACAO-FISICA-8o-ANO-1o-TRIMESTRE-1.pdf\" class=\"wp-block-file__button wp-element-button\" download aria-describedby=\"wp-block-file--media-e9ec93f4-2442-4c56-8642-9bdc8dbd0423\">Baixar<\/a><\/div>\n\n\n\n<p class=\"has-white-color has-midnight-gradient-background has-text-color has-background has-link-color wp-elements-010183140ad5a912fd7da637fe23202d\">9\u00ba ANO <\/p>\n\n\n\n<div data-wp-interactive=\"core\/file\" class=\"wp-block-file\"><object data-wp-bind--hidden=\"!state.hasPdfPreview\" hidden class=\"wp-block-file__embed\" data=\"https:\/\/educacaocacador.com.br\/wp-content\/uploads\/2026\/02\/PLANEJAMENTO-EDUCACAO-FISICA-9o-ANO-1o-TRIMESTRE-1.pdf\" type=\"application\/pdf\" style=\"width:100%;height:600px\" aria-label=\"Incorporado de PLANEJAMENTO - EDUCA\u00c7\u00c3O F\u00cdSICA - 9\u00ba ANO - 1\u00ba TRIMESTRE (1).\"><\/object><a id=\"wp-block-file--media-46946a14-9d8a-49bd-8993-67bb9292e4ae\" href=\"https:\/\/educacaocacador.com.br\/wp-content\/uploads\/2026\/02\/PLANEJAMENTO-EDUCACAO-FISICA-9o-ANO-1o-TRIMESTRE-1.pdf\">PLANEJAMENTO &#8211; EDUCA\u00c7\u00c3O F\u00cdSICA &#8211; 9\u00ba ANO &#8211; 1\u00ba TRIMESTRE (1)<\/a><a href=\"https:\/\/educacaocacador.com.br\/wp-content\/uploads\/2026\/02\/PLANEJAMENTO-EDUCACAO-FISICA-9o-ANO-1o-TRIMESTRE-1.pdf\" class=\"wp-block-file__button wp-element-button\" download aria-describedby=\"wp-block-file--media-46946a14-9d8a-49bd-8993-67bb9292e4ae\">Baixar<\/a><\/div>\n","protected":false},"excerpt":{"rendered":"<p>6\u00ba ANO 7\u00ba ANO 8\u00ba ANO 9\u00ba ANO<\/p>\n","protected":false},"author":1,"featured_media":0,"parent":0,"menu_order":0,"comment_status":"closed","ping_status":"closed","template":"","meta":{"_acf_changed":false,"footnotes":""},"class_list":["post-134","page","type-page","status-publish","hentry"],"acf":[],"_links":{"self":[{"href":"https:\/\/educacaocacador.com.br\/index.php?rest_route=\/wp\/v2\/pages\/134","targetHints":{"allow":["GET"]}}],"collection":[{"href":"https:\/\/educacaocacador.com.br\/index.php?rest_route=\/wp\/v2\/pages"}],"about":[{"href":"https:\/\/educacaocacador.com.br\/index.php?rest_route=\/wp\/v2\/types\/page"}],"author":[{"embeddable":true,"href":"https:\/\/educacaocacador.com.br\/index.php?rest_route=\/wp\/v2\/users\/1"}],"replies":[{"embeddable":true,"href":"https:\/\/educacaocacador.com.br\/index.php?rest_route=%2Fwp%2Fv2%2Fcomments&post=134"}],"version-history":[{"count":15,"href":"https:\/\/educacaocacador.com.br\/index.php?rest_route=\/wp\/v2\/pages\/134\/revisions"}],"predecessor-version":[{"id":3259,"href":"https:\/\/educacaocacador.com.br\/index.php?rest_route=\/wp\/v2\/pages\/134\/revisions\/3259"}],"wp:attachment":[{"href":"https:\/\/educacaocacador.com.br\/index.php?rest_route=%2Fwp%2Fv2%2Fmedia&parent=134"}],"curies":[{"name":"wp","href":"https:\/\/api.w.org\/{rel}","templated":true}]}}