{"id":127,"date":"2025-04-03T14:30:17","date_gmt":"2025-04-03T17:30:17","guid":{"rendered":"http:\/\/educacaocacador.duckdns.org\/?page_id=127"},"modified":"2026-02-19T08:39:15","modified_gmt":"2026-02-19T11:39:15","slug":"5o-ano","status":"publish","type":"page","link":"https:\/\/educacaocacador.com.br\/?page_id=127","title":{"rendered":"5\u00ba ano"},"content":{"rendered":"\n<p class=\"has-white-color has-midnight-gradient-background has-text-color has-background has-link-color wp-elements-8d8753c672aa6a1c5ca3cb52322f1f1c\">ARTE <\/p>\n\n\n\n<div data-wp-interactive=\"core\/file\" class=\"wp-block-file\"><object data-wp-bind--hidden=\"!state.hasPdfPreview\" hidden class=\"wp-block-file__embed\" data=\"https:\/\/educacaocacador.com.br\/wp-content\/uploads\/2026\/02\/ARTE-PLANEJAMENTO-ANUAL-FUNDAMENTAL-I-2026.docx-1-1-4.pdf\" type=\"application\/pdf\" style=\"width:100%;height:600px\" aria-label=\"Incorporado de ARTE-  PLANEJAMENTO ANUAL FUNDAMENTAL I - 2026.docx (1) (1).\"><\/object><a id=\"wp-block-file--media-4d6521a3-d16e-4558-823c-4a46afd83acb\" href=\"https:\/\/educacaocacador.com.br\/wp-content\/uploads\/2026\/02\/ARTE-PLANEJAMENTO-ANUAL-FUNDAMENTAL-I-2026.docx-1-1-4.pdf\">ARTE-  PLANEJAMENTO ANUAL FUNDAMENTAL I &#8211; 2026.docx (1) (1)<\/a><a href=\"https:\/\/educacaocacador.com.br\/wp-content\/uploads\/2026\/02\/ARTE-PLANEJAMENTO-ANUAL-FUNDAMENTAL-I-2026.docx-1-1-4.pdf\" class=\"wp-block-file__button wp-element-button\" download aria-describedby=\"wp-block-file--media-4d6521a3-d16e-4558-823c-4a46afd83acb\">Baixar<\/a><\/div>\n\n\n\n<p class=\"has-white-color has-midnight-gradient-background has-text-color has-background has-link-color wp-elements-784082237282f5a4a999881b1cece0bb\">CI\u00caNCIAS <\/p>\n\n\n\n<div data-wp-interactive=\"core\/file\" class=\"wp-block-file\"><object data-wp-bind--hidden=\"!state.hasPdfPreview\" hidden class=\"wp-block-file__embed\" data=\"https:\/\/educacaocacador.com.br\/wp-content\/uploads\/2026\/02\/5o-Ano-Planejamento-Ciencias-.pdf\" type=\"application\/pdf\" style=\"width:100%;height:600px\" aria-label=\"Incorporado de 5\u00ba Ano - Planejamento - Ci\u00eancias.\"><\/object><a id=\"wp-block-file--media-2237290e-47d1-47be-bd7e-a811b0629aef\" href=\"https:\/\/educacaocacador.com.br\/wp-content\/uploads\/2026\/02\/5o-Ano-Planejamento-Ciencias-.pdf\">5\u00ba Ano &#8211; Planejamento &#8211; Ci\u00eancias<\/a><a href=\"https:\/\/educacaocacador.com.br\/wp-content\/uploads\/2026\/02\/5o-Ano-Planejamento-Ciencias-.pdf\" class=\"wp-block-file__button wp-element-button\" download aria-describedby=\"wp-block-file--media-2237290e-47d1-47be-bd7e-a811b0629aef\">Baixar<\/a><\/div>\n\n\n\n<p class=\"has-white-color has-midnight-gradient-background has-text-color has-background has-link-color wp-elements-8a6da2fdc4dc17f7bf9591f788e5ec92\">EDUCA\u00c7\u00c3O F\u00cdSICA<\/p>\n\n\n\n<div data-wp-interactive=\"core\/file\" class=\"wp-block-file\"><object data-wp-bind--hidden=\"!state.hasPdfPreview\" hidden class=\"wp-block-file__embed\" data=\"https:\/\/educacaocacador.com.br\/wp-content\/uploads\/2026\/02\/PLANEJAMENTO-EDUCACAO-FISICA-5o-ANO-1o-TRIMESTRE.pdf\" type=\"application\/pdf\" style=\"width:100%;height:600px\" aria-label=\"Incorporado de PLANEJAMENTO - EDUCA\u00c7\u00c3O F\u00cdSICA - 5\u00ba ANO - 1\u00ba TRIMESTRE.\"><\/object><a id=\"wp-block-file--media-1b19f9c6-94b4-4bab-9c90-fbba127b51d2\" href=\"https:\/\/educacaocacador.com.br\/wp-content\/uploads\/2026\/02\/PLANEJAMENTO-EDUCACAO-FISICA-5o-ANO-1o-TRIMESTRE.pdf\">PLANEJAMENTO &#8211; EDUCA\u00c7\u00c3O F\u00cdSICA &#8211; 5\u00ba ANO &#8211; 1\u00ba TRIMESTRE<\/a><a href=\"https:\/\/educacaocacador.com.br\/wp-content\/uploads\/2026\/02\/PLANEJAMENTO-EDUCACAO-FISICA-5o-ANO-1o-TRIMESTRE.pdf\" class=\"wp-block-file__button wp-element-button\" download aria-describedby=\"wp-block-file--media-1b19f9c6-94b4-4bab-9c90-fbba127b51d2\">Baixar<\/a><\/div>\n\n\n\n<p class=\"has-white-color has-midnight-gradient-background has-text-color has-background has-link-color wp-elements-41a6793d7889d41f9c2c593b70aae8c4\">ENSINO RELIGIOSO<\/p>\n\n\n\n<div data-wp-interactive=\"core\/file\" class=\"wp-block-file\"><object data-wp-bind--hidden=\"!state.hasPdfPreview\" hidden class=\"wp-block-file__embed\" data=\"https:\/\/educacaocacador.com.br\/wp-content\/uploads\/2026\/02\/5o-Ano-Planejamento-Ensino-Religioso-1.pdf\" type=\"application\/pdf\" style=\"width:100%;height:600px\" aria-label=\"Incorporado de 5\u00ba Ano - Planejamento - Ensino Religioso  (1).\"><\/object><a id=\"wp-block-file--media-99b91d3e-c39a-4bc4-b819-9d5a556ef87a\" href=\"https:\/\/educacaocacador.com.br\/wp-content\/uploads\/2026\/02\/5o-Ano-Planejamento-Ensino-Religioso-1.pdf\">5\u00ba Ano &#8211; Planejamento &#8211; Ensino Religioso  (1)<\/a><a href=\"https:\/\/educacaocacador.com.br\/wp-content\/uploads\/2026\/02\/5o-Ano-Planejamento-Ensino-Religioso-1.pdf\" class=\"wp-block-file__button wp-element-button\" download aria-describedby=\"wp-block-file--media-99b91d3e-c39a-4bc4-b819-9d5a556ef87a\">Baixar<\/a><\/div>\n\n\n\n<p class=\"has-white-color has-midnight-gradient-background has-text-color has-background has-link-color wp-elements-8136976aee2e8d9b8ee9aad20dbc213b\">FILOSOFIA <\/p>\n\n\n\n<div data-wp-interactive=\"core\/file\" class=\"wp-block-file\"><object data-wp-bind--hidden=\"!state.hasPdfPreview\" hidden class=\"wp-block-file__embed\" data=\"https:\/\/educacaocacador.com.br\/wp-content\/uploads\/2026\/02\/5o-Ano-2026.pdf\" type=\"application\/pdf\" style=\"width:100%;height:600px\" aria-label=\"Incorporado de 5\u00ba Ano - 2026.\"><\/object><a id=\"wp-block-file--media-587f38dc-c12a-417d-be45-7511c10853e0\" href=\"https:\/\/educacaocacador.com.br\/wp-content\/uploads\/2026\/02\/5o-Ano-2026.pdf\">5\u00ba Ano &#8211; 2026<\/a><a href=\"https:\/\/educacaocacador.com.br\/wp-content\/uploads\/2026\/02\/5o-Ano-2026.pdf\" class=\"wp-block-file__button wp-element-button\" download aria-describedby=\"wp-block-file--media-587f38dc-c12a-417d-be45-7511c10853e0\">Baixar<\/a><\/div>\n\n\n\n<p class=\"has-white-color has-midnight-gradient-background has-text-color has-background has-link-color wp-elements-815222b32fd0e7b3fa289104eb68ee90\">GEOGRAFIA <\/p>\n\n\n\n<div data-wp-interactive=\"core\/file\" class=\"wp-block-file\"><object data-wp-bind--hidden=\"!state.hasPdfPreview\" hidden class=\"wp-block-file__embed\" data=\"https:\/\/educacaocacador.com.br\/wp-content\/uploads\/2026\/02\/5o-Ano-Planejamento-Geografia-1-1.pdf\" type=\"application\/pdf\" style=\"width:100%;height:600px\" aria-label=\"Incorporado de 5\u00ba Ano - Planejamento - Geografia  (1) (1).\"><\/object><a id=\"wp-block-file--media-3e19e4f5-c021-4699-bfea-931a774456da\" href=\"https:\/\/educacaocacador.com.br\/wp-content\/uploads\/2026\/02\/5o-Ano-Planejamento-Geografia-1-1.pdf\">5\u00ba Ano &#8211; Planejamento &#8211; Geografia  (1) (1)<\/a><a href=\"https:\/\/educacaocacador.com.br\/wp-content\/uploads\/2026\/02\/5o-Ano-Planejamento-Geografia-1-1.pdf\" class=\"wp-block-file__button wp-element-button\" download aria-describedby=\"wp-block-file--media-3e19e4f5-c021-4699-bfea-931a774456da\">Baixar<\/a><\/div>\n\n\n\n<p class=\"has-white-color has-midnight-gradient-background has-text-color has-background has-link-color wp-elements-a05b74922f5f054aeea3a39c616d74ec\">HIST\u00d3RIA <\/p>\n\n\n\n<div data-wp-interactive=\"core\/file\" class=\"wp-block-file\"><object data-wp-bind--hidden=\"!state.hasPdfPreview\" hidden class=\"wp-block-file__embed\" data=\"https:\/\/educacaocacador.com.br\/wp-content\/uploads\/2026\/02\/5o-Ano-Planejamento-Historia.pdf\" type=\"application\/pdf\" style=\"width:100%;height:600px\" aria-label=\"Incorporado de 5\u00ba Ano - Planejamento - Hist\u00f3ria.\"><\/object><a id=\"wp-block-file--media-bfbec091-abd8-499e-9b1f-e7438375f4db\" href=\"https:\/\/educacaocacador.com.br\/wp-content\/uploads\/2026\/02\/5o-Ano-Planejamento-Historia.pdf\">5\u00ba Ano &#8211; Planejamento &#8211; Hist\u00f3ria<\/a><a href=\"https:\/\/educacaocacador.com.br\/wp-content\/uploads\/2026\/02\/5o-Ano-Planejamento-Historia.pdf\" class=\"wp-block-file__button wp-element-button\" download aria-describedby=\"wp-block-file--media-bfbec091-abd8-499e-9b1f-e7438375f4db\">Baixar<\/a><\/div>\n\n\n\n<p class=\"has-white-color has-midnight-gradient-background has-text-color has-background has-link-color wp-elements-de4445ab4d8aa3f21b6f249d2757450d\">L\u00cdNGUA INGLESA<\/p>\n\n\n\n<div data-wp-interactive=\"core\/file\" class=\"wp-block-file\"><object data-wp-bind--hidden=\"!state.hasPdfPreview\" hidden class=\"wp-block-file__embed\" data=\"https:\/\/educacaocacador.com.br\/wp-content\/uploads\/2026\/02\/LINGUA-INGLESA-PLANEJAMENTO-ANUAL-2026-1-ao-5-ano.docx-1.pdf\" type=\"application\/pdf\" style=\"width:100%;height:600px\" aria-label=\"Incorporado de _L\u00cdNGUA INGLESA - PLANEJAMENTO ANUAL - 2026 - 1 ao 5 ano.docx.\"><\/object><a id=\"wp-block-file--media-f35a8f6a-c41a-4a9b-8ccb-ac173420cbff\" href=\"https:\/\/educacaocacador.com.br\/wp-content\/uploads\/2026\/02\/LINGUA-INGLESA-PLANEJAMENTO-ANUAL-2026-1-ao-5-ano.docx-1.pdf\">_L\u00cdNGUA INGLESA &#8211; PLANEJAMENTO ANUAL &#8211; 2026 &#8211; 1 ao 5 ano.docx<\/a><a href=\"https:\/\/educacaocacador.com.br\/wp-content\/uploads\/2026\/02\/LINGUA-INGLESA-PLANEJAMENTO-ANUAL-2026-1-ao-5-ano.docx-1.pdf\" class=\"wp-block-file__button wp-element-button\" download aria-describedby=\"wp-block-file--media-f35a8f6a-c41a-4a9b-8ccb-ac173420cbff\">Baixar<\/a><\/div>\n\n\n\n<p class=\"has-white-color has-midnight-gradient-background has-text-color has-background has-link-color wp-elements-5d21da44d0023f23c7db7c38b6254611\">L\u00cdNGUA PORTUGUESA <\/p>\n\n\n\n<div data-wp-interactive=\"core\/file\" class=\"wp-block-file\"><object data-wp-bind--hidden=\"!state.hasPdfPreview\" hidden class=\"wp-block-file__embed\" data=\"https:\/\/educacaocacador.com.br\/wp-content\/uploads\/2026\/02\/5o-Ano-Planejamento-Lingua-Portuguesa-1.pdf\" type=\"application\/pdf\" style=\"width:100%;height:600px\" aria-label=\"Incorporado de 5\u00ba Ano - Planejamento - L\u00edngua Portuguesa   (1).\"><\/object><a id=\"wp-block-file--media-ea40402e-d235-44a5-851a-e339a999e3f8\" href=\"https:\/\/educacaocacador.com.br\/wp-content\/uploads\/2026\/02\/5o-Ano-Planejamento-Lingua-Portuguesa-1.pdf\">5\u00ba Ano &#8211; Planejamento &#8211; L\u00edngua Portuguesa   (1)<\/a><a href=\"https:\/\/educacaocacador.com.br\/wp-content\/uploads\/2026\/02\/5o-Ano-Planejamento-Lingua-Portuguesa-1.pdf\" class=\"wp-block-file__button wp-element-button\" download aria-describedby=\"wp-block-file--media-ea40402e-d235-44a5-851a-e339a999e3f8\">Baixar<\/a><\/div>\n\n\n\n<p class=\"has-white-color has-midnight-gradient-background has-text-color has-background has-link-color wp-elements-1b7dd1768815ddba7798c8a9f233e229\">MATEM\u00c1TICA <\/p>\n\n\n\n<div data-wp-interactive=\"core\/file\" class=\"wp-block-file\"><object data-wp-bind--hidden=\"!state.hasPdfPreview\" hidden class=\"wp-block-file__embed\" data=\"https:\/\/educacaocacador.com.br\/wp-content\/uploads\/2026\/02\/5o-Ano-Planejamento-Matematica-.pdf\" type=\"application\/pdf\" style=\"width:100%;height:600px\" aria-label=\"Incorporado de 5\u00ba Ano - Planejamento - Matem\u00e1tica.\"><\/object><a id=\"wp-block-file--media-3ccddbf7-3776-4bb6-a675-8f638f78938c\" href=\"https:\/\/educacaocacador.com.br\/wp-content\/uploads\/2026\/02\/5o-Ano-Planejamento-Matematica-.pdf\">5\u00ba Ano &#8211; Planejamento &#8211; Matem\u00e1tica<\/a><a href=\"https:\/\/educacaocacador.com.br\/wp-content\/uploads\/2026\/02\/5o-Ano-Planejamento-Matematica-.pdf\" class=\"wp-block-file__button wp-element-button\" download aria-describedby=\"wp-block-file--media-3ccddbf7-3776-4bb6-a675-8f638f78938c\">Baixar<\/a><\/div>\n","protected":false},"excerpt":{"rendered":"<p>ARTE CI\u00caNCIAS EDUCA\u00c7\u00c3O F\u00cdSICA ENSINO RELIGIOSO FILOSOFIA GEOGRAFIA HIST\u00d3RIA L\u00cdNGUA INGLESA L\u00cdNGUA PORTUGUESA MATEM\u00c1TICA<\/p>\n","protected":false},"author":1,"featured_media":0,"parent":0,"menu_order":0,"comment_status":"closed","ping_status":"closed","template":"","meta":{"_acf_changed":false,"footnotes":""},"class_list":["post-127","page","type-page","status-publish","hentry"],"acf":[],"_links":{"self":[{"href":"https:\/\/educacaocacador.com.br\/index.php?rest_route=\/wp\/v2\/pages\/127","targetHints":{"allow":["GET"]}}],"collection":[{"href":"https:\/\/educacaocacador.com.br\/index.php?rest_route=\/wp\/v2\/pages"}],"about":[{"href":"https:\/\/educacaocacador.com.br\/index.php?rest_route=\/wp\/v2\/types\/page"}],"author":[{"embeddable":true,"href":"https:\/\/educacaocacador.com.br\/index.php?rest_route=\/wp\/v2\/users\/1"}],"replies":[{"embeddable":true,"href":"https:\/\/educacaocacador.com.br\/index.php?rest_route=%2Fwp%2Fv2%2Fcomments&post=127"}],"version-history":[{"count":29,"href":"https:\/\/educacaocacador.com.br\/index.php?rest_route=\/wp\/v2\/pages\/127\/revisions"}],"predecessor-version":[{"id":3243,"href":"https:\/\/educacaocacador.com.br\/index.php?rest_route=\/wp\/v2\/pages\/127\/revisions\/3243"}],"wp:attachment":[{"href":"https:\/\/educacaocacador.com.br\/index.php?rest_route=%2Fwp%2Fv2%2Fmedia&parent=127"}],"curies":[{"name":"wp","href":"https:\/\/api.w.org\/{rel}","templated":true}]}}