{"id":125,"date":"2025-04-03T14:30:11","date_gmt":"2025-04-03T17:30:11","guid":{"rendered":"http:\/\/educacaocacador.duckdns.org\/?page_id=125"},"modified":"2026-02-19T08:35:19","modified_gmt":"2026-02-19T11:35:19","slug":"4o-ano","status":"publish","type":"page","link":"https:\/\/educacaocacador.com.br\/?page_id=125","title":{"rendered":"4\u00ba ano"},"content":{"rendered":"\n<p class=\"has-white-color has-midnight-gradient-background has-text-color has-background has-link-color wp-elements-8d8753c672aa6a1c5ca3cb52322f1f1c\">ARTE <\/p>\n\n\n\n<div data-wp-interactive=\"core\/file\" class=\"wp-block-file\"><object data-wp-bind--hidden=\"!state.hasPdfPreview\" hidden class=\"wp-block-file__embed\" data=\"https:\/\/educacaocacador.com.br\/wp-content\/uploads\/2026\/02\/ARTE-PLANEJAMENTO-ANUAL-FUNDAMENTAL-I-2026.docx-1-1-3.pdf\" type=\"application\/pdf\" style=\"width:100%;height:600px\" aria-label=\"Incorporado de ARTE-  PLANEJAMENTO ANUAL FUNDAMENTAL I - 2026.docx (1) (1).\"><\/object><a id=\"wp-block-file--media-e6d8742a-f8a8-4e48-84b2-81ceeb43eb22\" href=\"https:\/\/educacaocacador.com.br\/wp-content\/uploads\/2026\/02\/ARTE-PLANEJAMENTO-ANUAL-FUNDAMENTAL-I-2026.docx-1-1-3.pdf\">ARTE-  PLANEJAMENTO ANUAL FUNDAMENTAL I &#8211; 2026.docx (1) (1)<\/a><a href=\"https:\/\/educacaocacador.com.br\/wp-content\/uploads\/2026\/02\/ARTE-PLANEJAMENTO-ANUAL-FUNDAMENTAL-I-2026.docx-1-1-3.pdf\" class=\"wp-block-file__button wp-element-button\" download aria-describedby=\"wp-block-file--media-e6d8742a-f8a8-4e48-84b2-81ceeb43eb22\">Baixar<\/a><\/div>\n\n\n\n<p class=\"has-white-color has-midnight-gradient-background has-text-color has-background has-link-color wp-elements-784082237282f5a4a999881b1cece0bb\">CI\u00caNCIAS <\/p>\n\n\n\n<div data-wp-interactive=\"core\/file\" class=\"wp-block-file\"><object data-wp-bind--hidden=\"!state.hasPdfPreview\" hidden class=\"wp-block-file__embed\" data=\"https:\/\/educacaocacador.com.br\/wp-content\/uploads\/2026\/02\/4o-ano-Planejamento-de-Ciencias-.pdf\" type=\"application\/pdf\" style=\"width:100%;height:600px\" aria-label=\"Incorporado de 4\u00ba ano - Planejamento de Ci\u00eancias.\"><\/object><a id=\"wp-block-file--media-e9c813f6-6767-4e2f-b6e9-d7b1f4bf1a75\" href=\"https:\/\/educacaocacador.com.br\/wp-content\/uploads\/2026\/02\/4o-ano-Planejamento-de-Ciencias-.pdf\">4\u00ba ano &#8211; Planejamento de Ci\u00eancias<\/a><a href=\"https:\/\/educacaocacador.com.br\/wp-content\/uploads\/2026\/02\/4o-ano-Planejamento-de-Ciencias-.pdf\" class=\"wp-block-file__button wp-element-button\" download aria-describedby=\"wp-block-file--media-e9c813f6-6767-4e2f-b6e9-d7b1f4bf1a75\">Baixar<\/a><\/div>\n\n\n\n<p class=\"has-white-color has-midnight-gradient-background has-text-color has-background has-link-color wp-elements-8a6da2fdc4dc17f7bf9591f788e5ec92\">EDUCA\u00c7\u00c3O F\u00cdSICA<\/p>\n\n\n\n<div data-wp-interactive=\"core\/file\" class=\"wp-block-file\"><object data-wp-bind--hidden=\"!state.hasPdfPreview\" hidden class=\"wp-block-file__embed\" data=\"https:\/\/educacaocacador.com.br\/wp-content\/uploads\/2026\/02\/PLANEJAMENTO-EDUCACAO-FISICA-4o-ANO-1o-TRIMESTRE.pdf\" type=\"application\/pdf\" style=\"width:100%;height:600px\" aria-label=\"Incorporado de PLANEJAMENTO - EDUCA\u00c7\u00c3O F\u00cdSICA - 4\u00ba ANO - 1\u00ba TRIMESTRE.\"><\/object><a id=\"wp-block-file--media-a85bcb38-8c18-4f0b-a53b-60c4fa23799d\" href=\"https:\/\/educacaocacador.com.br\/wp-content\/uploads\/2026\/02\/PLANEJAMENTO-EDUCACAO-FISICA-4o-ANO-1o-TRIMESTRE.pdf\">PLANEJAMENTO &#8211; EDUCA\u00c7\u00c3O F\u00cdSICA &#8211; 4\u00ba ANO &#8211; 1\u00ba TRIMESTRE<\/a><a href=\"https:\/\/educacaocacador.com.br\/wp-content\/uploads\/2026\/02\/PLANEJAMENTO-EDUCACAO-FISICA-4o-ANO-1o-TRIMESTRE.pdf\" class=\"wp-block-file__button wp-element-button\" download aria-describedby=\"wp-block-file--media-a85bcb38-8c18-4f0b-a53b-60c4fa23799d\">Baixar<\/a><\/div>\n\n\n\n<p class=\"has-white-color has-midnight-gradient-background has-text-color has-background has-link-color wp-elements-41a6793d7889d41f9c2c593b70aae8c4\">ENSINO RELIGIOSO<\/p>\n\n\n\n<div data-wp-interactive=\"core\/file\" class=\"wp-block-file\"><object data-wp-bind--hidden=\"!state.hasPdfPreview\" hidden class=\"wp-block-file__embed\" data=\"https:\/\/educacaocacador.com.br\/wp-content\/uploads\/2026\/02\/4o-ano-Planejamento-Ensino-Religioso-1.pdf\" type=\"application\/pdf\" style=\"width:100%;height:600px\" aria-label=\"Incorporado de 4\u00ba ano - Planejamento - Ensino Religioso  (1).\"><\/object><a id=\"wp-block-file--media-7c1bd4ab-a165-4250-ad5d-804101664c81\" href=\"https:\/\/educacaocacador.com.br\/wp-content\/uploads\/2026\/02\/4o-ano-Planejamento-Ensino-Religioso-1.pdf\">4\u00ba ano &#8211; Planejamento &#8211; Ensino Religioso  (1)<\/a><a href=\"https:\/\/educacaocacador.com.br\/wp-content\/uploads\/2026\/02\/4o-ano-Planejamento-Ensino-Religioso-1.pdf\" class=\"wp-block-file__button wp-element-button\" download aria-describedby=\"wp-block-file--media-7c1bd4ab-a165-4250-ad5d-804101664c81\">Baixar<\/a><\/div>\n\n\n\n<p class=\"has-white-color has-midnight-gradient-background has-text-color has-background has-link-color wp-elements-8136976aee2e8d9b8ee9aad20dbc213b\">FILOSOFIA <\/p>\n\n\n\n<div data-wp-interactive=\"core\/file\" class=\"wp-block-file\"><object data-wp-bind--hidden=\"!state.hasPdfPreview\" hidden class=\"wp-block-file__embed\" data=\"https:\/\/educacaocacador.com.br\/wp-content\/uploads\/2026\/02\/4o-ano-2026.pdf\" type=\"application\/pdf\" style=\"width:100%;height:600px\" aria-label=\"Incorporado de 4\u00ba ano - 2026.\"><\/object><a id=\"wp-block-file--media-7f89c85b-355d-4417-9d1d-6e38d992a8f8\" href=\"https:\/\/educacaocacador.com.br\/wp-content\/uploads\/2026\/02\/4o-ano-2026.pdf\">4\u00ba ano &#8211; 2026<\/a><a href=\"https:\/\/educacaocacador.com.br\/wp-content\/uploads\/2026\/02\/4o-ano-2026.pdf\" class=\"wp-block-file__button wp-element-button\" download aria-describedby=\"wp-block-file--media-7f89c85b-355d-4417-9d1d-6e38d992a8f8\">Baixar<\/a><\/div>\n\n\n\n<p class=\"has-white-color has-midnight-gradient-background has-text-color has-background has-link-color wp-elements-82fe6ebd7002498767fbfcc37cb3c60e\">GEOGRAFIA<\/p>\n\n\n\n<div data-wp-interactive=\"core\/file\" class=\"wp-block-file\"><object data-wp-bind--hidden=\"!state.hasPdfPreview\" hidden class=\"wp-block-file__embed\" data=\"https:\/\/educacaocacador.com.br\/wp-content\/uploads\/2026\/02\/4o-Ano-Planejamento-de-Geografia-1o-Trimestre-corrigido.docx-Google-Docs-1.pdf\" type=\"application\/pdf\" style=\"width:100%;height:600px\" aria-label=\"Incorporado de 4\u00ba Ano - Planejamento de Geografia - 1\u00ba Trimestre corrigido.docx - Google Docs (1).\"><\/object><a id=\"wp-block-file--media-1c061dc6-04f7-41ba-a634-b873482239fb\" href=\"https:\/\/educacaocacador.com.br\/wp-content\/uploads\/2026\/02\/4o-Ano-Planejamento-de-Geografia-1o-Trimestre-corrigido.docx-Google-Docs-1.pdf\">4\u00ba Ano &#8211; Planejamento de Geografia &#8211; 1\u00ba Trimestre corrigido.docx &#8211; Google Docs (1)<\/a><a href=\"https:\/\/educacaocacador.com.br\/wp-content\/uploads\/2026\/02\/4o-Ano-Planejamento-de-Geografia-1o-Trimestre-corrigido.docx-Google-Docs-1.pdf\" class=\"wp-block-file__button wp-element-button\" download aria-describedby=\"wp-block-file--media-1c061dc6-04f7-41ba-a634-b873482239fb\">Baixar<\/a><\/div>\n\n\n\n<p class=\"has-white-color has-midnight-gradient-background has-text-color has-background has-link-color wp-elements-a05b74922f5f054aeea3a39c616d74ec\">HIST\u00d3RIA <\/p>\n\n\n\n<div data-wp-interactive=\"core\/file\" class=\"wp-block-file\"><object data-wp-bind--hidden=\"!state.hasPdfPreview\" hidden class=\"wp-block-file__embed\" data=\"https:\/\/educacaocacador.com.br\/wp-content\/uploads\/2026\/02\/4o-Ano-Planejamento-Historia.pdf\" type=\"application\/pdf\" style=\"width:100%;height:600px\" aria-label=\"Incorporado de 4\u00ba Ano - Planejamento - Hist\u00f3ria.\"><\/object><a id=\"wp-block-file--media-82408dc1-bd7d-4c28-85f9-8fa36b65d6e6\" href=\"https:\/\/educacaocacador.com.br\/wp-content\/uploads\/2026\/02\/4o-Ano-Planejamento-Historia.pdf\">4\u00ba Ano &#8211; Planejamento &#8211; Hist\u00f3ria<\/a><a href=\"https:\/\/educacaocacador.com.br\/wp-content\/uploads\/2026\/02\/4o-Ano-Planejamento-Historia.pdf\" class=\"wp-block-file__button wp-element-button\" download aria-describedby=\"wp-block-file--media-82408dc1-bd7d-4c28-85f9-8fa36b65d6e6\">Baixar<\/a><\/div>\n\n\n\n<p class=\"has-white-color has-midnight-gradient-background has-text-color has-background has-link-color wp-elements-de4445ab4d8aa3f21b6f249d2757450d\">L\u00cdNGUA INGLESA<\/p>\n\n\n\n<div data-wp-interactive=\"core\/file\" class=\"wp-block-file\"><object data-wp-bind--hidden=\"!state.hasPdfPreview\" hidden class=\"wp-block-file__embed\" data=\"https:\/\/educacaocacador.com.br\/wp-content\/uploads\/2026\/02\/LINGUA-INGLESA-PLANEJAMENTO-ANUAL-2026-1-ao-5-ano.docx.pdf\" type=\"application\/pdf\" style=\"width:100%;height:600px\" aria-label=\"Incorporado de _L\u00cdNGUA INGLESA - PLANEJAMENTO ANUAL - 2026 - 1 ao 5 ano.docx.\"><\/object><a id=\"wp-block-file--media-034d9cbb-c8b1-404c-a5ab-d69eb1803148\" href=\"https:\/\/educacaocacador.com.br\/wp-content\/uploads\/2026\/02\/LINGUA-INGLESA-PLANEJAMENTO-ANUAL-2026-1-ao-5-ano.docx.pdf\">_L\u00cdNGUA INGLESA &#8211; PLANEJAMENTO ANUAL &#8211; 2026 &#8211; 1 ao 5 ano.docx<\/a><a href=\"https:\/\/educacaocacador.com.br\/wp-content\/uploads\/2026\/02\/LINGUA-INGLESA-PLANEJAMENTO-ANUAL-2026-1-ao-5-ano.docx.pdf\" class=\"wp-block-file__button wp-element-button\" download aria-describedby=\"wp-block-file--media-034d9cbb-c8b1-404c-a5ab-d69eb1803148\">Baixar<\/a><\/div>\n\n\n\n<p class=\"has-white-color has-midnight-gradient-background has-text-color has-background has-link-color wp-elements-5d21da44d0023f23c7db7c38b6254611\">L\u00cdNGUA PORTUGUESA <\/p>\n\n\n\n<div data-wp-interactive=\"core\/file\" class=\"wp-block-file\"><object data-wp-bind--hidden=\"!state.hasPdfPreview\" hidden class=\"wp-block-file__embed\" data=\"https:\/\/educacaocacador.com.br\/wp-content\/uploads\/2026\/02\/4o-Ano-Planejamento-Lingua-Portuguesa.pdf\" type=\"application\/pdf\" style=\"width:100%;height:600px\" aria-label=\"Incorporado de 4\u00ba Ano - Planejamento - L\u00edngua Portuguesa.\"><\/object><a id=\"wp-block-file--media-03552189-0865-4311-bcb2-133a07f79ca6\" href=\"https:\/\/educacaocacador.com.br\/wp-content\/uploads\/2026\/02\/4o-Ano-Planejamento-Lingua-Portuguesa.pdf\">4\u00ba Ano &#8211; Planejamento &#8211; L\u00edngua Portuguesa<\/a><a href=\"https:\/\/educacaocacador.com.br\/wp-content\/uploads\/2026\/02\/4o-Ano-Planejamento-Lingua-Portuguesa.pdf\" class=\"wp-block-file__button wp-element-button\" download aria-describedby=\"wp-block-file--media-03552189-0865-4311-bcb2-133a07f79ca6\">Baixar<\/a><\/div>\n\n\n\n<p class=\"has-white-color has-midnight-gradient-background has-text-color has-background has-link-color wp-elements-1b7dd1768815ddba7798c8a9f233e229\">MATEM\u00c1TICA <\/p>\n\n\n\n<div data-wp-interactive=\"core\/file\" class=\"wp-block-file\"><object data-wp-bind--hidden=\"!state.hasPdfPreview\" hidden class=\"wp-block-file__embed\" data=\"https:\/\/educacaocacador.com.br\/wp-content\/uploads\/2026\/02\/4o-Ano-Planejamento-Matematica-.pdf\" type=\"application\/pdf\" style=\"width:100%;height:600px\" aria-label=\"Incorporado de 4\u00ba Ano - Planejamento - Matem\u00e1tica.\"><\/object><a id=\"wp-block-file--media-7b3d3c7f-ed70-4835-91de-b57f576e514a\" href=\"https:\/\/educacaocacador.com.br\/wp-content\/uploads\/2026\/02\/4o-Ano-Planejamento-Matematica-.pdf\">4\u00ba Ano &#8211; Planejamento &#8211; Matem\u00e1tica<\/a><a href=\"https:\/\/educacaocacador.com.br\/wp-content\/uploads\/2026\/02\/4o-Ano-Planejamento-Matematica-.pdf\" class=\"wp-block-file__button wp-element-button\" download aria-describedby=\"wp-block-file--media-7b3d3c7f-ed70-4835-91de-b57f576e514a\">Baixar<\/a><\/div>\n","protected":false},"excerpt":{"rendered":"<p>ARTE CI\u00caNCIAS EDUCA\u00c7\u00c3O F\u00cdSICA ENSINO RELIGIOSO FILOSOFIA GEOGRAFIA HIST\u00d3RIA L\u00cdNGUA INGLESA L\u00cdNGUA PORTUGUESA MATEM\u00c1TICA<\/p>\n","protected":false},"author":1,"featured_media":0,"parent":0,"menu_order":0,"comment_status":"closed","ping_status":"closed","template":"","meta":{"_acf_changed":false,"footnotes":""},"class_list":["post-125","page","type-page","status-publish","hentry"],"acf":[],"_links":{"self":[{"href":"https:\/\/educacaocacador.com.br\/index.php?rest_route=\/wp\/v2\/pages\/125","targetHints":{"allow":["GET"]}}],"collection":[{"href":"https:\/\/educacaocacador.com.br\/index.php?rest_route=\/wp\/v2\/pages"}],"about":[{"href":"https:\/\/educacaocacador.com.br\/index.php?rest_route=\/wp\/v2\/types\/page"}],"author":[{"embeddable":true,"href":"https:\/\/educacaocacador.com.br\/index.php?rest_route=\/wp\/v2\/users\/1"}],"replies":[{"embeddable":true,"href":"https:\/\/educacaocacador.com.br\/index.php?rest_route=%2Fwp%2Fv2%2Fcomments&post=125"}],"version-history":[{"count":24,"href":"https:\/\/educacaocacador.com.br\/index.php?rest_route=\/wp\/v2\/pages\/125\/revisions"}],"predecessor-version":[{"id":3241,"href":"https:\/\/educacaocacador.com.br\/index.php?rest_route=\/wp\/v2\/pages\/125\/revisions\/3241"}],"wp:attachment":[{"href":"https:\/\/educacaocacador.com.br\/index.php?rest_route=%2Fwp%2Fv2%2Fmedia&parent=125"}],"curies":[{"name":"wp","href":"https:\/\/api.w.org\/{rel}","templated":true}]}}