{"id":123,"date":"2025-04-03T14:30:03","date_gmt":"2025-04-03T17:30:03","guid":{"rendered":"http:\/\/educacaocacador.duckdns.org\/?page_id=123"},"modified":"2026-02-19T08:34:59","modified_gmt":"2026-02-19T11:34:59","slug":"3o-ano","status":"publish","type":"page","link":"https:\/\/educacaocacador.com.br\/?page_id=123","title":{"rendered":"3\u00ba ano"},"content":{"rendered":"\n<p class=\"has-white-color has-midnight-gradient-background has-text-color has-background has-link-color wp-elements-44bd912238015a7a58db9d418749bf33\">ARTE<\/p>\n\n\n\n<div data-wp-interactive=\"core\/file\" class=\"wp-block-file\"><object data-wp-bind--hidden=\"!state.hasPdfPreview\" hidden class=\"wp-block-file__embed\" data=\"https:\/\/educacaocacador.com.br\/wp-content\/uploads\/2026\/02\/ARTE-PLANEJAMENTO-ANUAL-FUNDAMENTAL-I-2026.docx-1-1-2.pdf\" type=\"application\/pdf\" style=\"width:100%;height:600px\" aria-label=\"Incorporado de ARTE-  PLANEJAMENTO ANUAL FUNDAMENTAL I - 2026.docx (1) (1).\"><\/object><a id=\"wp-block-file--media-1280b308-ba0c-4c90-919d-ca971ffcd8ba\" href=\"https:\/\/educacaocacador.com.br\/wp-content\/uploads\/2026\/02\/ARTE-PLANEJAMENTO-ANUAL-FUNDAMENTAL-I-2026.docx-1-1-2.pdf\">ARTE-  PLANEJAMENTO ANUAL FUNDAMENTAL I &#8211; 2026.docx (1) (1)<\/a><a href=\"https:\/\/educacaocacador.com.br\/wp-content\/uploads\/2026\/02\/ARTE-PLANEJAMENTO-ANUAL-FUNDAMENTAL-I-2026.docx-1-1-2.pdf\" class=\"wp-block-file__button wp-element-button\" download aria-describedby=\"wp-block-file--media-1280b308-ba0c-4c90-919d-ca971ffcd8ba\">Baixar<\/a><\/div>\n\n\n\n<p class=\"has-white-color has-midnight-gradient-background has-text-color has-background has-link-color wp-elements-784082237282f5a4a999881b1cece0bb\">CI\u00caNCIAS <\/p>\n\n\n\n<div data-wp-interactive=\"core\/file\" class=\"wp-block-file\"><object data-wp-bind--hidden=\"!state.hasPdfPreview\" hidden class=\"wp-block-file__embed\" data=\"https:\/\/educacaocacador.com.br\/wp-content\/uploads\/2026\/02\/3o-Ano-Planejamento-Ciencias-.pdf\" type=\"application\/pdf\" style=\"width:100%;height:600px\" aria-label=\"Incorporado de 3\u00ba Ano - Planejamento - Ci\u00eancias.\"><\/object><a id=\"wp-block-file--media-12e66edc-644d-4645-95e8-0a260cf5229a\" href=\"https:\/\/educacaocacador.com.br\/wp-content\/uploads\/2026\/02\/3o-Ano-Planejamento-Ciencias-.pdf\">3\u00ba Ano &#8211; Planejamento &#8211; Ci\u00eancias<\/a><a href=\"https:\/\/educacaocacador.com.br\/wp-content\/uploads\/2026\/02\/3o-Ano-Planejamento-Ciencias-.pdf\" class=\"wp-block-file__button wp-element-button\" download aria-describedby=\"wp-block-file--media-12e66edc-644d-4645-95e8-0a260cf5229a\">Baixar<\/a><\/div>\n\n\n\n<p class=\"has-white-color has-midnight-gradient-background has-text-color has-background has-link-color wp-elements-8a6da2fdc4dc17f7bf9591f788e5ec92\">EDUCA\u00c7\u00c3O F\u00cdSICA<\/p>\n\n\n\n<div data-wp-interactive=\"core\/file\" class=\"wp-block-file\"><object data-wp-bind--hidden=\"!state.hasPdfPreview\" hidden class=\"wp-block-file__embed\" data=\"https:\/\/educacaocacador.com.br\/wp-content\/uploads\/2026\/02\/PLANEJAMENTO-EDUCACAO-FISICA-3o-ANO-1o-TRIMESTRE.pdf\" type=\"application\/pdf\" style=\"width:100%;height:600px\" aria-label=\"Incorporado de PLANEJAMENTO - EDUCA\u00c7\u00c3O F\u00cdSICA - 3\u00ba ANO - 1\u00ba TRIMESTRE.\"><\/object><a id=\"wp-block-file--media-aa2add3b-5417-4862-8f1d-fc8907726795\" href=\"https:\/\/educacaocacador.com.br\/wp-content\/uploads\/2026\/02\/PLANEJAMENTO-EDUCACAO-FISICA-3o-ANO-1o-TRIMESTRE.pdf\">PLANEJAMENTO &#8211; EDUCA\u00c7\u00c3O F\u00cdSICA &#8211; 3\u00ba ANO &#8211; 1\u00ba TRIMESTRE<\/a><a href=\"https:\/\/educacaocacador.com.br\/wp-content\/uploads\/2026\/02\/PLANEJAMENTO-EDUCACAO-FISICA-3o-ANO-1o-TRIMESTRE.pdf\" class=\"wp-block-file__button wp-element-button\" download aria-describedby=\"wp-block-file--media-aa2add3b-5417-4862-8f1d-fc8907726795\">Baixar<\/a><\/div>\n\n\n\n<p class=\"has-white-color has-midnight-gradient-background has-text-color has-background has-link-color wp-elements-41a6793d7889d41f9c2c593b70aae8c4\">ENSINO RELIGIOSO<\/p>\n\n\n\n<div data-wp-interactive=\"core\/file\" class=\"wp-block-file\"><object data-wp-bind--hidden=\"!state.hasPdfPreview\" hidden class=\"wp-block-file__embed\" data=\"https:\/\/educacaocacador.com.br\/wp-content\/uploads\/2026\/02\/3o-Ano-Planejamento-Ensino-Religioso-1.pdf\" type=\"application\/pdf\" style=\"width:100%;height:600px\" aria-label=\"Incorporado de 3\u00ba Ano -  Planejamento - Ensino Religioso  (1).\"><\/object><a id=\"wp-block-file--media-5f235fc4-c2ce-47f8-8c20-d439d46290e4\" href=\"https:\/\/educacaocacador.com.br\/wp-content\/uploads\/2026\/02\/3o-Ano-Planejamento-Ensino-Religioso-1.pdf\">3\u00ba Ano &#8211;  Planejamento &#8211; Ensino Religioso  (1)<\/a><a href=\"https:\/\/educacaocacador.com.br\/wp-content\/uploads\/2026\/02\/3o-Ano-Planejamento-Ensino-Religioso-1.pdf\" class=\"wp-block-file__button wp-element-button\" download aria-describedby=\"wp-block-file--media-5f235fc4-c2ce-47f8-8c20-d439d46290e4\">Baixar<\/a><\/div>\n\n\n\n<p class=\"has-white-color has-midnight-gradient-background has-text-color has-background has-link-color wp-elements-8136976aee2e8d9b8ee9aad20dbc213b\">FILOSOFIA <\/p>\n\n\n\n<div data-wp-interactive=\"core\/file\" class=\"wp-block-file\"><object data-wp-bind--hidden=\"!state.hasPdfPreview\" hidden class=\"wp-block-file__embed\" data=\"https:\/\/educacaocacador.com.br\/wp-content\/uploads\/2026\/02\/3o-ano-2026.pdf\" type=\"application\/pdf\" style=\"width:100%;height:600px\" aria-label=\"Incorporado de 3\u00ba ano - 2026.\"><\/object><a id=\"wp-block-file--media-b100e86c-97fd-4875-b1fc-893ff43fd480\" href=\"https:\/\/educacaocacador.com.br\/wp-content\/uploads\/2026\/02\/3o-ano-2026.pdf\">3\u00ba ano &#8211; 2026<\/a><a href=\"https:\/\/educacaocacador.com.br\/wp-content\/uploads\/2026\/02\/3o-ano-2026.pdf\" class=\"wp-block-file__button wp-element-button\" download aria-describedby=\"wp-block-file--media-b100e86c-97fd-4875-b1fc-893ff43fd480\">Baixar<\/a><\/div>\n\n\n\n<p class=\"has-white-color has-midnight-gradient-background has-text-color has-background has-link-color wp-elements-82fe6ebd7002498767fbfcc37cb3c60e\">GEOGRAFIA<\/p>\n\n\n\n<div data-wp-interactive=\"core\/file\" class=\"wp-block-file\"><object data-wp-bind--hidden=\"!state.hasPdfPreview\" hidden class=\"wp-block-file__embed\" data=\"https:\/\/educacaocacador.com.br\/wp-content\/uploads\/2026\/02\/3o-Ano-Planejamento-de-Geografia-1o-Trimestre-corrigido.docx-Google-Docs-1.pdf\" type=\"application\/pdf\" style=\"width:100%;height:600px\" aria-label=\"Incorporado de 3\u00ba Ano - Planejamento de Geografia - 1\u00ba Trimestre corrigido.docx - Google Docs (1).\"><\/object><a id=\"wp-block-file--media-7be3e0bc-9b09-400a-8d99-150e0cc48284\" href=\"https:\/\/educacaocacador.com.br\/wp-content\/uploads\/2026\/02\/3o-Ano-Planejamento-de-Geografia-1o-Trimestre-corrigido.docx-Google-Docs-1.pdf\">3\u00ba Ano &#8211; Planejamento de Geografia &#8211; 1\u00ba Trimestre corrigido.docx &#8211; Google Docs (1)<\/a><a href=\"https:\/\/educacaocacador.com.br\/wp-content\/uploads\/2026\/02\/3o-Ano-Planejamento-de-Geografia-1o-Trimestre-corrigido.docx-Google-Docs-1.pdf\" class=\"wp-block-file__button wp-element-button\" download aria-describedby=\"wp-block-file--media-7be3e0bc-9b09-400a-8d99-150e0cc48284\">Baixar<\/a><\/div>\n\n\n\n<p class=\"has-white-color has-midnight-gradient-background has-text-color has-background has-link-color wp-elements-a05b74922f5f054aeea3a39c616d74ec\">HIST\u00d3RIA <\/p>\n\n\n\n<div data-wp-interactive=\"core\/file\" class=\"wp-block-file\"><object data-wp-bind--hidden=\"!state.hasPdfPreview\" hidden class=\"wp-block-file__embed\" data=\"https:\/\/educacaocacador.com.br\/wp-content\/uploads\/2026\/02\/3o-Ano-Planejamento-Historia.pdf\" type=\"application\/pdf\" style=\"width:100%;height:600px\" aria-label=\"Incorporado de 3\u00ba Ano - Planejamento - Hist\u00f3ria.\"><\/object><a id=\"wp-block-file--media-478f0d6a-3e0f-4997-b203-f1730e7872ba\" href=\"https:\/\/educacaocacador.com.br\/wp-content\/uploads\/2026\/02\/3o-Ano-Planejamento-Historia.pdf\">3\u00ba Ano &#8211; Planejamento &#8211; Hist\u00f3ria<\/a><a href=\"https:\/\/educacaocacador.com.br\/wp-content\/uploads\/2026\/02\/3o-Ano-Planejamento-Historia.pdf\" class=\"wp-block-file__button wp-element-button\" download aria-describedby=\"wp-block-file--media-478f0d6a-3e0f-4997-b203-f1730e7872ba\">Baixar<\/a><\/div>\n\n\n\n<p class=\"has-white-color has-midnight-gradient-background has-text-color has-background has-link-color wp-elements-de4445ab4d8aa3f21b6f249d2757450d\">L\u00cdNGUA INGLESA<\/p>\n\n\n\n<div data-wp-interactive=\"core\/file\" class=\"wp-block-file\"><object data-wp-bind--hidden=\"!state.hasPdfPreview\" hidden class=\"wp-block-file__embed\" data=\"https:\/\/educacaocacador.com.br\/wp-content\/uploads\/2026\/02\/LINGUA-INGLESA-PLANEJAMENTO-ANUAL-2026-1-ao-5-ano.docx-2.pdf\" type=\"application\/pdf\" style=\"width:100%;height:600px\" aria-label=\"Incorporado de _L\u00cdNGUA INGLESA - PLANEJAMENTO ANUAL - 2026 - 1 ao 5 ano.docx.\"><\/object><a id=\"wp-block-file--media-18e60f92-1dea-44c9-8731-b5257c49a922\" href=\"https:\/\/educacaocacador.com.br\/wp-content\/uploads\/2026\/02\/LINGUA-INGLESA-PLANEJAMENTO-ANUAL-2026-1-ao-5-ano.docx-2.pdf\">_L\u00cdNGUA INGLESA &#8211; PLANEJAMENTO ANUAL &#8211; 2026 &#8211; 1 ao 5 ano.docx<\/a><a href=\"https:\/\/educacaocacador.com.br\/wp-content\/uploads\/2026\/02\/LINGUA-INGLESA-PLANEJAMENTO-ANUAL-2026-1-ao-5-ano.docx-2.pdf\" class=\"wp-block-file__button wp-element-button\" download aria-describedby=\"wp-block-file--media-18e60f92-1dea-44c9-8731-b5257c49a922\">Baixar<\/a><\/div>\n\n\n\n<p class=\"has-white-color has-midnight-gradient-background has-text-color has-background has-link-color wp-elements-5d21da44d0023f23c7db7c38b6254611\">L\u00cdNGUA PORTUGUESA <\/p>\n\n\n\n<div data-wp-interactive=\"core\/file\" class=\"wp-block-file\"><object data-wp-bind--hidden=\"!state.hasPdfPreview\" hidden class=\"wp-block-file__embed\" data=\"https:\/\/educacaocacador.com.br\/wp-content\/uploads\/2026\/02\/3o-Ano-Planejamento-Lingua-Portuguesa-.pdf\" type=\"application\/pdf\" style=\"width:100%;height:600px\" aria-label=\"Incorporado de 3\u00ba Ano - Planejamento - L\u00edngua Portuguesa.\"><\/object><a id=\"wp-block-file--media-fb501d7a-5de0-4076-8a7e-0f2569f8f980\" href=\"https:\/\/educacaocacador.com.br\/wp-content\/uploads\/2026\/02\/3o-Ano-Planejamento-Lingua-Portuguesa-.pdf\">3\u00ba Ano &#8211; Planejamento &#8211; L\u00edngua Portuguesa<\/a><a href=\"https:\/\/educacaocacador.com.br\/wp-content\/uploads\/2026\/02\/3o-Ano-Planejamento-Lingua-Portuguesa-.pdf\" class=\"wp-block-file__button wp-element-button\" download aria-describedby=\"wp-block-file--media-fb501d7a-5de0-4076-8a7e-0f2569f8f980\">Baixar<\/a><\/div>\n\n\n\n<p class=\"has-white-color has-midnight-gradient-background has-text-color has-background has-link-color wp-elements-1b7dd1768815ddba7798c8a9f233e229\">MATEM\u00c1TICA <\/p>\n\n\n\n<div data-wp-interactive=\"core\/file\" class=\"wp-block-file\"><object data-wp-bind--hidden=\"!state.hasPdfPreview\" hidden class=\"wp-block-file__embed\" data=\"https:\/\/educacaocacador.com.br\/wp-content\/uploads\/2026\/02\/3o-Ano-Planejamento-Matematica.pdf\" type=\"application\/pdf\" style=\"width:100%;height:600px\" aria-label=\"Incorporado de 3\u00ba Ano - Planejamento - Matem\u00e1tica.\"><\/object><a id=\"wp-block-file--media-d5ad9227-cd1c-4292-ba92-ba8fa3902e8d\" href=\"https:\/\/educacaocacador.com.br\/wp-content\/uploads\/2026\/02\/3o-Ano-Planejamento-Matematica.pdf\">3\u00ba Ano &#8211; Planejamento &#8211; Matem\u00e1tica<\/a><a href=\"https:\/\/educacaocacador.com.br\/wp-content\/uploads\/2026\/02\/3o-Ano-Planejamento-Matematica.pdf\" class=\"wp-block-file__button wp-element-button\" download aria-describedby=\"wp-block-file--media-d5ad9227-cd1c-4292-ba92-ba8fa3902e8d\">Baixar<\/a><\/div>\n","protected":false},"excerpt":{"rendered":"<p>ARTE CI\u00caNCIAS EDUCA\u00c7\u00c3O F\u00cdSICA ENSINO RELIGIOSO FILOSOFIA GEOGRAFIA HIST\u00d3RIA L\u00cdNGUA INGLESA L\u00cdNGUA PORTUGUESA MATEM\u00c1TICA<\/p>\n","protected":false},"author":1,"featured_media":0,"parent":0,"menu_order":0,"comment_status":"closed","ping_status":"closed","template":"","meta":{"_acf_changed":false,"footnotes":""},"class_list":["post-123","page","type-page","status-publish","hentry"],"acf":[],"_links":{"self":[{"href":"https:\/\/educacaocacador.com.br\/index.php?rest_route=\/wp\/v2\/pages\/123","targetHints":{"allow":["GET"]}}],"collection":[{"href":"https:\/\/educacaocacador.com.br\/index.php?rest_route=\/wp\/v2\/pages"}],"about":[{"href":"https:\/\/educacaocacador.com.br\/index.php?rest_route=\/wp\/v2\/types\/page"}],"author":[{"embeddable":true,"href":"https:\/\/educacaocacador.com.br\/index.php?rest_route=\/wp\/v2\/users\/1"}],"replies":[{"embeddable":true,"href":"https:\/\/educacaocacador.com.br\/index.php?rest_route=%2Fwp%2Fv2%2Fcomments&post=123"}],"version-history":[{"count":25,"href":"https:\/\/educacaocacador.com.br\/index.php?rest_route=\/wp\/v2\/pages\/123\/revisions"}],"predecessor-version":[{"id":3239,"href":"https:\/\/educacaocacador.com.br\/index.php?rest_route=\/wp\/v2\/pages\/123\/revisions\/3239"}],"wp:attachment":[{"href":"https:\/\/educacaocacador.com.br\/index.php?rest_route=%2Fwp%2Fv2%2Fmedia&parent=123"}],"curies":[{"name":"wp","href":"https:\/\/api.w.org\/{rel}","templated":true}]}}